
{"id":1030,"date":"2018-02-15T14:49:48","date_gmt":"2018-02-15T13:49:48","guid":{"rendered":"http:\/\/www.tuseni.cz\/?page_id=1030"},"modified":"2020-08-26T09:39:55","modified_gmt":"2020-08-26T08:39:55","slug":"aktuality-2017","status":"publish","type":"page","link":"https:\/\/www.tuseni.cz\/index.php\/aktuality-2021-2022\/aktuality-2017\/","title":{"rendered":"Aktuality 2017"},"content":{"rendered":"<p>sobota 21.10. | 15:00 | D\u00fd\u0148ovi\u0161t\u011b<\/p>\n<h6>Sv\u00e1tek sv\u011btel a&nbsp;d\u00fdn\u00ed,<\/h6>\n<p>v sobotu 21.&nbsp;10.&nbsp;od 15:00 na D\u00fd\u0148ovi\u0161ti. \u00a0P\u0159i nep\u0159\u00edzni po\u010das\u00ed v&nbsp;Koteln\u011b.<\/p>\n<hr \/>\n<p>p\u00e1tek 20.&nbsp;10. | 15:00 | Kotelna<\/p>\n<h6>d\u00edlna LAMPIONOV\u00c1<\/h6>\n<p>Otev\u0159en\u00e1 v\u00fdtvarn\u00e1\u00a0<b>d\u00edlna LAMPIONOV\u00c1<\/b>\u00a0v<b>\u00a0p\u00e1tek 20.10.\u00a0<\/b>15:00-17:15 v&nbsp;Koteln\u011b.<\/p>\n<hr \/>\n<p>Sobota 7.10.\u00a0odpoledne\u00a0<b>Gul\u00e1\u0161 Fest\u00a0<\/b>a vyhodnocen\u00ed fotosout\u011b\u017ee.<\/p>\n<hr \/>\n<p>pond\u011bl\u00ed\u00a025.&nbsp;9. | 18:00 | kostel sv. V\u00edta<a href=\"http:\/\/www.tuseni.cz\/wp-content\/uploads\/2017\/09\/varhani-koncert-2017-09.jpg\"><img loading=\"lazy\" decoding=\"async\" class=\"alignright wp-image-747 \" src=\"http:\/\/www.tuseni.cz\/wp-content\/uploads\/2017\/09\/varhani-koncert-2017-09-212x300.jpg\" alt=\"varhani-koncert-2017-09\" width=\"135\" height=\"191\" srcset=\"https:\/\/www.tuseni.cz\/wp-content\/uploads\/2017\/09\/varhani-koncert-2017-09-212x300.jpg 212w, https:\/\/www.tuseni.cz\/wp-content\/uploads\/2017\/09\/varhani-koncert-2017-09-768x1086.jpg 768w, https:\/\/www.tuseni.cz\/wp-content\/uploads\/2017\/09\/varhani-koncert-2017-09-724x1024.jpg 724w, https:\/\/www.tuseni.cz\/wp-content\/uploads\/2017\/09\/varhani-koncert-2017-09-250x354.jpg 250w, https:\/\/www.tuseni.cz\/wp-content\/uploads\/2017\/09\/varhani-koncert-2017-09.jpg 1200w\" sizes=\"auto, (max-width: 135px) 100vw, 135px\" \/><\/a><\/p>\n<h6>Varhann\u00ed koncert<\/h6>\n<p><b>Varhann\u00ed koncert\u00a0<\/b>s exkurz\u00ed a&nbsp;pov\u00edd\u00e1n\u00edm nejen o&nbsp;varhan\u00e1ch<br \/>\nv&nbsp;pond\u011bl\u00ed\u00a0<b>25.9.&nbsp;od 18:00\u00a0<\/b>v kostele sv. V\u00edta.<\/p>\n<hr \/>\n<p><a href=\"http:\/\/www.tuseni.cz\/wp-content\/uploads\/2017\/09\/spejerska-dilna-2017.jpg\"><img loading=\"lazy\" decoding=\"async\" class=\"alignleft wp-image-748 \" style=\"padding-right: 10px;\" src=\"http:\/\/www.tuseni.cz\/wp-content\/uploads\/2017\/09\/spejerska-dilna-2017-300x212.jpg\" alt=\"spejerska-dilna-2017\" width=\"178\" height=\"126\" srcset=\"https:\/\/www.tuseni.cz\/wp-content\/uploads\/2017\/09\/spejerska-dilna-2017-300x212.jpg 300w, https:\/\/www.tuseni.cz\/wp-content\/uploads\/2017\/09\/spejerska-dilna-2017-768x543.jpg 768w, https:\/\/www.tuseni.cz\/wp-content\/uploads\/2017\/09\/spejerska-dilna-2017-1024x724.jpg 1024w, https:\/\/www.tuseni.cz\/wp-content\/uploads\/2017\/09\/spejerska-dilna-2017-250x177.jpg 250w, https:\/\/www.tuseni.cz\/wp-content\/uploads\/2017\/09\/spejerska-dilna-2017.jpg 1600w\" sizes=\"auto, (max-width: 178px) 100vw, 178px\" \/><\/a>p\u00e1tek 22.&nbsp;9.\u00a0| 15:00 | Kotelna<\/p>\n<h6>d\u00edlna SPREJERSK\u00c1<\/h6>\n<p>Otev\u0159en\u00e1 v\u00fdtvarn\u00e1<b>\u00a0d\u00edlna SPREJERSK\u00c1<\/b><br \/>\nv\u00a0<b>p\u00e1tek 22.9.<\/b>\u00a015:00-17:15 v&nbsp;Koteln\u011b.<\/p>\n<hr \/>\n<p>28.&nbsp;8.\u20131.&nbsp;9. | 8:30\u201316:30<\/p>\n<p>Pr\u00e1zdniny se bl\u00ed\u017e\u00ed, p\u0159ichystali jsme pro va\u0161e d\u011bti<strong> p\u0159\u00edm\u011bstsk\u00fd t\u00e1bor<\/strong>:<\/p>\n<h6><a href=\"http:\/\/www.tuseni.cz\/wp-content\/uploads\/2015\/11\/Primestsky-tabor.png\"><img loading=\"lazy\" decoding=\"async\" class=\"wp-image-620 alignright\" src=\"http:\/\/www.tuseni.cz\/wp-content\/uploads\/2015\/11\/Primestsky-tabor-212x300.png\" alt=\"primestsky-tabor\" width=\"120\" height=\"170\" srcset=\"https:\/\/www.tuseni.cz\/wp-content\/uploads\/2015\/11\/Primestsky-tabor-212x300.png 212w, https:\/\/www.tuseni.cz\/wp-content\/uploads\/2015\/11\/Primestsky-tabor-768x1086.png 768w, https:\/\/www.tuseni.cz\/wp-content\/uploads\/2015\/11\/Primestsky-tabor-724x1024.png 724w, https:\/\/www.tuseni.cz\/wp-content\/uploads\/2015\/11\/Primestsky-tabor-250x354.png 250w\" sizes=\"auto, (max-width: 120px) 100vw, 120px\" \/><\/a>O zv\u00ed\u0159atech a&nbsp;lidech<\/h6>\n<p>N\u00e1pl\u0148: v\u00fdletn\u00ed, hrav\u011b tvo\u0159iv\u00e1, anglicko &#8211; dramaticko &#8211; v\u00fdtvarn\u00e1.<br \/>\nLekto\u0159i: zn\u00e1te z&nbsp;na\u0161ich krou\u017ek\u016f:<br \/>\nMartina Zp\u011bv\u00e1kov\u00e1+Zuza Vodov\u00e1 &#8211; angli\u010dtina a&nbsp;v\u00fdlety,<br \/>\n\u00c1ja Mare\u010dkov\u00e1 + M\u00ed\u0161a T\u016fmov\u00e1 &#8211; drama a&nbsp;v\u00fdtvarka a&nbsp;v\u00fdlety<br \/>\nStrava pestr\u00e1 zaji\u0161t\u011bna.<br \/>\nPos\u00edlejte p\u0159ihl\u00e1\u0161ky, po\u010det d\u011bt\u00ed omezen.<\/p>\n<hr \/>\n<p>18.&nbsp;6. | kl\u00e1\u0161ter<\/p>\n<h6>Pou\u0165 v&nbsp;kl\u00e1\u0161te\u0159e v&nbsp;Tuchom\u011b\u0159ic\u00edch<\/h6>\n<ul>\n<li><strong>14:00 Koncert<\/strong><br \/>\nd\u011btsk\u00fd sbor La Folia a&nbsp;host\u00e9<\/li>\n<li><strong>16:00 Divadlo<\/strong><br \/>\nfrekventanti dramatick\u00e9ho krou\u017eku D.Atel p\u0159edvedou sv\u00e9 vystoupen\u00ed na t\u00e9ma: tat\u00ednek<\/li>\n<li><strong>17:00 Dernis\u00e1\u017e &#8211; Aukce<\/strong><br \/>\nv\u00fdstavy v\u00fdtvarn\u00e9ho krou\u017eku Machovy prou\u017eky, dra\u017eba vybran\u00fdch d\u011bl<\/li>\n<\/ul>\n<hr \/>\n<p>9.&nbsp;6. | S\u00fdpka, kostel ve St\u0159edokluk\u00e1ch a&nbsp;kostel sv. V\u00edta v&nbsp;Tuchom\u011b\u0159ic\u00edch<\/p>\n<h6>Noc kostel\u016f<\/h6>\n<ul>\n<li>16:00 vernis\u00e1\u017e z&nbsp;prac\u00ed d\u011bt\u00ed v\u00fdtvarn\u00e9ho krou\u017eku &#8211; Machovy prou\u017eky v&nbsp;s\u00fdpce Tuchom\u011b\u0159ick\u00e9ho kl\u00e1\u0161tera<\/li>\n<li>18:00 koncert sm\u00ed\u0161en\u00e9ho sboru La Folia v&nbsp;kostele ve St\u0159edokluk\u00e1ch<\/li>\n<li>19:30 koncert sm\u00ed\u0161en\u00e9ho sboru La Folia v&nbsp;kostele sv. V\u00edta Tuchom\u011b\u0159ic\u00edch<\/li>\n<\/ul>\n<hr \/>\n<p><a href=\"http:\/\/www.tuseni.cz\/wp-content\/uploads\/2017\/05\/ceskoslovensky-koncert.jpg\"><img loading=\"lazy\" decoding=\"async\" class=\"wp-image-642 alignright\" style=\"margin-bottom: 10px;\" src=\"http:\/\/www.tuseni.cz\/wp-content\/uploads\/2017\/05\/ceskoslovensky-koncert-212x300.jpg\" alt=\"\" width=\"130\" height=\"184\" \/><\/a><\/p>\n<p>13.&nbsp;5. | 18:00 | kostel sv. V\u00edta<\/p>\n<h6>N\u00e1rodn\u00ed divadlo v&nbsp;Tuchom\u011b\u0159ic\u00edch aneb \u010ceskoslovensk\u00fd koncert,<\/h6>\n<p>hv\u011bzdy opern\u00edho nebe Roman Jan\u00e1l, Peter Mikul\u00e1\u0161,<br \/>\nvarhan\u00edk Jan Kalfus<br \/>\na&nbsp;s&nbsp;nimi sbory AD HOC (SR) a&nbsp;LA FOLIA (\u010cR)<br \/>\nv&nbsp;kostele sv. V\u00edta v&nbsp;Tuchom\u011b\u0159ic\u00edch<\/p>\n<hr style=\"clear: both;\" \/>\n<p>sobota 13.&nbsp;5. | 9:00 -12:00 | Kotelna\u00a0(\u0160koln\u00ed 70, Tuchom\u011b\u0159ice)<\/p>\n<h6>FOTO semin\u00e1\u0159 s&nbsp;Ros\u0165ou Ky\u0161ou<\/h6>\n<p><strong>focen\u00ed v&nbsp;plein airu<\/strong>, p\u0159i nep\u0159\u00edzni po\u010das\u00ed portr\u00e9t<br \/>\nCena: 250,- K\u010d<\/p>\n<hr \/>\n<p>1.&nbsp;3. | 13:30-15:30 | Kotelna<\/p>\n<h6>Bookshop<\/h6>\n<p>U prilezitosti Svetoveho dne knihy<a href=\"http:\/\/www.worldbookday.com\/\"> http:\/\/www.worldbookday.com\/<\/a><br \/>\nporadame ve stredu 1.&nbsp;3.&nbsp;2017 od 13:30 do 15:30 mal\u00fd prodejn\u00ed st\u00e1nek s&nbsp;anglick\u00fdmi knihami.<\/p>\n<p>P\u0159ij\u010fte, jste srde\u010dn\u011b zv\u00e1ni.\u00a0K\u00e1va a&nbsp;muffin pro rodi\u010de a&nbsp;d\u011bti zdarma.<\/p>\n<hr \/>\n<p>POZOR!<br \/>\npr\u00e1zdninov\u00fd provoz<\/p>\n<p>6.&nbsp;2. | d\u011btsk\u00fd sbor <strong>odpad\u00e1<\/strong><br \/>\n13.&nbsp;2. \u2013 17.&nbsp;2. | <strong>pr\u00e1zdniny<\/strong> pro v\u0161echny krou\u017eky<\/p>\n<p>Foto krou\u017eek pokra\u010duje 4.&nbsp;3.&nbsp;sobota dopoledne s&nbsp;Ros\u0165ou Ky\u0161ou<br \/>\nSm\u00ed\u0161en\u00fd sbor pokra\u010duje od 5.&nbsp;3.<\/p>\n<hr \/>\n<p>sobota 25.&nbsp;2.<\/p>\n<h6>MASOPUST !<\/h6>\n<p>texty p\u00edsn\u00ed a&nbsp;nahr\u00e1vky stahujte <a href=\"http:\/\/www.tuseni.cz\/wp-content\/uploads\/2017\/02\/masopust.zip\">zde<\/a>.<\/p>\n<hr \/>\n<p style=\"text-align: left;\" align=\"center\">20.&nbsp;1. | 15:00\u201320:00 |<\/p>\n<h6 style=\"text-align: left;\" align=\"center\">V\u00fdtvarn\u00e1 d\u00edlna Masopustn\u00ed II.<\/h6>\n<hr \/>\n<p style=\"text-align: left;\" align=\"center\">13.&nbsp;1.&nbsp;2017 | 15:00\u201320:00 |<\/p>\n<h6 style=\"text-align: left;\" align=\"center\">V\u00fdtvarn\u00e1 d\u00edlna Masopustn\u00ed I.<\/h6>\n<p style=\"text-align: left;\" align=\"center\">\u2013 do masopustn\u00edho pr\u016fvodu n\u00e1m sch\u00e1z\u00ed velk\u00e9 postavy, zv\u00ed\u0159ata, p\u0159\u00ed\u0161ery, fantazijn\u00ed postavy v&nbsp;nad\u017eivotn\u00ed velikosti.<br \/>\nDejme Tuchom\u011b\u0159ick\u00e9mu masopustu punc originality.<\/p>","protected":false},"excerpt":{"rendered":"<p>sobota 21.10. | 15:00 | D\u00fd\u0148ovi\u0161t\u011b Sv\u00e1tek sv\u011btel a&nbsp;d\u00fdn\u00ed, v&nbsp;sobotu 21.&nbsp;10.&nbsp;od 15:00 na D\u00fd\u0148ovi\u0161ti. \u00a0P\u0159i nep\u0159\u00edzni po\u010das\u00ed v&nbsp;Koteln\u011b. p\u00e1tek 20.&nbsp;10. | 15:00 | Kotelna d\u00edlna LAMPIONOV\u00c1 Otev\u0159en\u00e1 v\u00fdtvarn\u00e1\u00a0d\u00edlna LAMPIONOV\u00c1\u00a0v\u00a0p\u00e1tek 20.10.\u00a015:00-17:15 v&nbsp;Koteln\u011b. Sobota 7.10.\u00a0odpoledne\u00a0Gul\u00e1\u0161 Fest\u00a0a vyhodnocen\u00ed fotosout\u011b\u017ee. pond\u011bl\u00ed\u00a025.&nbsp;9. | 18:00 | kostel sv. V\u00edta Varhann\u00ed koncert Varhann\u00ed koncert\u00a0s exkurz\u00ed a&nbsp;pov\u00edd\u00e1n\u00edm nejen o&nbsp;varhan\u00e1ch v&nbsp;pond\u011bl\u00ed\u00a025.9.&nbsp;od 18:00\u00a0v kostele [&hellip;]<\/p>","protected":false},"author":1,"featured_media":0,"parent":1736,"menu_order":0,"comment_status":"closed","ping_status":"closed","template":"main.php","meta":{"footnotes":""},"class_list":["post-1030","page","type-page","status-publish","hentry"],"_links":{"self":[{"href":"https:\/\/www.tuseni.cz\/index.php\/wp-json\/wp\/v2\/pages\/1030","targetHints":{"allow":["GET"]}}],"collection":[{"href":"https:\/\/www.tuseni.cz\/index.php\/wp-json\/wp\/v2\/pages"}],"about":[{"href":"https:\/\/www.tuseni.cz\/index.php\/wp-json\/wp\/v2\/types\/page"}],"author":[{"embeddable":true,"href":"https:\/\/www.tuseni.cz\/index.php\/wp-json\/wp\/v2\/users\/1"}],"replies":[{"embeddable":true,"href":"https:\/\/www.tuseni.cz\/index.php\/wp-json\/wp\/v2\/comments?post=1030"}],"version-history":[{"count":3,"href":"https:\/\/www.tuseni.cz\/index.php\/wp-json\/wp\/v2\/pages\/1030\/revisions"}],"predecessor-version":[{"id":1035,"href":"https:\/\/www.tuseni.cz\/index.php\/wp-json\/wp\/v2\/pages\/1030\/revisions\/1035"}],"up":[{"embeddable":true,"href":"https:\/\/www.tuseni.cz\/index.php\/wp-json\/wp\/v2\/pages\/1736"}],"wp:attachment":[{"href":"https:\/\/www.tuseni.cz\/index.php\/wp-json\/wp\/v2\/media?parent=1030"}],"curies":[{"name":"wp","href":"https:\/\/api.w.org\/{rel}","templated":true}]}}