
{"id":1128,"date":"2018-08-28T16:07:55","date_gmt":"2018-08-28T15:07:55","guid":{"rendered":"http:\/\/www.tuseni.cz\/?page_id=1128"},"modified":"2020-08-26T09:39:55","modified_gmt":"2020-08-26T08:39:55","slug":"aktuality-2018","status":"publish","type":"page","link":"https:\/\/www.tuseni.cz\/index.php\/aktuality-2021-2022\/aktuality-2018\/","title":{"rendered":"Aktuality 2018"},"content":{"rendered":"<h3 style=\"text-align: left;\" align=\"center\">2018<\/h3>\n<p align=\"center\">Kdo jste tak je\u0161t\u011b neu\u010dinil, pros\u00edme, <strong>uhra\u010fte kurzovn\u00e9<\/strong> na 2.&nbsp;pololet\u00ed na bankovn\u00ed \u00fa\u010det: <strong>2000824076\/2010 <\/strong>nejpozd\u011bji do 15.2.&nbsp;2018, podle aktu\u00e1ln\u00edch cen na <a href=\"http:\/\/www.tuseni.cz\/index.php\/kurzy-lektori\/\">www.tuseni.cz!<br \/>\n<\/a>Do zpr\u00e1vy p\u0159\u00edjemci napi\u0161te n\u00e1zev krou\u017eku + jm\u00e9no \u00fa\u010dastn\u00edka. D\u011aKUJEME<\/p>\n<hr \/>\n<p>Kr\u00e1sn\u00fd nov\u00fd rok s&nbsp;Tu\u0161en\u00edm i&nbsp;bez<\/p>\n<p><a href=\"http:\/\/www.tuseni.cz\/wp-content\/uploads\/2018\/01\/Tuseni_PF-2018.jpg\"><img loading=\"lazy\" decoding=\"async\" class=\"wp-image-961 size-thumbnail alignnone\" src=\"http:\/\/www.tuseni.cz\/wp-content\/uploads\/2018\/01\/Tuseni_PF-2018-150x150.jpg\" alt=\"\" width=\"150\" height=\"150\" \/><\/a><\/p>\n<hr \/>\n<p>7<a href=\"http:\/\/www.tuseni.cz\/wp-content\/uploads\/2015\/11\/Dobra-novina_2017.jpg\"><img loading=\"lazy\" decoding=\"async\" class=\"alignright wp-image-962 \" src=\"http:\/\/www.tuseni.cz\/wp-content\/uploads\/2015\/11\/Dobra-novina_2017-211x300.jpg\" alt=\"\" width=\"141\" height=\"200\" srcset=\"https:\/\/www.tuseni.cz\/wp-content\/uploads\/2015\/11\/Dobra-novina_2017-211x300.jpg 211w, https:\/\/www.tuseni.cz\/wp-content\/uploads\/2015\/11\/Dobra-novina_2017-768x1090.jpg 768w, https:\/\/www.tuseni.cz\/wp-content\/uploads\/2015\/11\/Dobra-novina_2017-722x1024.jpg 722w, https:\/\/www.tuseni.cz\/wp-content\/uploads\/2015\/11\/Dobra-novina_2017-250x355.jpg 250w, https:\/\/www.tuseni.cz\/wp-content\/uploads\/2015\/11\/Dobra-novina_2017.jpg 1170w\" sizes=\"auto, (max-width: 141px) 100vw, 141px\" \/><\/a>. 1.&nbsp;2018 | 17:00 | Z\u00e1me\u010dek Roztoky<\/p>\n<h6>Koncert T\u0159\u00edkr\u00e1lov\u00fd<\/h6>\n<p>zp\u011bv\u00e1ci z&nbsp;Tuchom\u011b\u0159ic a&nbsp;Roztok se dali dohromady a&nbsp;spole\u010dn\u011b zazp\u00edvaj\u00ed<br \/>\nv&nbsp;Roztok\u00e1ch na z\u00e1me\u010dku &#8211; Local Vocal + Rezekv\u00edtek + La Folia<\/p>\n<hr \/>\n<p>Chyst\u00e1me MASOPUST a&nbsp;s&nbsp;n\u00edm op\u011bt masky, kter\u00e9 zn\u00e1te i&nbsp;novinky.<\/p>\n<hr \/>\n<p><strong>V\u0161em otev\u0159en\u00e9 v\u00fdtvarn\u00e9 d\u00edlny &#8222;Hmyz\u00ed letka&#8220;<\/strong> <strong>5.1.&nbsp;a&nbsp;19.1.<br \/>\nv&nbsp;Koteln\u011b od 15:00!<\/strong><br \/>\nNejv\u011bt\u0161\u00ed z\u00e1bava je p\u0159i p\u0159\u00edprav\u00e1ch, p\u0159ij\u010fte to za\u017e\u00edt, p\u0159i\u0161\u00edt, oblepit, zabzu\u010det!<\/p>\n<hr \/>\n<h6>MASOPUST<a href=\"http:\/\/www.tuseni.cz\/wp-content\/uploads\/2018\/01\/Masopust_plakat_2018.jpg\"><img loading=\"lazy\" decoding=\"async\" class=\" wp-image-980 alignright\" src=\"http:\/\/www.tuseni.cz\/wp-content\/uploads\/2018\/01\/Masopust_plakat_2018-212x300.jpg\" alt=\"\" width=\"136\" height=\"192\" srcset=\"https:\/\/www.tuseni.cz\/wp-content\/uploads\/2018\/01\/Masopust_plakat_2018-212x300.jpg 212w, https:\/\/www.tuseni.cz\/wp-content\/uploads\/2018\/01\/Masopust_plakat_2018-768x1086.jpg 768w, https:\/\/www.tuseni.cz\/wp-content\/uploads\/2018\/01\/Masopust_plakat_2018-724x1024.jpg 724w, https:\/\/www.tuseni.cz\/wp-content\/uploads\/2018\/01\/Masopust_plakat_2018-250x354.jpg 250w, https:\/\/www.tuseni.cz\/wp-content\/uploads\/2018\/01\/Masopust_plakat_2018.jpg 1131w\" sizes=\"auto, (max-width: 136px) 100vw, 136px\" \/><\/a><\/h6>\n<p>Masopust v&nbsp;Tuchom\u011b\u0159ic\u00edch bude 20.&nbsp;1.&nbsp;2018<\/p>\n<p>&nbsp;<\/p>\n<hr \/>\n<p>16.&nbsp;2. | p\u00e1tek | 14:00 |<a href=\"http:\/\/www.tuseni.cz\/wp-content\/uploads\/2018\/02\/Kungfu_plakat.jpg\"><img loading=\"lazy\" decoding=\"async\" class=\"wp-image-992 alignleft\" style=\"padding-right: 10px;\" src=\"http:\/\/www.tuseni.cz\/wp-content\/uploads\/2018\/02\/Kungfu_plakat-212x300.jpg\" alt=\"\" width=\"183\" height=\"259\" srcset=\"https:\/\/www.tuseni.cz\/wp-content\/uploads\/2018\/02\/Kungfu_plakat-212x300.jpg 212w, https:\/\/www.tuseni.cz\/wp-content\/uploads\/2018\/02\/Kungfu_plakat-768x1086.jpg 768w, https:\/\/www.tuseni.cz\/wp-content\/uploads\/2018\/02\/Kungfu_plakat-724x1024.jpg 724w, https:\/\/www.tuseni.cz\/wp-content\/uploads\/2018\/02\/Kungfu_plakat-250x354.jpg 250w, https:\/\/www.tuseni.cz\/wp-content\/uploads\/2018\/02\/Kungfu_plakat.jpg 1200w\" sizes=\"auto, (max-width: 183px) 100vw, 183px\" \/><\/a><\/p>\n<h6>Oslava za\u010d\u00e1tku nov\u00e9ho \u010d\u00ednsk\u00e9ho roku s&nbsp;Kung Fu Panda<\/h6>\n<p>KUNG FU panda v\u00e1s zve na\u00a0 oslavu\u00a0 za\u010d\u00e1tku nov\u00e9ho \u010d\u00ednsk\u00e9ho roku zemn\u00edho psa, otev\u0159en\u00e1 hodina pro v\u0161echny zv\u011bdav\u00e9, pro rodi\u010de a&nbsp;p\u0159\u00e1tele, kamar\u00e1dy s&nbsp;poho\u0161t\u011bn\u00edm, pov\u00edd\u00e1n\u00edm a&nbsp;uk\u00e1zkami, co v\u0161echno na\u0161i bojovn\u00edci u\u017e um\u00ed + h\u0159ejiv\u00e9 p\u0159ekvapen\u00ed.<\/p>\n<p>16.&nbsp;2.\u00a0| 14:00\u201317:00 | Kotelna<\/p>\n<h6>Otev\u0159en\u00e1 v\u00fdtvarn\u00e1 d\u00edlna<\/h6>\n<p>v r\u00e1mci oslavy nov\u00e9ho \u010d\u00ednsk\u00e9ho roku &#8211; Zemn\u00ed pes<\/p>\n<p>Fotografie z&nbsp;akce <a href=\"http:\/\/www.tuseni.cz\/index.php\/galerie\/16-2-2018-oslava-zacatku-noveho-cinskeho-roku-s-kung-fu-panda\/\">zde<\/a>.<\/p>\n<hr \/>\n<p>2.&nbsp;3. | 15:00 \u2013 17:15 | Kotelna<\/p>\n<h6>v\u00fdtvarn\u00e1 odpoledne s&nbsp;M\u00ed\u0161ou T\u016fmovou<\/h6>\n<hr \/>\n<p>9.&nbsp;3. | 15:00 \u2013 17:15 | Kotelna<\/p>\n<h6>v\u00fdtvarn\u00e1 odpoledne s&nbsp;M\u00ed\u0161ou T\u016fmovou<\/h6>\n<hr \/>\n<p>20.&nbsp;3. | \u00fater\u00fd | 16:00<\/p>\n<h6>Smrtku ze vsi vyneseme &#8211; pr\u016fvod<\/h6>\n<p>pr\u016fvodem p\u016fjdeme od Kotelny ke \u0161kolce pod\u00e9l potoka a&nbsp;ulic\u00ed Za Kostelem k&nbsp;D\u00fd\u0148ovi\u0161ti, tam smrtku sp\u00e1l\u00edme a&nbsp;odneseme si &#8222;barevn\u00e9 l\u00edte\u010dko&#8220; (ozdobenou vrbovou v\u011bt\u00e9vku &#8211; v\u011btev)\u00a0 nazp\u011bt ke Koteln\u011b. Budeme moc r\u00e1di, pokud se s&nbsp;n\u00e1mi pr\u016fvodu z\u00fa\u010dastn\u00edte, jinak si pros\u00edm d\u011bti vyzvedn\u011bte kolem 17:45 u&nbsp;Kotelny. Pr\u016fvodu se budou \u00fa\u010dastnit jak d\u011bti z&nbsp;mal\u00e9ho sboru tak z&nbsp;velk\u00e9ho i&nbsp;z&nbsp;pohybov\u00e9ho studia. Pros\u00edm, tedy velk\u00e9 d\u011bti, aby p\u0159i\u0161li ji\u017e v&nbsp;16:00 do kotelny.<\/p>\n<hr \/>\n<p><a href=\"http:\/\/www.tuseni.cz\/wp-content\/uploads\/2018\/03\/velikonocni_jarmark_2018.jpg\"><img loading=\"lazy\" decoding=\"async\" class=\"size-medium wp-image-1076 alignright\" src=\"http:\/\/www.tuseni.cz\/wp-content\/uploads\/2018\/03\/velikonocni_jarmark_2018-212x300.jpg\" alt=\"\" width=\"212\" height=\"300\" srcset=\"https:\/\/www.tuseni.cz\/wp-content\/uploads\/2018\/03\/velikonocni_jarmark_2018-212x300.jpg 212w, https:\/\/www.tuseni.cz\/wp-content\/uploads\/2018\/03\/velikonocni_jarmark_2018-768x1086.jpg 768w, https:\/\/www.tuseni.cz\/wp-content\/uploads\/2018\/03\/velikonocni_jarmark_2018-724x1024.jpg 724w, https:\/\/www.tuseni.cz\/wp-content\/uploads\/2018\/03\/velikonocni_jarmark_2018-250x354.jpg 250w, https:\/\/www.tuseni.cz\/wp-content\/uploads\/2018\/03\/velikonocni_jarmark_2018.jpg 1500w\" sizes=\"auto, (max-width: 212px) 100vw, 212px\" \/><\/a><\/p>\n<p>24.&nbsp;3. | sobota | 10:00 |v Koteln\u011b a&nbsp;p\u0159ed Kotelnou<\/p>\n<h6>Velikono\u010dn\u00ed JARMARK<\/h6>\n<ul>\n<li>10:00-12:00 tvo\u0159iv\u00e9 d\u00edlny, vejce, v\u011bnce, tatary a&nbsp;jin\u00e9<br \/>\n+mal\u00e9 p\u0159ekvapen\u00ed &#8211; experimentov\u00e1n\u00ed pro d\u011bti s&nbsp;Martinou a&nbsp;\u00fa\u010dastn\u00edky Creative Workshop&#8230;<\/li>\n<li>14:00 <a href=\"http:\/\/www.divadlokampa.cz\/divadlo-kampa\/repertoar\/pro-deti\/item\/1094-o-psu-pes\">divadeln\u00ed p\u0159edstaven\u00ed<\/a><\/li>\n<li>15:00 hudebn\u00ed p\u0159ekvapen\u00ed<\/li>\n<\/ul>\n<p>velikono\u010dn\u00ed pun\u010d, pivo, limo, drobn\u00e9 ob\u010derstven\u00ed &#8230;<\/p>\n<p>24.&nbsp;3. | 10:00\u201312:00 | Kotelna<\/p>\n<h6>jarn\u011b velikono\u010dn\u00ed otev\u0159en\u00e1 d\u00edlna<\/h6>\n<p>v r\u00e1mci Velikono\u010dn\u00edho jarmarku<\/p>\n<hr \/>\n<p>6.&nbsp;4. | 15:00 \u2013 17:15 | Kotelna<\/p>\n<h6>v\u00fdtvarn\u00e1 odpoledne s&nbsp;M\u00ed\u0161ou T\u016fmovou<\/h6>\n<hr \/>\n<p>13.&nbsp;4. | 15:00 \u2013 17:15 | Kotelna<\/p>\n<h6>v\u00fdtvarn\u00e1 odpoledne s&nbsp;M\u00ed\u0161ou T\u016fmovou<\/h6>\n<hr \/>\n<p>23.&nbsp;4. | 18:00 | kostel sv. V\u00edta<a href=\"http:\/\/www.tuseni.cz\/wp-content\/uploads\/2018\/04\/Plakat_varhanni-koncert-2018_PKsica.jpg\"><img loading=\"lazy\" decoding=\"async\" class=\" wp-image-1098 alignright\" style=\"margin-left: 10px;\" src=\"http:\/\/www.tuseni.cz\/wp-content\/uploads\/2018\/04\/Plakat_varhanni-koncert-2018_PKsica-212x300.jpg\" alt=\"\" width=\"126\" height=\"178\" srcset=\"https:\/\/www.tuseni.cz\/wp-content\/uploads\/2018\/04\/Plakat_varhanni-koncert-2018_PKsica-212x300.jpg 212w, https:\/\/www.tuseni.cz\/wp-content\/uploads\/2018\/04\/Plakat_varhanni-koncert-2018_PKsica-768x1086.jpg 768w, https:\/\/www.tuseni.cz\/wp-content\/uploads\/2018\/04\/Plakat_varhanni-koncert-2018_PKsica-724x1024.jpg 724w, https:\/\/www.tuseni.cz\/wp-content\/uploads\/2018\/04\/Plakat_varhanni-koncert-2018_PKsica-250x354.jpg 250w\" sizes=\"auto, (max-width: 126px) 100vw, 126px\" \/><\/a><\/p>\n<h6>Varhann\u00ed koncert &#8211; P\u0159emysl K\u0161ica<\/h6>\n<p>na programu Bohuslav Mat\u011bj \u010cernohorsk\u00fd, Johann Pachelbel, Johan Sebastian Bach, Dietrich Buxtehude, ad.<\/p>\n<hr \/>\n<p>4.&nbsp;5.\u00a0| 15:00 \u2013 17:15 | Kotelna<\/p>\n<h6>v\u00fdtvarn\u00e1 odpoledne s&nbsp;M\u00ed\u0161ou T\u016fmovou<\/h6>\n<hr \/>\n<p>11.&nbsp;5. | 15:00 \u2013 17:15 | Kotelna<\/p>\n<h6>v\u00fdtvarn\u00e1 odpoledne s&nbsp;M\u00ed\u0161ou T\u016fmovou<\/h6>\n<hr \/>\n<p><a href=\"http:\/\/www.tuseni.cz\/wp-content\/uploads\/2018\/04\/plak\u00e1t-v\u00fdstava_3.jpg\"><img loading=\"lazy\" decoding=\"async\" class=\"wp-image-1094 alignright\" style=\"margin-left: 10px;\" src=\"http:\/\/www.tuseni.cz\/wp-content\/uploads\/2018\/04\/plak\u00e1t-v\u00fdstava_3-214x300.jpg\" alt=\"\" width=\"133\" height=\"186\" srcset=\"https:\/\/www.tuseni.cz\/wp-content\/uploads\/2018\/04\/plak\u00e1t-v\u00fdstava_3-214x300.jpg 214w, https:\/\/www.tuseni.cz\/wp-content\/uploads\/2018\/04\/plak\u00e1t-v\u00fdstava_3-768x1079.jpg 768w, https:\/\/www.tuseni.cz\/wp-content\/uploads\/2018\/04\/plak\u00e1t-v\u00fdstava_3-729x1024.jpg 729w, https:\/\/www.tuseni.cz\/wp-content\/uploads\/2018\/04\/plak\u00e1t-v\u00fdstava_3-250x351.jpg 250w\" sizes=\"auto, (max-width: 133px) 100vw, 133px\" \/><\/a>19.&nbsp;5. | sobota | 16:00 | S\u00fdpka<\/p>\n<h6>Vernis\u00e1\u017e v\u00fdstavy Tvary &#8211; Krajiny<\/h6>\n<p>P\u0159edstav\u00ed se v\u00e1m dva um\u011blci z&nbsp;Pazderny Veronika Seydlerov\u00e1 a&nbsp;jej\u00ed sochy, objekty, keramika a&nbsp;fotograf Rostislav Ky\u0161a. Aby byla mo\u017enost a&nbsp;d\u016fvod se op\u011btovn\u011b na v\u00fdstavu vr\u00e1tit, p\u0159ipravili jsme pro v\u00e1s dal\u0161\u00ed doprovodn\u00fd program: ve\u010der poetick\u00fd, ve\u010der jazzov\u00fd a&nbsp;ve\u010der filmov\u00fd, data budou up\u0159esn\u011bna.<\/p>\n<hr \/>\n<p>25.&nbsp;5.<\/p>\n<h6>NOC KOSTEL\u016e<\/h6>\n<p>15:00 otev\u0159en\u00e1 v\u00fdtvarn\u00e1 d\u00edlna s&nbsp;M\u00ed\u0161ou T\u016fmovou<br \/>\n16:00 Vernis\u00e1\u017e v\u00fdtvarn\u00e9ho krou\u017eku <b>Machovy prou\u017eky po druh\u00e9!!!<br \/>\n<\/b>18:00 Koncert sm\u00ed\u0161en\u00e9ho sboru La Folia v&nbsp;kostele v&nbsp;Nebu\u0161ic\u00edch<b><br \/>\n<\/b>19:30 Koncert sm\u00ed\u0161en\u00e9ho sboru La Folia v&nbsp;kostele sv. V\u00edta v&nbsp;Tuchom\u011b\u0159ic\u00edch<b><br \/>\n<\/b><\/p>\n<blockquote><p><em>tradi\u010dn\u00ed vystoupen\u00ed sm\u00ed\u0161en\u00e9ho sboru LA FOLIA, tentokr\u00e1t s&nbsp;hostem violoncellistou \u0160t\u011bp\u00e1nem Fil\u00edpkem.<\/em><\/p><\/blockquote>\n<hr \/>\n<p>26.&nbsp;5. | sobota |<\/p>\n<h6>Ulita<\/h6>\n<p>D\u011bti z&nbsp;dramatick\u00e9ho krou\u017eku ULITA vystoup\u00ed na Dni Soused\u016f.<\/p>\n<hr \/>\n<p>1.&nbsp;6. | 15:00 \u2013 17:15 | Kotelna<\/p>\n<h6>v\u00fdtvarn\u00e1 odpoledne s&nbsp;M\u00ed\u0161ou T\u016fmovou<\/h6>\n<hr \/>\n<p>1<a href=\"http:\/\/www.tuseni.cz\/wp-content\/uploads\/2018\/05\/Nokturna-1.jpg\"><img loading=\"lazy\" decoding=\"async\" class=\"alignright wp-image-1105\" src=\"http:\/\/www.tuseni.cz\/wp-content\/uploads\/2018\/05\/Nokturna-1-212x300.jpg\" alt=\"\" width=\"150\" height=\"212\" srcset=\"https:\/\/www.tuseni.cz\/wp-content\/uploads\/2018\/05\/Nokturna-1-212x300.jpg 212w, https:\/\/www.tuseni.cz\/wp-content\/uploads\/2018\/05\/Nokturna-1-768x1086.jpg 768w, https:\/\/www.tuseni.cz\/wp-content\/uploads\/2018\/05\/Nokturna-1-724x1024.jpg 724w, https:\/\/www.tuseni.cz\/wp-content\/uploads\/2018\/05\/Nokturna-1-250x354.jpg 250w, https:\/\/www.tuseni.cz\/wp-content\/uploads\/2018\/05\/Nokturna-1.jpg 1200w\" sizes=\"auto, (max-width: 150px) 100vw, 150px\" \/><\/a>3.&nbsp;6.&nbsp;a&nbsp;20.&nbsp;6. | 18:30 R\u00e1kos\u00ed | 19:00 S\u00fdpka<\/p>\n<h6>Nocturna v&nbsp;R\u00e1kos\u00ed a&nbsp;n\u00e1sledn\u00fd program v&nbsp;S\u00fdpce<\/h6>\n<ul>\n<li><b>13.6. | 18:30 <\/b>u rybn\u00ed\u010dku v&nbsp;R\u00e1kos\u00ed <b>\u00c1rie Rusalky<\/b>, <b>19:00 S\u00fdpka<\/b> &#8211; <b>pov\u00edd\u00e1n\u00ed <\/b>s archeologem Petrem\u00a0 Nov\u00fdm<\/li>\n<li><b>20.6. | 18:30<\/b> u&nbsp;rybn\u00ed\u010dku v&nbsp;R\u00e1kos\u00ed &#8222;Jako Zezulci&#8220; sm\u00ed\u0161en\u00fd<b> sbor La Folia<\/b> jak ho nezn\u00e1te,<br \/>\n<b>19:00 S\u00fdpka Koncert <\/b>Duo Tich\u00fd Mr\u00e1z (klarinet, kontrabas),<br \/>\n<b>20:00 <\/b>projekce tane\u010dn\u00edho <b>filmu Blush<\/b>, re\u017eie Wim Vandekeybus.<\/li>\n<\/ul>\n<p>V\u00fdstavy v&nbsp;s\u00fdpce &#8211; Tvary krajiny, V&nbsp;bou\u0159i fantazie<\/p>\n<hr \/>\n<p>15.&nbsp;6. | 15:00 \u2013 17:15 | Kotelna<\/p>\n<h6>v\u00fdtvarn\u00e1 odpoledne s&nbsp;M\u00ed\u0161ou T\u016fmovou<\/h6>\n<hr \/>\n<p>17.&nbsp;6. | ned\u011ble | S\u00fdpka<\/p>\n<h6>ned\u011bln\u00ed Pou\u0165 ke sv. V\u00edtu 17.6.<\/h6>\n<ul>\n<li>14:00 Jin\u00fd vesm\u00edr &#8211; p\u0159edstaven\u00ed a&nbsp;koncert d\u011bt\u00ed z&nbsp;pohybov\u00e9ho studia a&nbsp;d\u011btsk\u00e9ho sboru La Folia<\/li>\n<li>16:00 Ka\u017ed\u00fd je state\u010dn\u00fd. divadeln\u00ed kus dramatick\u00e9 skupiny D.ATEL.<\/li>\n<\/ul>\n<h6>v\u00fdtvarn\u00e1 odpoledne s&nbsp;M\u00ed\u0161ou T\u016fmovou<\/h6>\n<p>deinstalace v\u00fdstavy \u2013 rozebr\u00e1n\u00ed prac\u00ed a&nbsp;obr\u00e1zk\u016f d\u011bt\u00ed v\u00fdtvarn\u00e9ho krou\u017eku.<\/p>\n<hr \/>\n<h6><\/h6>\n<p><a href=\"http:\/\/www.tuseni.cz\/wp-content\/uploads\/2018\/05\/tuseni-tabor-2018.jpg\"><img loading=\"lazy\" decoding=\"async\" class=\"alignright wp-image-1106\" src=\"http:\/\/www.tuseni.cz\/wp-content\/uploads\/2018\/05\/tuseni-tabor-2018-212x300.jpg\" alt=\"\" width=\"150\" height=\"212\" srcset=\"https:\/\/www.tuseni.cz\/wp-content\/uploads\/2018\/05\/tuseni-tabor-2018-212x300.jpg 212w, https:\/\/www.tuseni.cz\/wp-content\/uploads\/2018\/05\/tuseni-tabor-2018-768x1086.jpg 768w, https:\/\/www.tuseni.cz\/wp-content\/uploads\/2018\/05\/tuseni-tabor-2018-724x1024.jpg 724w, https:\/\/www.tuseni.cz\/wp-content\/uploads\/2018\/05\/tuseni-tabor-2018-250x354.jpg 250w, https:\/\/www.tuseni.cz\/wp-content\/uploads\/2018\/05\/tuseni-tabor-2018.jpg 1200w\" sizes=\"auto, (max-width: 150px) 100vw, 150px\" \/><\/a>27.&nbsp;8. &#8211; 31.&nbsp;8.<\/p>\n<h6>P\u0159\u00edm\u011bstsk\u00fd t\u00e1bor<\/h6>\n<p><strong>\u010carod\u011bjn\u00e1 zem\u011b OZ\u00a0<\/strong> | pro d\u011bti 6 &#8211; 12 let<\/p>\n<hr \/>\n<ul>\n<li><a href=\"http:\/\/www.tuseni.cz\/index.php\/aktuality\/aktuality-2017\/\">Aktuality 2017<\/a><\/li>\n<li style=\"text-align: left;\"><a href=\"http:\/\/www.tuseni.cz\/index.php\/aktuality\/aktuality-2016\/\">Aktuality 2.&nbsp;pol. 2016<\/a><\/li>\n<li><a href=\"http:\/\/www.tuseni.cz\/index.php\/kalendar-akci-2015-2016\/\">Archiv akc\u00ed roku 2015\u20132016<\/a><\/li>\n<\/ul>\n<p>&nbsp;<\/p>","protected":false},"excerpt":{"rendered":"<p>2018 Kdo jste tak je\u0161t\u011b neu\u010dinil, pros\u00edme, uhra\u010fte kurzovn\u00e9 na 2.&nbsp;pololet\u00ed na bankovn\u00ed \u00fa\u010det: 2000824076\/2010 nejpozd\u011bji do 15.2.&nbsp;2018, podle aktu\u00e1ln\u00edch cen na www.tuseni.cz! Do zpr\u00e1vy p\u0159\u00edjemci napi\u0161te n\u00e1zev krou\u017eku + jm\u00e9no \u00fa\u010dastn\u00edka. D\u011aKUJEME Kr\u00e1sn\u00fd nov\u00fd rok s&nbsp;Tu\u0161en\u00edm i&nbsp;bez 7.&nbsp;1.&nbsp;2018 | 17:00 | Z\u00e1me\u010dek Roztoky Koncert T\u0159\u00edkr\u00e1lov\u00fd zp\u011bv\u00e1ci z&nbsp;Tuchom\u011b\u0159ic a&nbsp;Roztok se dali dohromady a&nbsp;spole\u010dn\u011b zazp\u00edvaj\u00ed [&hellip;]<\/p>","protected":false},"author":1,"featured_media":0,"parent":1736,"menu_order":0,"comment_status":"closed","ping_status":"closed","template":"main.php","meta":{"footnotes":""},"class_list":["post-1128","page","type-page","status-publish","hentry"],"_links":{"self":[{"href":"https:\/\/www.tuseni.cz\/index.php\/wp-json\/wp\/v2\/pages\/1128","targetHints":{"allow":["GET"]}}],"collection":[{"href":"https:\/\/www.tuseni.cz\/index.php\/wp-json\/wp\/v2\/pages"}],"about":[{"href":"https:\/\/www.tuseni.cz\/index.php\/wp-json\/wp\/v2\/types\/page"}],"author":[{"embeddable":true,"href":"https:\/\/www.tuseni.cz\/index.php\/wp-json\/wp\/v2\/users\/1"}],"replies":[{"embeddable":true,"href":"https:\/\/www.tuseni.cz\/index.php\/wp-json\/wp\/v2\/comments?post=1128"}],"version-history":[{"count":2,"href":"https:\/\/www.tuseni.cz\/index.php\/wp-json\/wp\/v2\/pages\/1128\/revisions"}],"predecessor-version":[{"id":1130,"href":"https:\/\/www.tuseni.cz\/index.php\/wp-json\/wp\/v2\/pages\/1128\/revisions\/1130"}],"up":[{"embeddable":true,"href":"https:\/\/www.tuseni.cz\/index.php\/wp-json\/wp\/v2\/pages\/1736"}],"wp:attachment":[{"href":"https:\/\/www.tuseni.cz\/index.php\/wp-json\/wp\/v2\/media?parent=1128"}],"curies":[{"name":"wp","href":"https:\/\/api.w.org\/{rel}","templated":true}]}}