
{"id":1149,"date":"2018-09-02T09:37:27","date_gmt":"2018-09-02T08:37:27","guid":{"rendered":"http:\/\/www.tuseni.cz\/?page_id=1149"},"modified":"2021-08-25T16:09:53","modified_gmt":"2021-08-25T15:09:53","slug":"2017-2018","status":"publish","type":"page","link":"https:\/\/www.tuseni.cz\/index.php\/krouzky-kurzy\/2017-2018\/","title":{"rendered":"Krou\u017eky, kurzy 2017\/18"},"content":{"rendered":"<p><strong>rozpis pro \u0161koln\u00ed rok 2018\/2019 pr\u00e1v\u011b p\u0159ipravujeme.<\/strong><\/p>\n<hr>\n<h6 class=\"modra\">pro d\u011bti<\/h6>\n<p style=\"text-align: left;\"><a href=\"#la-folia-deti\">Sbor LA FOLIA<\/a> | <a href=\"#pohybove\">Pohybov\u00e9 studio<\/a> | <a href=\"#kytara\">Kytara<\/a><br \/>\n<a href=\"#ai\">Angli\u010dtina \u2013<\/a><a href=\"#ai\">&nbsp;<\/a><a href=\"http:\/\/www.tuseni.cz\/index.php\/kurzy-lektori\/#ai\">C<\/a><a href=\"#ai\">reative workshop<\/a>&nbsp;| <a href=\"#an\">Angli\u010dtina pro nejmen\u0161\u00ed<\/a><a href=\"#ak\"><br \/>\n<\/a><a href=\"#divadelni\">Divadeln\u00ed ateli\u00e9r<\/a><a href=\"#ak\"> | <\/a><a href=\"#vytvarne\">V\u00fdtvarn\u00e9 odpoledne<\/a> |&nbsp;<a href=\"#kung-fu\">Kung-fu pro d\u011bti<\/a> |&nbsp;<a href=\"#ulita\">ULITA &#8211; na m\u00edru d\u011btem u\u0161it\u00e1<\/a><\/p>\n<h6 class=\"modra\" style=\"text-align: right;\">pro dosp\u011bl\u00e9<\/h6>\n<p style=\"text-align: right;\"><a href=\"#akd\">Anglick\u00e1 konverzace<\/a> | <a href=\"#pilates\">Pilates<\/a><br \/>\n<a href=\"#tango\">Argentinsk\u00e9 tango<\/a> | <a href=\"#la-folia\">Sm\u00ed\u0161en\u00fd sbor LA FOLIA<\/a><\/p>\n<p><b>T\u00fddenn\u00ed rozvrh krou\u017ek\u016f<\/b> ke sta\u017een\u00ed <a href=\"http:\/\/www.tuseni.cz\/wp-content\/uploads\/2018\/08\/tuseni-rozvrh-2018-19.pdf\">zde<\/a>.<\/p>\n<p>P\u0159ihl\u00e1\u0161ka ke sta\u017een\u00ed | <a href=\"http:\/\/www.tuseni.cz\/wp-content\/uploads\/2017\/09\/prihlaska-tuseni-2017-18.docx\">docx<\/a> | <a href=\"http:\/\/www.tuseni.cz\/wp-content\/uploads\/2017\/09\/prihlaska-tuseni-2017-18.pdf\">pdf<\/a><\/p>\n<p>Platby za krou\u017eky pros\u00edm pos\u00edlejte na \u00fa\u010det \u010d.&nbsp;<strong>2000&nbsp;824&nbsp;076\/2010<\/strong> (FIO). Do zpr\u00e1vy pro p\u0159\u00edjemce pros\u00edm uve\u010fte n\u00e1zev krou\u017eku a&nbsp;jm\u00e9no \u00fa\u010dastn\u00edka.<\/p>\n<hr style=\"border: solid 1px white; margin-bottom: 40px;\">\n<hr>\n<h6>Pro d\u011bti<\/h6>\n<h5 class=\"modra\"><a name=\"la-folia-deti\"><\/a>SBOR LA FOLIA<\/h5>\n<p>Ji\u017e \u0161est\u00fdm&nbsp;rokem rokem se d\u011bti ze sboru La Folia sch\u00e1zej\u00ed a&nbsp;p\u0159ipravuj\u00ed koncerty. \u00da\u010dastn\u00ed se akc\u00ed v&nbsp;obci i&nbsp;mimo ni (Masopust, V\u00e1no\u010dn\u00ed trhy, Svatov\u00edtsk\u00e1 pou\u0165\u2026). Maj\u00ed za sebou nato\u010den\u00ed CD a&nbsp;dokonce premi\u00e9ru d\u011btsk\u00e9 opery Romance. I&nbsp;v&nbsp;nadch\u00e1zej\u00edc\u00ed sezon\u011b si mal\u00ed zp\u011bv\u00e1ci budou d\u00e1le roz\u0161i\u0159ovat sv\u016fj p\u00eds\u0148ov\u00fd reperto\u00e1r, prohlubovat a&nbsp;upev\u0148ovat rytmick\u00e9 a&nbsp;melodick\u00e9 dovednosti. Seznamovat se v&nbsp;praxi se z\u00e1klady hudebn\u00edho n\u00e1zvoslov\u00ed a&nbsp;hudebn\u00edch z\u00e1konitost\u00ed. U\u010dit se dob\u0159e d\u00fdchat a&nbsp;jak spr\u00e1vn\u011b pe\u010dovat o&nbsp;sv\u016fj hlas, doprov\u00e1zet se na jednoduch\u00e9 bic\u00ed n\u00e1stroje. To v\u0161echno hravou, nen\u00e1silnou a&nbsp;p\u0159irozenou formou.<\/p>\n<p><strong>\u00dater\u00fd<\/strong><strong> 16:<\/strong><strong>1<\/strong><strong>0\u20131<\/strong><strong>7:00<\/strong><strong> (d\u011bti 3\u20136let) | 17:05\u201318:0<\/strong><strong>5<\/strong><strong> (d\u011bti 7\u201314 let) | Kotelna<br \/>\n<\/strong>Lektorka:&nbsp;MgA. Jana V\u00f6r\u00f6\u0161ov\u00e1<br \/>\nprvn\u00ed hodina 19.&nbsp;9.&nbsp;2017<b><br \/>\n<\/b>Cena: 800,\u2013 \/ pololet\u00ed<\/p>\n<h5 class=\"modra\"><a name=\"pohybove\"><\/a>POHYBOV\u00c9 STUDIO<\/h5>\n<p style=\"text-align: justify;\">Pohyb jako z\u00e1kladn\u00ed vyjad\u0159ovac\u00ed schopnost, pohyb jako p\u0159irozenost, pohyb jako \u017eivotn\u00ed pocit. D\u011bti jsou vedeny k&nbsp;zdrav\u00e9mu a&nbsp;p\u0159irozen\u00e9mu dr\u017een\u00ed t\u011bla, seznamuj\u00ed se z\u00e1konitostmi jako je dynamika, t\u011b\u017ei\u0161t\u011b, osa t\u011bla, prostor, n\u00e1vaznost pohybu. Rozv\u00edjej\u00ed svou fantazii. Neu\u010d\u00ed se \u017e\u00e1dn\u00e9 sestavy, nepapou\u0161kuj\u00ed, nekop\u00edruj\u00ed jsou vedeny k&nbsp;porozum\u011bn\u00ed vlastn\u00edmu t\u011blu a&nbsp;jeho mo\u017enostem. Sou\u010d\u00e1st\u00ed ka\u017ed\u00e9 hodiny je pr\u016fpravn\u00e1 \u010d\u00e1st posiluj\u00edc\u00ed svalstvo, protahov\u00e1n\u00ed, pohybov\u00e9 hry rozv\u00edjej\u00edc\u00ed p\u0159edstavivost, pr\u00e1ce s&nbsp;n\u00e1\u010din\u00edm (m\u00ed\u010de, hole, \u0161\u00e1tky, \u0161vihadla) a&nbsp;improvizace. Hodiny jsou doprov\u00e1zeny \u017eivou hudbou, na ka\u017ed\u00e9 lekci je p\u0159\u00edtomn\u00fd klav\u00edrista korepetitor, d\u011bti tak t\u0159\u00edb\u00ed sv\u016fj sluch, hudebn\u00ed c\u00edt\u011bn\u00ed.<\/p>\n<p><strong>\u00dater\u00fd 15:20\u201316:10&nbsp;(d\u011bti 3\u20136 let)&nbsp;| Kotelna<\/strong><br \/>\nLektorka: <a href=\"http:\/\/www.tuseni.cz\/index.php\/lektori\/veronika-kacianova\/\">BcA. Veronika Kacianov\u00e1<br \/>\n<\/a>hudebn\u00ed doprovod: MgA. Jana V\u00f6r\u00f6\u0161ov\u00e1<b><br \/>\n<\/b>prvn\u00ed hodina 19.&nbsp;9.&nbsp;2017<b><br \/>\n<\/b>Cena: 50 min. 1.200,\u2013 \/ pololet\u00ed<\/p>\n<h5 class=\"modra\"><a name=\"kytara\"><\/a>KYTARA<\/h5>\n<p style=\"text-align: justify;\">D\u011bti si osvojuj\u00ed z\u00e1kladn\u00ed kytarov\u00fd reperto\u00e1r, akordy, doprovody. S&nbsp;charismatick\u00fdm lektorem, kter\u00fd dok\u00e1\u017ee vzbudit nad\u0161en\u00ed a&nbsp;z\u00e1pal pro hru d\u011blaj\u00ed neuv\u011b\u0159iteln\u00e9 pokroky. Ka\u017edoro\u010dn\u011b m\u00e1me mo\u017enost sledovat jejich v\u00fdvoj p\u0159i nejr\u016fzn\u011bj\u0161\u00edch akc\u00edch po\u0159\u00e1dan\u00fdch&nbsp;obc\u00ed.<\/p>\n<p><strong>\u00dater\u00fd 17:30\u201318:45 | Poln\u00ed 478<br \/>\n<\/strong>Lektor: Mgr. Jan Korda<b><br \/>\n<\/b> prvn\u00ed hodina 19.&nbsp;9.&nbsp;2017<b><br \/>\n<\/b>Cena: 45 min. 1.600,\u2013 \/ pololet\u00ed<\/p>\n<h5 class=\"modra\"><a name=\"ai\"><\/a>ANGLI\u010cTINA &#8211; novinka &#8211; CREATIVE WORKSHOP<\/h5>\n<p style=\"text-align: justify;\">d\u011bti v&nbsp;n\u011bm budou pracovat v&nbsp;r\u00e1mci kr\u00e1tkodob\u00fdch experiment\u00e1ln\u00edch projekt\u016f. Budou samy vyr\u00e1b\u011bt nejr\u016fzn\u011bj\u0161\u00ed artefakty nap\u0159.: konstrukce (mosty, trat\u011b&#8230;), modely (auta, n\u00e1bytek&#8230;) mapy (m\u011bsta, krajiny&#8230;),&nbsp; dom\u00e1c\u00ed plastel\u00ednu, sv\u00ed\u010dky&#8230;. a&nbsp;d\u00e1vat v\u011bci do souvislost\u00ed (k&nbsp;vytvo\u0159en\u00e9mu modelu m\u011bsta se dod\u011bl\u00e1 sopka chrl\u00edc\u00ed l\u00e1vu&#8230;a&nbsp;pod.), popisovat je, sdru\u017eovat, nahl\u00ed\u017eet a&nbsp;vym\u00fd\u0161let situace.&nbsp; A&nbsp;to v\u0161echno anglicky. Ve\u0161ker\u00fd materi\u00e1l pap\u00edry, d\u0159\u00edvka, potraviny, misky, lepidla, barvy, l\u00e1tky atd. jsou v&nbsp;cen\u011b kurzu.<\/p>\n<p><strong>Pond\u011bl\u00ed<\/strong><strong> 1<\/strong><strong>6<\/strong><strong>:30\u20131<\/strong><strong>8<\/strong><strong>:00 (d\u011bti 7\u20131<\/strong><strong>4<\/strong><strong> let)&nbsp;<\/strong><strong>| Kotelna<br \/>\n<\/strong>prvn\u00ed hodina 25.&nbsp;9.&nbsp;2017<strong><a href=\"https:\/\/www.facebook.com\/Czech-Kids-Learn-English-327932744236592\/\"><img loading=\"lazy\" decoding=\"async\" class=\"alignright wp-image-568\" src=\"http:\/\/www.tuseni.cz\/wp-content\/uploads\/2017\/02\/facebook-icon-preview-1-300x300.png\" alt=\"facebook-icon-preview-1\" width=\"90\" height=\"90\" srcset=\"https:\/\/www.tuseni.cz\/wp-content\/uploads\/2017\/02\/facebook-icon-preview-1-300x300.png 300w, https:\/\/www.tuseni.cz\/wp-content\/uploads\/2017\/02\/facebook-icon-preview-1-150x150.png 150w, https:\/\/www.tuseni.cz\/wp-content\/uploads\/2017\/02\/facebook-icon-preview-1-250x250.png 250w, https:\/\/www.tuseni.cz\/wp-content\/uploads\/2017\/02\/facebook-icon-preview-1.png 512w\" sizes=\"auto, (max-width: 90px) 100vw, 90px\" \/><\/a><\/strong><br \/>\nLekto\u0159i: Mgr. Martina Zp\u011bv\u00e1kov\u00e1<br \/>\nCena: 90 min. 2.400,\u2013 \/ pololet\u00ed<br \/>\n<a href=\"http:\/\/www.tuseni.cz\/index.php\/galerie\/anglictina-intenzivni-kurz-20162017\/\">Fotogalerie<\/a><\/p>\n<p><strong>! soukrom\u00e9 hodiny angli\u010dtiny<\/strong> pro jednotlivce \u010di mal\u00e9 skupinky.<br \/>\nVyu\u017eijte slu\u017eeb na\u0161\u00ed lektorky a&nbsp; domluvte si soukrom\u00e9 lekce v&nbsp;\u010dase a&nbsp;ve dnech, kter\u00e9 vyhovuj\u00ed v\u00e1m. kontakt&nbsp; Mgr. Zuzana Vodov\u00e1 &#8211; <a href=\"mailto:vodovaz@seznam.cz\">vodovaz@seznam.cz<\/a><\/p>\n<h5 class=\"modra\"><a name=\"an\"><\/a>ANGLI\u010cTINA PRO NEJMEN\u0160\u00cd<\/h5>\n<p style=\"text-align: justify;\">\u010c\u00edm d\u0159\u00edve se d\u011bti s&nbsp;ciz\u00edm jazykem aktivn\u011b potkaj\u00ed, t\u00edm lep\u0161\u00ed v\u00fdsledky v&nbsp;budoucnu maj\u00ed. Nejmen\u0161\u00ed d\u011bti bez probl\u00e9m\u016f odposlouchaj\u00ed akcent rodil\u00e9ho mluv\u010d\u00edho, kter\u00fd pozd\u011bji dopln\u00ed o&nbsp;pot\u0159ebnou gramatiku a&nbsp;slov\u00ed\u010dka. Nau\u010d\u00ed se spousty jednoduch\u00fdch \u0159\u00edkadel, b\u00e1sni\u010dek a&nbsp;p\u00edsni\u010dek. I&nbsp;s&nbsp;malou hodinovou dotac\u00ed jsou patrn\u00e9 v\u00fdsledky.<\/p>\n<p><strong>St\u0159eda 15:15\u201316:00 &nbsp;| M\u0160 Tuchom\u011b\u0159ice<a href=\"https:\/\/www.facebook.com\/Czech-Kids-Learn-English-327932744236592\/\"><img loading=\"lazy\" decoding=\"async\" class=\"alignright wp-image-568\" src=\"http:\/\/www.tuseni.cz\/wp-content\/uploads\/2017\/02\/facebook-icon-preview-1-300x300.png\" alt=\"facebook-icon-preview-1\" width=\"90\" height=\"90\" srcset=\"https:\/\/www.tuseni.cz\/wp-content\/uploads\/2017\/02\/facebook-icon-preview-1-300x300.png 300w, https:\/\/www.tuseni.cz\/wp-content\/uploads\/2017\/02\/facebook-icon-preview-1-150x150.png 150w, https:\/\/www.tuseni.cz\/wp-content\/uploads\/2017\/02\/facebook-icon-preview-1-250x250.png 250w, https:\/\/www.tuseni.cz\/wp-content\/uploads\/2017\/02\/facebook-icon-preview-1.png 512w\" sizes=\"auto, (max-width: 90px) 100vw, 90px\" \/><\/a><\/strong><br \/>\nprvn\u00ed hodina 20.&nbsp;9.&nbsp;2017<br \/>\nLektorka: Evelyn Bidenko (1.pololet\u00ed),&nbsp;<a href=\"https:\/\/cz.linkedin.com\/in\/mgr-zuzana-vodova-03682510\">Mgr. Zuzana Vodov\u00e1<\/a>&nbsp;(2.&nbsp;pololet\u00ed)<b><br \/>\n<\/b>Cena: 45 min. 1.000,\u2013K\u010d \/ pololet\u00ed<\/p>\n<h5 class=\"modra\"><a name=\"divadelni\"><\/a>D.ATEL &#8211; divadeln\u00ed ateli\u00e9r<\/h5>\n<p style=\"text-align: justify;\">Dramatick\u00e9 um\u011bn\u00ed jako jeden z&nbsp;nejkomplexn\u011bj\u0161\u00edch um\u011bleck\u00fdch obor\u016f. Rozv\u00edj\u00ed v\u0161estrann\u011b v\u0161echny schopnosti, kter\u00e9 d\u00edt\u011b m\u00e1. Prohlubuje pam\u011b\u0165, zkou\u0161\u00ed hranice fyzick\u00fdch mo\u017enost\u00ed, vyu\u017e\u00edv\u00e1 p\u0159irozen\u00e9 muzikality, pracuje s&nbsp;prostorem, u\u010d\u00ed d\u011bti spr\u00e1vn\u011b artikulovat, pracovat s&nbsp;hlasem a&nbsp;formulovat my\u0161lenky. Rozv\u00edj\u00ed obrazotvornost, d\u011bjovou linku, pracuje v&nbsp;detailu, ale nut\u00ed se zam\u00fd\u0161let i&nbsp;nad celkem. Vy\u017eaduje schopnost komunikace a&nbsp;spolupr\u00e1ce s&nbsp;ostatn\u00edmi herci. J\u00e1drem na\u0161eho divadla jsou autorsk\u00e1 p\u0159edstaven\u00ed, improvizace (nejt\u011b\u017e\u0161\u00ed discipl\u00edna v&nbsp;oboru) tam m\u00ed\u0159\u00ed i&nbsp;pr\u016fpravn\u00e1 cvi\u010den\u00ed \u2013 hry, se kter\u00fdmi se mal\u00ed herci v&nbsp;pr\u016fb\u011bhu roku setkaj\u00ed. T\u00e9matem leto\u0161n\u00edho roku je film, t\u011b\u0161te se na premi\u00e9ru!<\/p>\n<p><strong>\u010ctvrtek 13:30\u201315:00 | Kotelna<\/strong><br \/>\nprvn\u00ed hodina 21.&nbsp;9.&nbsp;2017<br \/>\nLektorka: \u00c1ja Mare\u010dkov\u00e1<br \/>\nCena: 90 min. 1.800,\u2013 \/pololet\u00ed<\/p>\n<h5 class=\"modra\"><a name=\"ulita\"><\/a>ULITA &#8211; na m\u00edru d\u011btem u\u0161it\u00e1<\/h5>\n<p>divadeln\u00ed \u0159\u00e1d\u011bn\u00ed pro mal\u00e9 komedianty (d\u011bti 5-7 let), spousty her, z\u00e1bavn\u00fdch akc\u00ed,<br \/>\nv&nbsp;z\u00e1v\u011bru divadeln\u00ed p\u0159edstaven\u00ed.<\/p>\n<p><strong>\u010ctvrtek 15:15\u201316:45 | Knihovna tuchom\u011b\u0159ick\u00e9ho kl\u00e1\u0161tera<\/strong><br \/>\nLektorka: <a href=\"http:\/\/www.tuseni.cz\/index.php\/lektori\/frantiska-hejdukova\/\">Franti\u0161ka Hejdukov\u00e1<\/a><br \/>\ncena: 90 min. 1.400,- K\u010d \/ pololet\u00ed<\/p>\n<h5 class=\"modra\"><a name=\"vytvarne\"><\/a>MACHOVY PROU\u017dKY &#8211; v\u00fdtvarn\u00e9 odpoledne<\/h5>\n<p style=\"text-align: justify;\">Co v\u0161echno je um\u011bn\u00ed? Mus\u00ed mal\u00ed\u0159 um\u011bt malovat? Jak bohat\u00fd je m\u016fj vnit\u0159n\u00ed sv\u011bt? Tu\u017ekou? Uhlem? Olejem? Temperou? P\u0159ij\u010fte se p\u0159esv\u011bd\u010dit, \u017ee sv\u011bt nemus\u00ed b\u00fdt \u010dernob\u00edl\u00fd. Otev\u0159en\u00e9 odpoledne pro v\u0161echny mal\u00e9, velk\u00e9, star\u0161\u00ed i&nbsp;nejstar\u0161\u00ed um\u011blce. T\u00e9matick\u00e9 d\u00edlny Masopust, Velikonoce, Advent. Sou\u010d\u00e1st\u00ed bude i&nbsp;p\u0159\u00edprava v\u00fdstavy a&nbsp;jej\u00ed vernis\u00e1\u017e v&nbsp;prostor\u00e1ch kl\u00e1\u0161tern\u00ed s\u00fdpky, \u010di spolupr\u00e1ce s&nbsp;divadeln\u00edm ateli\u00e9rem p\u0159i p\u0159\u00edprav\u011b filmu (kulisy, masky).<\/p>\n<p><strong>jedenkr\u00e1t za 14&nbsp;dn\u00ed | 2 hod. 15 min.&nbsp;| Kotelna<\/strong><br \/>\naktu\u00e1ln\u00ed rozpis na 2.&nbsp;pololet\u00ed v&nbsp;<a href=\"http:\/\/www.tuseni.cz\/index.php\/aktuality\/\">Aktualit\u00e1ch<\/a><br \/>\nLektorka:<a href=\"http:\/\/www.tuseni.cz\/index.php\/lektori\/mgr-mga-michaela-tumova-2\/\"> MgA. M\u00ed\u0161a T\u016fmov\u00e1<\/a><b><br \/>\n<\/b>Cena: 135&nbsp;min. 1.800,\u2013 \/ pololet\u00ed<\/p>\n<h5 class=\"modra\"><a name=\"kung-fu\"><\/a>KUNG-FU<\/h5>\n<p>rozvoj fyzick\u00e9 zdatnosti a&nbsp;psychyck\u00e9 odolnosti, radost z&nbsp;pohybu.<\/p>\n<p>Styl Hung Gar Styl Hung Gar zvan\u00fd t\u00e9\u017e Hung Kuen (p\u011bst rodiny Hung) je jeden z&nbsp;nejv\u00fdznamn\u011bj\u0161\u00edch a&nbsp;nejstar\u0161\u00edch jiho\u010d\u00ednsk\u00fdch bojov\u00fdch styl\u016f, jeho\u017e ko\u0159eny sahaj\u00ed a\u017e do ji\u017en\u00edho Shaolinu. Pat\u0159\u00ed k&nbsp;velmi m\u00e1lu tradi\u010dn\u00edch styl\u016f, kter\u00e9 d\u00e1le roz\u0161i\u0159uj\u00ed p\u016fvodn\u00ed techniky a&nbsp;znalosti ji\u017en\u00edho Shaolinu. Spojuje p\u011bt klasick\u00fdch \u0161aolinsk\u00fdch zv\u00ed\u0159at (drak, had, panter, tygr a&nbsp;je\u0159\u00e1b) s&nbsp;p\u011bti elementy (kov, voda, d\u0159evo, ohe\u0148 a&nbsp;zem\u011b) taoistick\u00e9 filozofie. V\u00fdjime\u010dn\u00fd charakter tohoto stylu je symbolizov\u00e1n spojen\u00edm silov\u00fdch technik tygra a&nbsp;pru\u017en\u00fdch pohyb\u016f je\u0159\u00e1ba. Ve stylu harmonicky spl\u00fdvaj\u00ed s\u00edla a&nbsp;pru\u017enost v&nbsp;jednotu, co\u017e odpov\u00edd\u00e1 filozofii jin \u2013 jang. Tygr a&nbsp;je\u0159\u00e1b se stali charakteristick\u00fdm znakem tohoto stylu.<br \/>\n<a href=\"http:\/\/www.kungfu-praha.com\">www.kungfu-praha.com<\/a><\/p>\n<p><strong>P\u00e1tek&nbsp;14:00\u201314:50 | Kotelna<\/strong><br \/>\nLektorka: Petra Lorencov\u00e1<br \/>\nCena: 50 min. 1.200,-K\u010d \/ Pololet\u00ed<\/p>\n<p>&nbsp;<\/p>\n<hr>\n<h6>Pro dosp\u011bl\u00e9<\/h6>\n<h5 class=\"modra\"><a name=\"akd\"><\/a>ANGLICK\u00c1 KONVERZACE<\/h5>\n<p align=\"justify\">P\u0159\u00edjemn\u00e9 ve\u010dery s&nbsp;vynikaj\u00edc\u00ed lektorkou v&nbsp;rozhovorech o&nbsp;t\u00e9matech, kter\u00e9 v\u00e1s zaj\u00edmaj\u00ed. Diskuze nad jazykov\u00fdmi a&nbsp;p\u0159ekladatelsk\u00fdmi probl\u00e9my. Hodina, kter\u00e1 je vedena v&nbsp;\u00fazk\u00e9m kruhu. Rozj\u00edm\u00e1n\u00ed nad v\u011bcmi, na kter\u00e9 nen\u00ed jindy \u010das a&nbsp;to v\u0161echno v&nbsp;angli\u010dtin\u011b.<\/p>\n<p><strong>\u00dater\u00fd | 19:30\u201321:00 | Kotelna<\/strong><br \/>\nprvn\u00ed hodina 12.&nbsp;9.&nbsp;2017<br \/>\nLektorka:&nbsp;<a href=\"https:\/\/cz.linkedin.com\/in\/mgr-zuzana-vodova-03682510\">Mgr. Zuzana Vodov\u00e1<\/a><b><br \/>\n<\/b>Cena: 2.400,\u2013 \/ pololet\u00ed<\/p>\n<h5 class=\"modra\"><a name=\"pilates\"><\/a>PILATES<\/h5>\n<p style=\"text-align: justify;\">Posilov\u00e1n\u00ed, protahov\u00e1n\u00ed problematick\u00fdch svalov\u00fdch skupin. Trp\u011bliv\u00e1 pr\u00e1ce, kter\u00e1 ovoce p\u0159in\u00e1\u0161\u00ed. Zku\u0161en\u00e9 oko lektorky odhal\u00ed a&nbsp;upozorn\u00ed na nedokonalost v&nbsp;proveden\u00ed cviku a&nbsp;oprav\u00ed v\u00e1s tak, aby byl co nejefektivn\u011bj\u0161\u00ed. Postupn\u00e9 zvy\u0161ov\u00e1n\u00ed n\u00e1rok\u016f na kondici. \u010cas, kter\u00fd v\u011bnujete sob\u011b a&nbsp;sv\u00e9mu zdrav\u00ed.<\/p>\n<p><strong>St\u0159eda 18:30\u201319:30 | Kotelna<\/strong><br \/>\nprvn\u00ed hodina 20 .9.&nbsp;2017<br \/>\nLektorka: Mgr. Renata B\u00e1rtov\u00e1<b><br \/>\n<\/b>Cena: 1.600,\u2013 \/ pololet\u00ed<\/p>\n<h5 class=\"modra\"><a name=\"tango\"><\/a>ARGENTINSK\u00c9 TANGO<\/h5>\n<p style=\"text-align: justify;\">Tanec, v\u00e1\u0161e\u0148, porozum\u011bn\u00ed, kr\u00e1sn\u00e1 hudba, elegantn\u00ed \u017eeny, sebev\u011bdom\u00ed mu\u017ei. Tanec jako meditace, improvizace, souzn\u011bn\u00ed s&nbsp;p\u00edsn\u00ed. Nem\u00e1te si s&nbsp;partnerem co \u0159\u00edci? Ide\u00e1ln\u00ed \u010das za\u010d\u00edt spolu tan\u010dit a&nbsp;dal\u0161\u00edch slov net\u0159eba.<\/p>\n<p><strong>\u010ctvrtek 18:30\u201319:30 (pokro\u010dil\u00ed)&nbsp;19:40\u201320:40 (za\u010d\u00e1te\u010dn\u00edci) | Kotelna <\/strong><br \/>\nprvn\u00ed hodina 21.&nbsp;9.&nbsp;2017<br \/>\nLekto\u0159i: Arneldo Rodr\u00edguez<br \/>\n<a href=\"http:\/\/mondalfavillage.mondalfa.cz\">mondalfavillage.mondalfa.cz<\/a><br \/>\nCena: 1.600,\u2013 \/&nbsp;8 lekc\u00ed<\/p>\n<h5 class=\"modra\"><a name=\"la-folia\"><\/a>SM\u00cd\u0160EN\u00dd SBOR LA FOLIA<\/h5>\n<p style=\"text-align: justify;\">Zp\u011bv je kr\u00e1sn\u00e1 \u010dinnost rozv\u00edjej\u00edc\u00ed a&nbsp;povzbuzuj\u00edc\u00ed ducha. Je o&nbsp;to v\u00edc napl\u0148uj\u00edc\u00ed \u010d\u00edm v\u00edce lid\u00ed, zp\u011bv\u00e1k\u016f je j\u00ed \u00fa\u010dastno. Sborov\u00fd zp\u011bv ve sv\u00e9 \u010dist\u00e9 podob\u011b dok\u00e1\u017ee otev\u00edrat srdce. Zp\u011bv je velik\u00e9 soust\u0159ed\u011bn\u00ed, pr\u00e1ce s&nbsp;dechem, sebek\u00e1ze\u0148, zhmotn\u011bn\u00ed abstraktn\u00edch my\u0161lenek. Sborov\u00fd zp\u011bv je nad to je\u0161t\u011b o&nbsp;vc\u00edt\u011bn\u00ed se, o&nbsp;spolupr\u00e1ci, vn\u00edm\u00e1n\u00ed okol\u00ed, za\u010dlen\u011bn\u00ed se do prostoru. Sm\u00ed\u0161en\u00fd sbor La Folia ji\u017e vykra\u010duje do sv\u00e9 \u010dtvrt\u00e9 sezony. Sbor se pravideln\u011b \u00fa\u010dastn\u00ed akc\u00ed v&nbsp;obci, koncertuje jak v&nbsp;Tuchom\u011b\u0159ic\u00edch tak v&nbsp;okol\u00ed. Doufejme, \u017ee i&nbsp;tento rok zazn\u00ed v&nbsp;Tuchom\u011b\u0159ick\u00e9m kostele o&nbsp;p\u016flnoci na \u0160t\u011bdr\u00fd den \u010cesk\u00e1 m\u0161e v\u00e1no\u010dn\u00ed. Sbor se \u00fa\u010dastn\u00ed masopustn\u00edho reje, co by doprovodn\u00e1 kapela. Dal\u0161\u00edm pl\u00e1novan\u00fdm projektem je spole\u010dn\u00fd koncert s&nbsp;d\u011btskou \u010d\u00e1st\u00ed sboru a&nbsp;s&nbsp;doprovodem komorn\u00edho ans\u00e1mblu.<\/p>\n<p><strong>Ned\u011ble 18:15\u201320:15 | Kotelna <\/strong><br \/>\nprvn\u00ed hodina 24.&nbsp;9.&nbsp;2017<br \/>\nLektorka:<a href=\"http:\/\/www.tuseni.cz\/index.php\/lektori\/larissa-sakvina\/\"> Larissa Sakvina<\/a><b><br \/>\n<\/b>Cena: 800,\u2013 \/ pololet\u00ed<\/p>","protected":false},"excerpt":{"rendered":"<p>rozpis pro \u0161koln\u00ed rok 2018\/2019 pr\u00e1v\u011b p\u0159ipravujeme. pro d\u011bti Sbor LA FOLIA | Pohybov\u00e9 studio | Kytara Angli\u010dtina \u2013&nbsp;Creative workshop&nbsp;| Angli\u010dtina pro nejmen\u0161\u00ed Divadeln\u00ed ateli\u00e9r | V\u00fdtvarn\u00e9 odpoledne |&nbsp;Kung-fu pro d\u011bti |&nbsp;ULITA &#8211; na m\u00edru d\u011btem u\u0161it\u00e1 pro dosp\u011bl\u00e9 Anglick\u00e1 konverzace | Pilates Argentinsk\u00e9 tango | Sm\u00ed\u0161en\u00fd sbor LA FOLIA T\u00fddenn\u00ed rozvrh krou\u017ek\u016f ke sta\u017een\u00ed [&hellip;]<\/p>","protected":false},"author":1,"featured_media":0,"parent":2337,"menu_order":0,"comment_status":"closed","ping_status":"closed","template":"main.php","meta":{"footnotes":""},"class_list":["post-1149","page","type-page","status-publish","hentry"],"_links":{"self":[{"href":"https:\/\/www.tuseni.cz\/index.php\/wp-json\/wp\/v2\/pages\/1149","targetHints":{"allow":["GET"]}}],"collection":[{"href":"https:\/\/www.tuseni.cz\/index.php\/wp-json\/wp\/v2\/pages"}],"about":[{"href":"https:\/\/www.tuseni.cz\/index.php\/wp-json\/wp\/v2\/types\/page"}],"author":[{"embeddable":true,"href":"https:\/\/www.tuseni.cz\/index.php\/wp-json\/wp\/v2\/users\/1"}],"replies":[{"embeddable":true,"href":"https:\/\/www.tuseni.cz\/index.php\/wp-json\/wp\/v2\/comments?post=1149"}],"version-history":[{"count":2,"href":"https:\/\/www.tuseni.cz\/index.php\/wp-json\/wp\/v2\/pages\/1149\/revisions"}],"predecessor-version":[{"id":1341,"href":"https:\/\/www.tuseni.cz\/index.php\/wp-json\/wp\/v2\/pages\/1149\/revisions\/1341"}],"up":[{"embeddable":true,"href":"https:\/\/www.tuseni.cz\/index.php\/wp-json\/wp\/v2\/pages\/2337"}],"wp:attachment":[{"href":"https:\/\/www.tuseni.cz\/index.php\/wp-json\/wp\/v2\/media?parent=1149"}],"curies":[{"name":"wp","href":"https:\/\/api.w.org\/{rel}","templated":true}]}}