
{"id":1225,"date":"2019-03-11T17:36:17","date_gmt":"2019-03-11T16:36:17","guid":{"rendered":"http:\/\/www.tuseni.cz\/?page_id=1225"},"modified":"2020-08-26T09:39:55","modified_gmt":"2020-08-26T08:39:55","slug":"aktuality-2018-2","status":"publish","type":"page","link":"https:\/\/www.tuseni.cz\/index.php\/aktuality-2021-2022\/aktuality-2018-2\/","title":{"rendered":"Aktuality 2018\/2"},"content":{"rendered":"<h3><span style=\"color: #993300;\"><a href=\"http:\/\/www.tuseni.cz\/wp-content\/uploads\/2018\/09\/Tus\u030ceni_Kurzy_podzim_-2018.jpg\"><img loading=\"lazy\" decoding=\"async\" class=\"alignleft wp-image-1151 size-medium\" src=\"http:\/\/www.tuseni.cz\/wp-content\/uploads\/2018\/09\/Tus\u030ceni_Kurzy_podzim_-2018-212x300.jpg\" alt=\"\" width=\"212\" height=\"300\" srcset=\"https:\/\/www.tuseni.cz\/wp-content\/uploads\/2018\/09\/Tus\u030ceni_Kurzy_podzim_-2018-212x300.jpg 212w, https:\/\/www.tuseni.cz\/wp-content\/uploads\/2018\/09\/Tus\u030ceni_Kurzy_podzim_-2018-768x1086.jpg 768w, https:\/\/www.tuseni.cz\/wp-content\/uploads\/2018\/09\/Tus\u030ceni_Kurzy_podzim_-2018-724x1024.jpg 724w, https:\/\/www.tuseni.cz\/wp-content\/uploads\/2018\/09\/Tus\u030ceni_Kurzy_podzim_-2018-250x354.jpg 250w\" sizes=\"auto, (max-width: 212px) 100vw, 212px\" \/><\/a>Zahajujeme 4.&nbsp;sez\u00f3nu!<\/span><br \/>\n<span style=\"color: #993300;\">z\u00e1pis do krou\u017ek\u016f prob\u00edh\u00e1 pr\u00e1v\u011b te\u010f!!!<\/span><\/h3>\n<p><strong>Camino-pohybov\u00e9 studio<\/strong> \u2013 pro d\u011bti ve v\u011bku 7\u201312 let.<br \/>\nD\u011bti jsou zde vedeny ke zdrav\u00e9mu a&nbsp;p\u0159irozen\u00e9mu dr\u017een\u00ed t\u011bla, seznamuj\u00ed se z\u00e1konitostmi jako je dynamika, t\u011b\u017ei\u0161t\u011b, osa t\u011bla, prostor, n\u00e1vaznost pohybu. Neu\u010d\u00ed se \u017e\u00e1dn\u00e9 sestavy, nepapou\u0161kuj\u00ed, nekop\u00edruj\u00ed jsou vedeny k&nbsp;porozum\u011bn\u00ed vlastn\u00edmu t\u011blu a&nbsp;jeho mo\u017enostem. Rozv\u00edjej\u00ed svou fantazii. Sou\u010d\u00e1st\u00ed ka\u017ed\u00e9 hodiny jsou pr\u016fpravn\u00e1 \u010d\u00e1st posiluj\u00edc\u00ed svalstvo, protahov\u00e1n\u00ed, pohybov\u00e9 hry rozv\u00edjej\u00edc\u00ed p\u0159edstavivost, pr\u00e1ce s&nbsp;n\u00e1\u010din\u00edm (m\u00ed\u010de, hole, \u0161\u00e1tky,\u00a0\u0161vihadla) a&nbsp;improvizace. Hodiny jsou doprov\u00e1zeny \u017eivou hudbou, na ka\u017ed\u00e9 lekci je p\u0159\u00edtomn\u00fd hudebn\u00edk korepetitor, d\u00edky n\u011bmu\u017e d\u011bti t\u0159\u00edb\u00ed sv\u016fj sluch a&nbsp;hudebn\u00ed c\u00edt\u011bn\u00ed. <span style=\"font-family: sans-serif;\"><span style=\"font-size: medium;\"><br \/>\n<\/span><\/span><\/p>\n<p><strong>HaLaLi<\/strong>\u00a0\u2013 pro d\u011bti 3\u20136 let.<br \/>\nPohyb a&nbsp;hudba v&nbsp;jednom, tak jak je zn\u00e1te z&nbsp;minul\u00e9ho roku. Op\u011bt se m\u016f\u017eeme t\u011b\u0161it na Vyn\u00e1\u0161en\u00ed Smrti, Masopust a&nbsp;dal\u0161\u00ed \u017eiveln\u00e1 vystoupen\u00ed pln\u00e1 energie a&nbsp;d\u011btsk\u00e9 hravosti. Tuchom\u011b\u0159ick\u00e9 d\u011bti budeme tento rok vyzved\u00e1vat p\u0159\u00edmo ve \u0161kolce.<span style=\"font-family: sans-serif;\"><span style=\"font-size: medium;\"><br \/>\n<\/span><\/span><\/p>\n<p>Sboro-orchestr <strong>Cvrkot<\/strong>\u00a0\u00a0je nov\u00e1 podoba d\u011btsk\u00e9ho sboru La Folia pro d\u011bti 7-12 let.<br \/>\nPo n\u011bkolikalet\u00e9 sborov\u00e9 pr\u00e1ci jsou d\u011bti schopn\u00e9 zp\u00edvat a&nbsp;z\u00e1rove\u0148 hr\u00e1t na n\u00e1stroje, samy vym\u00fd\u0161let a&nbsp;doprov\u00e1zet sv\u00e9 p\u00edsn\u011b. Rozhodli jsme se vytvo\u0159it jim za t\u00edmto \u00fa\u010delem novou platformu, kter\u00e1 by se neomezovala pouze na vok\u00e1ln\u00ed hudbu, ale naopak, kter\u00e1 bude otev\u0159ena ve\u0161ker\u00fdm tv\u016fr\u010d\u00edm podn\u011bt\u016fm i&nbsp;t\u011bm mimohudebn\u00edm. Pole otev\u0159en\u00e9 pro nov\u00e1 dobrodru\u017estv\u00ed.<\/p>\n<p><strong>Kytara<\/strong> \u2013 s&nbsp;Kate\u0159inou Mol\u010d\u00edkovou. Z\u00e1bavn\u00e9 hran\u00ed pro d\u011bti.<\/p>\n<p><strong>Creative workshop\u00a0<\/strong>\u2013 angli\u010dtina v&nbsp;experimentu s&nbsp;kreativn\u00ed Martinou Zp\u011bv\u00e1kovou, z\u00e1bavn\u00e9 pokusy s&nbsp;bonusem angli\u010dtiny pro d\u011bti 6.\u20139.&nbsp;t\u0159\u00eddy z\u016fst\u00e1v\u00e1 beze zm\u011bny.<\/p>\n<p><strong>Datel<\/strong> \u2013\u00a0s \u00fa\u017easnou \u00c1jou Mare\u010dkovou pro star\u0161\u00ed d\u011bti 8\u201312 let a<br \/>\n<strong>Ulita<\/strong> \u2013 s&nbsp;p\u0159\u00e1telskou Fany Hejdukovou pro d\u011bti ve v\u011bku 5\u20137 let.<\/p>\n<p><strong>V\u00fdtvarn\u00e9 odpoledne<\/strong>\u00a0\u2013<strong> Machovy prou\u017eky<\/strong> se skv\u011blou v\u00fdtvarnic\u00ed M\u00ed\u0161ou T\u016fmovou st\u00e1le\u00a0pokra\u010duj\u00ed ve stejn\u00e9 period\u011b 3 hodiny 1 x za 14&nbsp;dn\u00ed.<br \/>\nTerm\u00edny v&nbsp;sekci &#8222;<a href=\"http:\/\/www.tuseni.cz\/index.php\/kurzy-lektori\/#machovy\">Krou\u017eky<\/a>&#8220;<\/p>\n<p><strong>Kung-Fu <\/strong>pro mlad\u00e9 bojovn\u00edky z\u016fst\u00e1v\u00e1 beze zm\u011bn. P\u0159\u00edsn\u00e1 a&nbsp;n\u00e1ro\u010dn\u00e1 lektorka Petra Lorenzov\u00e1 bude za n\u00e1mi op\u011bt doj\u00ed\u017ed\u011bt.<\/p>\n<p>Dosp\u011bl\u00ed v&nbsp;r\u00e1mci Tu\u0161en\u00ed mohou nav\u0161t\u011bvovat Anglickou konverzaci, Tango, Pilates.\u00a0Nov\u011b se otev\u00edr\u00e1 kurz <strong>Salsy<\/strong>.<\/p>\n<p>Sm\u00ed\u0161en\u00fd sbor <strong>La Folia<\/strong> se osamostatnil a&nbsp;nad\u00e1le funguje jako nov\u00fd spolek. Od z\u00e1\u0159\u00ed mu bude hostovat nov\u00fd sbormistr vynikaj\u00edc\u00ed klav\u00edrista a&nbsp;skladatel Jan Du\u0161ek. <strong>P\u0159ib\u00edr\u00e1me nov\u00e9 \u010dleny!!! <\/strong><\/p>\n<p>V p\u0159\u00edpad\u011b dotaz\u016f, pros\u00edme, pi\u0161te na info@tuseni.cz, \u010di volejte na 723&nbsp;726&nbsp;833, p\u0159ihl\u00e1\u0161ky pos\u00edlejte na info@tuseni.cz.<\/p>","protected":false},"excerpt":{"rendered":"<p>Zahajujeme 4.&nbsp;sez\u00f3nu! z\u00e1pis do krou\u017ek\u016f prob\u00edh\u00e1 pr\u00e1v\u011b te\u010f!!! Camino-pohybov\u00e9 studio \u2013 pro d\u011bti ve v\u011bku 7\u201312 let. D\u011bti jsou zde vedeny ke zdrav\u00e9mu a&nbsp;p\u0159irozen\u00e9mu dr\u017een\u00ed t\u011bla, seznamuj\u00ed se z\u00e1konitostmi jako je dynamika, t\u011b\u017ei\u0161t\u011b, osa t\u011bla, prostor, n\u00e1vaznost pohybu. Neu\u010d\u00ed se \u017e\u00e1dn\u00e9 sestavy, nepapou\u0161kuj\u00ed, nekop\u00edruj\u00ed jsou vedeny k&nbsp;porozum\u011bn\u00ed vlastn\u00edmu t\u011blu a&nbsp;jeho mo\u017enostem. Rozv\u00edjej\u00ed svou fantazii. Sou\u010d\u00e1st\u00ed [&hellip;]<\/p>","protected":false},"author":1,"featured_media":0,"parent":1736,"menu_order":0,"comment_status":"closed","ping_status":"closed","template":"main.php","meta":{"footnotes":""},"class_list":["post-1225","page","type-page","status-publish","hentry"],"_links":{"self":[{"href":"https:\/\/www.tuseni.cz\/index.php\/wp-json\/wp\/v2\/pages\/1225","targetHints":{"allow":["GET"]}}],"collection":[{"href":"https:\/\/www.tuseni.cz\/index.php\/wp-json\/wp\/v2\/pages"}],"about":[{"href":"https:\/\/www.tuseni.cz\/index.php\/wp-json\/wp\/v2\/types\/page"}],"author":[{"embeddable":true,"href":"https:\/\/www.tuseni.cz\/index.php\/wp-json\/wp\/v2\/users\/1"}],"replies":[{"embeddable":true,"href":"https:\/\/www.tuseni.cz\/index.php\/wp-json\/wp\/v2\/comments?post=1225"}],"version-history":[{"count":1,"href":"https:\/\/www.tuseni.cz\/index.php\/wp-json\/wp\/v2\/pages\/1225\/revisions"}],"predecessor-version":[{"id":1226,"href":"https:\/\/www.tuseni.cz\/index.php\/wp-json\/wp\/v2\/pages\/1225\/revisions\/1226"}],"up":[{"embeddable":true,"href":"https:\/\/www.tuseni.cz\/index.php\/wp-json\/wp\/v2\/pages\/1736"}],"wp:attachment":[{"href":"https:\/\/www.tuseni.cz\/index.php\/wp-json\/wp\/v2\/media?parent=1225"}],"curies":[{"name":"wp","href":"https:\/\/api.w.org\/{rel}","templated":true}]}}