
{"id":13,"date":"2015-10-31T21:13:06","date_gmt":"2015-10-31T20:13:06","guid":{"rendered":"http:\/\/www.tuseni.cz\/?page_id=13"},"modified":"2022-09-27T16:10:14","modified_gmt":"2022-09-27T15:10:14","slug":"kontakty","status":"publish","type":"page","link":"https:\/\/www.tuseni.cz\/index.php\/kontakty\/","title":{"rendered":"Kontakty"},"content":{"rendered":"<p>Kontaktn\u00ed informace<\/p>\n\n\n\n<h3 class=\"fialova wp-block-heading\">Tu\u0161en\u00ed, z.s.<\/h3>\n\n\n\n<p>I\u010c: 04118278<br>S\u00eddlo: Za Kostelem 479, 252&nbsp;67 Tuchom\u011b\u0159ice<br><a href=\"http:\/\/www.tuseni.cz\/\">www.tuseni.cz<\/a><br>email: <a href=\"mailto:info@tuseni.cz\">info@tuseni.cz<\/a><br>tel: +420&nbsp;723&nbsp;726&nbsp;833 (MgA. Jana V\u00f6r\u00f6\u0161ov\u00e1)<br>bankovn\u00ed spojen\u00ed: 2000&nbsp;824&nbsp;076\/2010 (FIO)<\/p>\n\n\n\n<p><em>P\u0159edsedkyn\u011b spolku:<\/em> MgA. Jana V\u00f6r\u00f6\u0161ov\u00e1<br><em>Rada spolku:<\/em> Mgr. Eva Hosmanov\u00e1,<br>Bc. Veronika Kordov\u00e1 Fleischmannov\u00e1,<br>Ing. arch. Jitka Slepi\u010dkov\u00e1.<\/p>\n\n\n\n<figure class=\"wp-block-image size-large is-resized is-style-default\"><a href=\"https:\/\/www.tuseni.cz\/wp-content\/uploads\/2022\/09\/Kdo-jsme-Co-muzeme-nabidnout-opt.pdf\"><img loading=\"lazy\" decoding=\"async\" src=\"https:\/\/www.tuseni.cz\/wp-content\/uploads\/2022\/09\/Kdo-jsme-Co-muzeme-nabidnout-opt-1024x575.png\" alt=\"\" class=\"wp-image-2807\" width=\"566\" height=\"317\" srcset=\"https:\/\/www.tuseni.cz\/wp-content\/uploads\/2022\/09\/Kdo-jsme-Co-muzeme-nabidnout-opt-1024x575.png 1024w, https:\/\/www.tuseni.cz\/wp-content\/uploads\/2022\/09\/Kdo-jsme-Co-muzeme-nabidnout-opt-300x169.png 300w, https:\/\/www.tuseni.cz\/wp-content\/uploads\/2022\/09\/Kdo-jsme-Co-muzeme-nabidnout-opt-768x432.png 768w, https:\/\/www.tuseni.cz\/wp-content\/uploads\/2022\/09\/Kdo-jsme-Co-muzeme-nabidnout-opt-1536x863.png 1536w, https:\/\/www.tuseni.cz\/wp-content\/uploads\/2022\/09\/Kdo-jsme-Co-muzeme-nabidnout-opt-250x141.png 250w, https:\/\/www.tuseni.cz\/wp-content\/uploads\/2022\/09\/Kdo-jsme-Co-muzeme-nabidnout-opt.png 2000w\" sizes=\"auto, (max-width: 566px) 100vw, 566px\" \/><\/a><\/figure>\n\n\n\n<figure class=\"wp-block-image size-large is-resized is-style-default\"><a href=\"https:\/\/www.tuseni.cz\/wp-content\/uploads\/2022\/09\/Tuseni-2022_compressed.pdf\"><img loading=\"lazy\" decoding=\"async\" src=\"https:\/\/www.tuseni.cz\/wp-content\/uploads\/2022\/09\/Tuseni-2022-1024x575.jpg\" alt=\"\" class=\"wp-image-2814\" width=\"569\" height=\"319\" srcset=\"https:\/\/www.tuseni.cz\/wp-content\/uploads\/2022\/09\/Tuseni-2022-1024x575.jpg 1024w, https:\/\/www.tuseni.cz\/wp-content\/uploads\/2022\/09\/Tuseni-2022-300x169.jpg 300w, https:\/\/www.tuseni.cz\/wp-content\/uploads\/2022\/09\/Tuseni-2022-768x432.jpg 768w, https:\/\/www.tuseni.cz\/wp-content\/uploads\/2022\/09\/Tuseni-2022-1536x863.jpg 1536w, https:\/\/www.tuseni.cz\/wp-content\/uploads\/2022\/09\/Tuseni-2022-250x141.jpg 250w, https:\/\/www.tuseni.cz\/wp-content\/uploads\/2022\/09\/Tuseni-2022.jpg 2000w\" sizes=\"auto, (max-width: 569px) 100vw, 569px\" \/><\/a><\/figure>\n\n\n\n<h4 class=\"fialova wp-block-heading\">V\u00fdro\u010dn\u00ed zpr\u00e1vy<\/h4>\n\n\n\n<ul class=\"wp-block-list\"><li><a href=\"http:\/\/www.tuseni.cz\/wp-content\/uploads\/2016\/08\/tuseni-vz-2015.pdf\">V\u00fdro\u010dn\u00ed zpr\u00e1va za rok 2015<\/a><\/li><li><a href=\"http:\/\/www.tuseni.cz\/wp-content\/uploads\/2019\/12\/Tuseni-Vyrocni-zprava_2016.pdf\">V\u00fdro\u010dn\u00ed zpr\u00e1va za rok 2016<\/a><\/li><li><a href=\"http:\/\/www.tuseni.cz\/wp-content\/uploads\/2019\/12\/Tuseni-Vyrocni-zprava_2017.pdf\">V\u00fdro\u010dn\u00ed zpr\u00e1va za rok 2017<\/a><\/li><li><a href=\"http:\/\/www.tuseni.cz\/wp-content\/uploads\/2019\/12\/Tuseni-Vyrocni-zprava_2018.pdf\">V\u00fdro\u010dn\u00ed zpr\u00e1va za rok 2018<\/a><\/li><li><a href=\"http:\/\/www.tuseni.cz\/wp-content\/uploads\/2020\/10\/Tus\u030ceni\u0301_vyroc\u030cni\u0301-zpra\u0301va_-2019-1.pdf\">V\u00fdro\u010dn\u00ed zpr\u00e1va za rok 2019<\/a><\/li><li><a href=\"https:\/\/www.tuseni.cz\/wp-content\/uploads\/2022\/09\/2021_Tuseni-Vyrocni-zprava-opt.pdf\">V\u00fdro\u010dn\u00ed zpr\u00e1va za rok 2021<\/a><\/li><\/ul>\n\n\n\n<hr class=\"wp-block-separator\"\/>\n\n\n\n<h4 class=\"fialova wp-block-heading\">Kde v\u0161ude n\u00e1s najdete?<\/h4>\n\n\n\n<p>Krou\u017eky, kurzy, d\u00edlny jsou rozesety po r\u016fzn\u00fdch m\u00edstech v&nbsp;Tuchom\u011b\u0159ic\u00edch<\/p>\n\n\n\n<iframe loading=\"lazy\" style=\"border:none\" src=\"https:\/\/frame.mapy.cz\/s\/cufoseloko\" width=\"700\" height=\"466\" frameborder=\"0\"><\/iframe>\n\n\n\n<ol class=\"wp-block-list\"><li>Kotelna, \u0160koln\u00ed 70<\/li><li>Mate\u0159sk\u00e1 \u0161kolka<\/li><li>Kl\u00e1\u0161ter &#8211; s\u00fdpka<\/li><li>Kl\u00e1\u0161ter &#8211; knihovna<\/li><li>Kl\u00e1\u0161ter &#8211; j\u00eddelna<\/li><li>Kostel sv. V\u00edta<\/li><li>Poln\u00ed 478<\/li><li>R\u00e1kos\u00ed<\/li><li>D\u00fd\u0148ovi\u0161t\u011b<\/li><li>Kav\u00e1rna Hn\u00edzdo<\/li><li>Obecn\u00ed \u00fa\u0159ad<\/li><li>P\u0159\u00edrodn\u00ed pam\u00e1tka Kn\u011b\u017e\u00edvka<\/li><li>Ordinace<\/li><\/ol>","protected":false},"excerpt":{"rendered":"<p>Kontaktn\u00ed informace Tu\u0161en\u00ed, z.s. I\u010c: 04118278S\u00eddlo: Za Kostelem 479, 252&nbsp;67 Tuchom\u011b\u0159icewww.tuseni.czemail: info@tuseni.cztel: +420&nbsp;723&nbsp;726&nbsp;833 (MgA. Jana V\u00f6r\u00f6\u0161ov\u00e1)bankovn\u00ed spojen\u00ed: 2000&nbsp;824&nbsp;076\/2010 (FIO) P\u0159edsedkyn\u011b spolku: MgA. Jana V\u00f6r\u00f6\u0161ov\u00e1Rada spolku: Mgr. Eva Hosmanov\u00e1,Bc. Veronika Kordov\u00e1 Fleischmannov\u00e1,Ing. arch. Jitka Slepi\u010dkov\u00e1. V\u00fdro\u010dn\u00ed zpr\u00e1vy V\u00fdro\u010dn\u00ed zpr\u00e1va za rok 2015 V\u00fdro\u010dn\u00ed zpr\u00e1va za rok 2016 V\u00fdro\u010dn\u00ed zpr\u00e1va za rok 2017 V\u00fdro\u010dn\u00ed zpr\u00e1va za rok [&hellip;]<\/p>","protected":false},"author":1,"featured_media":0,"parent":0,"menu_order":0,"comment_status":"open","ping_status":"open","template":"main.php","meta":{"footnotes":""},"class_list":["post-13","page","type-page","status-publish","hentry"],"_links":{"self":[{"href":"https:\/\/www.tuseni.cz\/index.php\/wp-json\/wp\/v2\/pages\/13","targetHints":{"allow":["GET"]}}],"collection":[{"href":"https:\/\/www.tuseni.cz\/index.php\/wp-json\/wp\/v2\/pages"}],"about":[{"href":"https:\/\/www.tuseni.cz\/index.php\/wp-json\/wp\/v2\/types\/page"}],"author":[{"embeddable":true,"href":"https:\/\/www.tuseni.cz\/index.php\/wp-json\/wp\/v2\/users\/1"}],"replies":[{"embeddable":true,"href":"https:\/\/www.tuseni.cz\/index.php\/wp-json\/wp\/v2\/comments?post=13"}],"version-history":[{"count":42,"href":"https:\/\/www.tuseni.cz\/index.php\/wp-json\/wp\/v2\/pages\/13\/revisions"}],"predecessor-version":[{"id":2816,"href":"https:\/\/www.tuseni.cz\/index.php\/wp-json\/wp\/v2\/pages\/13\/revisions\/2816"}],"wp:attachment":[{"href":"https:\/\/www.tuseni.cz\/index.php\/wp-json\/wp\/v2\/media?parent=13"}],"curies":[{"name":"wp","href":"https:\/\/api.w.org\/{rel}","templated":true}]}}