
{"id":1460,"date":"2019-08-09T17:34:40","date_gmt":"2019-08-09T16:34:40","guid":{"rendered":"http:\/\/www.tuseni.cz\/?page_id=1460"},"modified":"2020-08-26T21:09:18","modified_gmt":"2020-08-26T20:09:18","slug":"jirina-vitu","status":"publish","type":"page","link":"https:\/\/www.tuseni.cz\/index.php\/lektori\/jirina-vitu\/","title":{"rendered":"Ji\u0159ina V\u00edt\u016f"},"content":{"rendered":"<div class=\"wp-block-image\"><figure class=\"alignright is-resized\"><img loading=\"lazy\" decoding=\"async\" src=\"http:\/\/www.tuseni.cz\/wp-content\/uploads\/2020\/08\/Fire_cut.jpg\" alt=\"\" class=\"wp-image-1921\" width=\"313\" height=\"319\" srcset=\"https:\/\/www.tuseni.cz\/wp-content\/uploads\/2020\/08\/Fire_cut.jpg 813w, https:\/\/www.tuseni.cz\/wp-content\/uploads\/2020\/08\/Fire_cut-294x300.jpg 294w, https:\/\/www.tuseni.cz\/wp-content\/uploads\/2020\/08\/Fire_cut-768x783.jpg 768w, https:\/\/www.tuseni.cz\/wp-content\/uploads\/2020\/08\/Fire_cut-250x255.jpg 250w\" sizes=\"auto, (max-width: 313px) 100vw, 313px\" \/><\/figure><\/div>\n\n\n\n<p>vystudovala u\u010ditelstv\u00ed chemie a&nbsp;matematiky na P\u0159\u00edrodov\u011bdeck\u00e9 fakult\u011b UK.B\u011bhem  studia se tak\u00e9 intenzivn\u011b v\u011bnovala angli\u010dtin\u011b a&nbsp;str\u00e1vila n\u011bkolik  semestr\u016f ve Velk\u00e9 Brit\u00e1nii &#8211; jako studentka a&nbsp;tak\u00e9 jako asistentka na  z\u00e1kladn\u00ed \u0161kole.Pracovala jako lektorka odborn\u00e9 angli\u010dtiny pro studenty chemie na P\u0159F UK a&nbsp;p\u0159ekladatelka popul\u00e1rn\u011b nau\u010dn\u00fdch knih o&nbsp;matematice.Nyn\u00ed se v\u011bnuje p\u0159edev\u0161\u00edm sv\u00fdm dv\u011bma mal\u00fdm d\u011btem, co\u017e pova\u017euje za jeden z&nbsp;nejv\u011bt\u0161\u00edch experiment\u016f sv\u00e9ho \u017eivota.<\/p>","protected":false},"excerpt":{"rendered":"<p>vystudovala u\u010ditelstv\u00ed chemie a&nbsp;matematiky na P\u0159\u00edrodov\u011bdeck\u00e9 fakult\u011b UK.B\u011bhem studia se tak\u00e9 intenzivn\u011b v\u011bnovala angli\u010dtin\u011b a&nbsp;str\u00e1vila n\u011bkolik semestr\u016f ve Velk\u00e9 Brit\u00e1nii &#8211; jako studentka a&nbsp;tak\u00e9 jako asistentka na z\u00e1kladn\u00ed \u0161kole.Pracovala jako lektorka odborn\u00e9 angli\u010dtiny pro studenty chemie na P\u0159F UK a&nbsp;p\u0159ekladatelka popul\u00e1rn\u011b nau\u010dn\u00fdch knih o&nbsp;matematice.Nyn\u00ed se v\u011bnuje p\u0159edev\u0161\u00edm sv\u00fdm dv\u011bma mal\u00fdm d\u011btem, co\u017e pova\u017euje za jeden [&hellip;]<\/p>","protected":false},"author":1,"featured_media":0,"parent":27,"menu_order":0,"comment_status":"closed","ping_status":"closed","template":"main.php","meta":{"footnotes":""},"class_list":["post-1460","page","type-page","status-publish","hentry"],"_links":{"self":[{"href":"https:\/\/www.tuseni.cz\/index.php\/wp-json\/wp\/v2\/pages\/1460","targetHints":{"allow":["GET"]}}],"collection":[{"href":"https:\/\/www.tuseni.cz\/index.php\/wp-json\/wp\/v2\/pages"}],"about":[{"href":"https:\/\/www.tuseni.cz\/index.php\/wp-json\/wp\/v2\/types\/page"}],"author":[{"embeddable":true,"href":"https:\/\/www.tuseni.cz\/index.php\/wp-json\/wp\/v2\/users\/1"}],"replies":[{"embeddable":true,"href":"https:\/\/www.tuseni.cz\/index.php\/wp-json\/wp\/v2\/comments?post=1460"}],"version-history":[{"count":2,"href":"https:\/\/www.tuseni.cz\/index.php\/wp-json\/wp\/v2\/pages\/1460\/revisions"}],"predecessor-version":[{"id":1922,"href":"https:\/\/www.tuseni.cz\/index.php\/wp-json\/wp\/v2\/pages\/1460\/revisions\/1922"}],"up":[{"embeddable":true,"href":"https:\/\/www.tuseni.cz\/index.php\/wp-json\/wp\/v2\/pages\/27"}],"wp:attachment":[{"href":"https:\/\/www.tuseni.cz\/index.php\/wp-json\/wp\/v2\/media?parent=1460"}],"curies":[{"name":"wp","href":"https:\/\/api.w.org\/{rel}","templated":true}]}}