
{"id":1480,"date":"2019-08-10T07:22:03","date_gmt":"2019-08-10T06:22:03","guid":{"rendered":"http:\/\/www.tuseni.cz\/?page_id=1480"},"modified":"2019-08-10T07:22:23","modified_gmt":"2019-08-10T06:22:23","slug":"mirka-hubalkova","status":"publish","type":"page","link":"https:\/\/www.tuseni.cz\/index.php\/lektori\/mirka-hubalkova\/","title":{"rendered":"Mirka Hub\u00e1lkov\u00e1"},"content":{"rendered":"<div class=\"wp-block-image\"><figure class=\"alignright is-resized\"><img loading=\"lazy\" decoding=\"async\" src=\"http:\/\/www.tuseni.cz\/wp-content\/uploads\/2019\/08\/Mirka-Hubalkova-768x1024.jpg\" alt=\"\" class=\"wp-image-1482\" width=\"243\" height=\"324\" srcset=\"https:\/\/www.tuseni.cz\/wp-content\/uploads\/2019\/08\/Mirka-Hubalkova-768x1024.jpg 768w, https:\/\/www.tuseni.cz\/wp-content\/uploads\/2019\/08\/Mirka-Hubalkova-225x300.jpg 225w, https:\/\/www.tuseni.cz\/wp-content\/uploads\/2019\/08\/Mirka-Hubalkova-250x333.jpg 250w\" sizes=\"auto, (max-width: 243px) 100vw, 243px\" \/><\/figure><\/div>\n\n\n\n<p>V\u00fdtvarn\u00e9 tvo\u0159en\u00ed mne prov\u00e1z\u00ed odjak\u017eiva, a\u0165 u\u017e p\u0159i studiu, pr\u00e1ci nebo jen tak pro radost ve voln\u00e9m \u010dase. \u00dasp\u011b\u0161n\u011b jsem absolvovala prvn\u00ed i&nbsp;druh\u00fd stupe\u0148 v\u00fdtvarn\u00e9ho oboru na ZU\u0160, po vystudov\u00e1n\u00ed krajinn\u00e9 architektury na Mendelov\u011b universit\u011b jsem pracovala v&nbsp;architektonick\u00e9m ateli\u00e9ru v&nbsp;Mnichov\u011b a&nbsp;pot\u00e9 v&nbsp;ateli\u00e9ru v&nbsp;Praze.  V&nbsp;sou\u010dasnosti se p\u0159i mate\u0159sk\u00fdch radostech p\u0159\u00edle\u017eitostn\u011b v\u011bnuji tvorb\u011b digit\u00e1ln\u00ed grafiky. St\u00e1le v\u00edce mne l\u00e1k\u00e1 pr\u00e1ce s&nbsp;lidmi a&nbsp;d\u011btmi, proto jsem r\u00e1da p\u0159ijala mo\u017enost v\u00e9st v\u00fdtvarn\u00fd krou\u017eek v&nbsp;r\u00e1mci Rodinn\u00e9ho centra Osmi\u010dka na Praze 8 a&nbsp;nyn\u00ed i&nbsp;v\u00fdtvarn\u00e9 odpoledne v&nbsp;Tu\u0161en\u00ed.  R\u00e1da cestuji, obdivuji p\u0159\u00edrodn\u00ed kr\u00e1sy, architekturu, bav\u00ed mne pozn\u00e1v\u00e1n\u00ed jin\u00fdch kultur, lid\u00ed, jejich zvyk\u016f a&nbsp;ochutn\u00e1v\u00e1n\u00ed lok\u00e1ln\u00edho j\u00eddla. Ve voln\u00e9m \u010dase r\u00e1da va\u0159\u00edm, zaj\u00edm\u00e1m se o&nbsp;zdrav\u00fd \u017eivotn\u00ed styl a&nbsp;osobn\u00ed r\u016fst. <\/p>","protected":false},"excerpt":{"rendered":"<p>V\u00fdtvarn\u00e9 tvo\u0159en\u00ed mne prov\u00e1z\u00ed odjak\u017eiva, a\u0165 u\u017e p\u0159i studiu, pr\u00e1ci nebo jen tak pro radost ve voln\u00e9m \u010dase. \u00dasp\u011b\u0161n\u011b jsem absolvovala prvn\u00ed i&nbsp;druh\u00fd stupe\u0148 v\u00fdtvarn\u00e9ho oboru na ZU\u0160, po vystudov\u00e1n\u00ed krajinn\u00e9 architektury na Mendelov\u011b universit\u011b jsem pracovala v&nbsp;architektonick\u00e9m ateli\u00e9ru v&nbsp;Mnichov\u011b a&nbsp;pot\u00e9 v&nbsp;ateli\u00e9ru v&nbsp;Praze. V&nbsp;sou\u010dasnosti se p\u0159i mate\u0159sk\u00fdch radostech p\u0159\u00edle\u017eitostn\u011b v\u011bnuji tvorb\u011b digit\u00e1ln\u00ed grafiky. St\u00e1le v\u00edce [&hellip;]<\/p>","protected":false},"author":1,"featured_media":0,"parent":27,"menu_order":0,"comment_status":"closed","ping_status":"closed","template":"main.php","meta":{"footnotes":""},"class_list":["post-1480","page","type-page","status-publish","hentry"],"_links":{"self":[{"href":"https:\/\/www.tuseni.cz\/index.php\/wp-json\/wp\/v2\/pages\/1480","targetHints":{"allow":["GET"]}}],"collection":[{"href":"https:\/\/www.tuseni.cz\/index.php\/wp-json\/wp\/v2\/pages"}],"about":[{"href":"https:\/\/www.tuseni.cz\/index.php\/wp-json\/wp\/v2\/types\/page"}],"author":[{"embeddable":true,"href":"https:\/\/www.tuseni.cz\/index.php\/wp-json\/wp\/v2\/users\/1"}],"replies":[{"embeddable":true,"href":"https:\/\/www.tuseni.cz\/index.php\/wp-json\/wp\/v2\/comments?post=1480"}],"version-history":[{"count":1,"href":"https:\/\/www.tuseni.cz\/index.php\/wp-json\/wp\/v2\/pages\/1480\/revisions"}],"predecessor-version":[{"id":1483,"href":"https:\/\/www.tuseni.cz\/index.php\/wp-json\/wp\/v2\/pages\/1480\/revisions\/1483"}],"up":[{"embeddable":true,"href":"https:\/\/www.tuseni.cz\/index.php\/wp-json\/wp\/v2\/pages\/27"}],"wp:attachment":[{"href":"https:\/\/www.tuseni.cz\/index.php\/wp-json\/wp\/v2\/media?parent=1480"}],"curies":[{"name":"wp","href":"https:\/\/api.w.org\/{rel}","templated":true}]}}