
{"id":1491,"date":"2019-08-10T07:55:53","date_gmt":"2019-08-10T06:55:53","guid":{"rendered":"http:\/\/www.tuseni.cz\/?page_id=1491"},"modified":"2019-08-10T07:58:09","modified_gmt":"2019-08-10T06:58:09","slug":"alzbeta-slavik-ziva","status":"publish","type":"page","link":"https:\/\/www.tuseni.cz\/index.php\/lektori\/alzbeta-slavik-ziva\/","title":{"rendered":"Al\u017eb\u011bta Slav\u00edk \u017div\u00e1"},"content":{"rendered":"<div class=\"wp-block-image\"><figure class=\"alignright is-resized\"><img loading=\"lazy\" decoding=\"async\" src=\"http:\/\/www.tuseni.cz\/wp-content\/uploads\/2019\/08\/Al\u017eb\u011bta-Slav\u00edk-\u017div\u00e1-1024x768.jpg\" alt=\"\" class=\"wp-image-1493\" width=\"277\" height=\"208\" srcset=\"https:\/\/www.tuseni.cz\/wp-content\/uploads\/2019\/08\/Al\u017eb\u011bta-Slav\u00edk-\u017div\u00e1-1024x768.jpg 1024w, https:\/\/www.tuseni.cz\/wp-content\/uploads\/2019\/08\/Al\u017eb\u011bta-Slav\u00edk-\u017div\u00e1-300x225.jpg 300w, https:\/\/www.tuseni.cz\/wp-content\/uploads\/2019\/08\/Al\u017eb\u011bta-Slav\u00edk-\u017div\u00e1-768x576.jpg 768w, https:\/\/www.tuseni.cz\/wp-content\/uploads\/2019\/08\/Al\u017eb\u011bta-Slav\u00edk-\u017div\u00e1-250x188.jpg 250w\" sizes=\"auto, (max-width: 277px) 100vw, 277px\" \/><\/figure><\/div>","protected":false},"excerpt":{"rendered":"","protected":false},"author":1,"featured_media":0,"parent":27,"menu_order":0,"comment_status":"closed","ping_status":"closed","template":"main.php","meta":{"footnotes":""},"class_list":["post-1491","page","type-page","status-publish","hentry"],"_links":{"self":[{"href":"https:\/\/www.tuseni.cz\/index.php\/wp-json\/wp\/v2\/pages\/1491","targetHints":{"allow":["GET"]}}],"collection":[{"href":"https:\/\/www.tuseni.cz\/index.php\/wp-json\/wp\/v2\/pages"}],"about":[{"href":"https:\/\/www.tuseni.cz\/index.php\/wp-json\/wp\/v2\/types\/page"}],"author":[{"embeddable":true,"href":"https:\/\/www.tuseni.cz\/index.php\/wp-json\/wp\/v2\/users\/1"}],"replies":[{"embeddable":true,"href":"https:\/\/www.tuseni.cz\/index.php\/wp-json\/wp\/v2\/comments?post=1491"}],"version-history":[{"count":3,"href":"https:\/\/www.tuseni.cz\/index.php\/wp-json\/wp\/v2\/pages\/1491\/revisions"}],"predecessor-version":[{"id":1497,"href":"https:\/\/www.tuseni.cz\/index.php\/wp-json\/wp\/v2\/pages\/1491\/revisions\/1497"}],"up":[{"embeddable":true,"href":"https:\/\/www.tuseni.cz\/index.php\/wp-json\/wp\/v2\/pages\/27"}],"wp:attachment":[{"href":"https:\/\/www.tuseni.cz\/index.php\/wp-json\/wp\/v2\/media?parent=1491"}],"curies":[{"name":"wp","href":"https:\/\/api.w.org\/{rel}","templated":true}]}}