
{"id":15,"date":"2015-10-31T21:57:44","date_gmt":"2015-10-31T20:57:44","guid":{"rendered":"http:\/\/www.tuseni.cz\/?page_id=15"},"modified":"2023-03-22T04:35:52","modified_gmt":"2023-03-22T03:35:52","slug":"o-nas","status":"publish","type":"page","link":"https:\/\/www.tuseni.cz\/index.php\/o-nas\/","title":{"rendered":"O n\u00e1s"},"content":{"rendered":"<h4 class=\"oranzova\" style=\"margin-left: 300px;\">Tu\u0161en\u00ed je &#8230;<\/h4>\n<h4 class=\"zluta\" style=\"margin-left: 40px;\">&#8230; neodbytn\u00fd pocit \u2026<\/h4>\n<h4 class=\"olivova\" style=\"margin-left: 150px;\">&#8230; \u0161imr\u00e1n\u00ed v&nbsp;b\u0159i\u0161e \u2026<\/h4>\n<h4 class=\"fialova\" style=\"margin-left: 240px;\">&#8230; je kulturn\u011b vzd\u011bl\u00e1vac\u00ed spolek.<\/h4>\n<p style=\"text-align: justify;\">Po\u0159\u00e1d\u00e1me pravideln\u00e9 kurzy pro d\u011bti i&nbsp;dosp\u011bl\u00e9, ob\u010dasn\u00e9 tvo\u0159iv\u00e9 d\u00edlny, koncerty, divadeln\u00ed p\u0159edstaven\u00ed. Sna\u017e\u00edme se propojovat jednotliv\u00e9 um\u011bleck\u00e9 obory mezi sebou, vyu\u017e\u00edt maxim\u00e1ln\u011b bohat\u00fd potenci\u00e1l, kter\u00fd Tuchom\u011b\u0159ice sk\u00fdtaj\u00ed. Navazovat a&nbsp;znovu objevovat tradi\u010dn\u00ed ud\u00e1losti v&nbsp;roce advent, velikono\u010dn\u00ed doba, masopust, du\u0161i\u010dky\u2026 Spolupracujeme s&nbsp;odborn\u00edky, um\u011blci, institucemi nap\u0159\u00ed\u010d \u017e\u00e1nry. Soust\u0159ed\u00edme se na autorsk\u00e1 p\u0159edstaven\u00ed, vlastn\u00ed tvorbu a&nbsp;rozv\u00edjen\u00ed fantazie.<\/p>\n<p><\/p>\n\n\n<figure class=\"wp-block-gallery has-nested-images columns-default is-cropped wp-block-gallery-1 is-layout-flex wp-block-gallery-is-layout-flex\">\n<figure class=\"wp-block-image size-large\"><a href=\"https:\/\/www.tuseni.cz\/wp-content\/uploads\/2022\/09\/Kdo-jsme-Co-muzeme-nabidnout-opt.pdf\"><img loading=\"lazy\" decoding=\"async\" width=\"1024\" height=\"576\" data-id=\"2871\" src=\"https:\/\/www.tuseni.cz\/wp-content\/uploads\/2023\/03\/Kdo-jsme-Co-muzeme-nabidnout-opt_01-1024x576.jpg\" alt=\"\" class=\"wp-image-2871\" srcset=\"https:\/\/www.tuseni.cz\/wp-content\/uploads\/2023\/03\/Kdo-jsme-Co-muzeme-nabidnout-opt_01-1024x576.jpg 1024w, https:\/\/www.tuseni.cz\/wp-content\/uploads\/2023\/03\/Kdo-jsme-Co-muzeme-nabidnout-opt_01-300x169.jpg 300w, https:\/\/www.tuseni.cz\/wp-content\/uploads\/2023\/03\/Kdo-jsme-Co-muzeme-nabidnout-opt_01-768x432.jpg 768w, https:\/\/www.tuseni.cz\/wp-content\/uploads\/2023\/03\/Kdo-jsme-Co-muzeme-nabidnout-opt_01-1536x864.jpg 1536w, https:\/\/www.tuseni.cz\/wp-content\/uploads\/2023\/03\/Kdo-jsme-Co-muzeme-nabidnout-opt_01-2048x1152.jpg 2048w, https:\/\/www.tuseni.cz\/wp-content\/uploads\/2023\/03\/Kdo-jsme-Co-muzeme-nabidnout-opt_01-250x141.jpg 250w\" sizes=\"auto, (max-width: 1024px) 100vw, 1024px\" \/><\/a><\/figure>\n<\/figure>\n\n\n\n<figure class=\"wp-block-image size-large\"><img loading=\"lazy\" decoding=\"async\" width=\"1024\" height=\"576\" src=\"https:\/\/www.tuseni.cz\/wp-content\/uploads\/2023\/03\/Kdo-jsme-Co-muzeme-nabidnout-opt_02-1024x576.jpg\" alt=\"\" class=\"wp-image-2875\" srcset=\"https:\/\/www.tuseni.cz\/wp-content\/uploads\/2023\/03\/Kdo-jsme-Co-muzeme-nabidnout-opt_02-1024x576.jpg 1024w, https:\/\/www.tuseni.cz\/wp-content\/uploads\/2023\/03\/Kdo-jsme-Co-muzeme-nabidnout-opt_02-300x169.jpg 300w, https:\/\/www.tuseni.cz\/wp-content\/uploads\/2023\/03\/Kdo-jsme-Co-muzeme-nabidnout-opt_02-768x432.jpg 768w, https:\/\/www.tuseni.cz\/wp-content\/uploads\/2023\/03\/Kdo-jsme-Co-muzeme-nabidnout-opt_02-1536x864.jpg 1536w, https:\/\/www.tuseni.cz\/wp-content\/uploads\/2023\/03\/Kdo-jsme-Co-muzeme-nabidnout-opt_02-2048x1152.jpg 2048w, https:\/\/www.tuseni.cz\/wp-content\/uploads\/2023\/03\/Kdo-jsme-Co-muzeme-nabidnout-opt_02-250x141.jpg 250w\" sizes=\"auto, (max-width: 1024px) 100vw, 1024px\" \/><\/figure>\n\n\n\n<figure class=\"wp-block-image size-large\"><img loading=\"lazy\" decoding=\"async\" width=\"1024\" height=\"576\" src=\"https:\/\/www.tuseni.cz\/wp-content\/uploads\/2023\/03\/Kdo-jsme-Co-muzeme-nabidnout-opt_03-1024x576.jpg\" alt=\"\" class=\"wp-image-2876\" srcset=\"https:\/\/www.tuseni.cz\/wp-content\/uploads\/2023\/03\/Kdo-jsme-Co-muzeme-nabidnout-opt_03-1024x576.jpg 1024w, https:\/\/www.tuseni.cz\/wp-content\/uploads\/2023\/03\/Kdo-jsme-Co-muzeme-nabidnout-opt_03-300x169.jpg 300w, https:\/\/www.tuseni.cz\/wp-content\/uploads\/2023\/03\/Kdo-jsme-Co-muzeme-nabidnout-opt_03-768x432.jpg 768w, https:\/\/www.tuseni.cz\/wp-content\/uploads\/2023\/03\/Kdo-jsme-Co-muzeme-nabidnout-opt_03-1536x864.jpg 1536w, https:\/\/www.tuseni.cz\/wp-content\/uploads\/2023\/03\/Kdo-jsme-Co-muzeme-nabidnout-opt_03-2048x1152.jpg 2048w, https:\/\/www.tuseni.cz\/wp-content\/uploads\/2023\/03\/Kdo-jsme-Co-muzeme-nabidnout-opt_03-250x141.jpg 250w\" sizes=\"auto, (max-width: 1024px) 100vw, 1024px\" \/><\/figure>\n\n\n\n<figure class=\"wp-block-image size-large\"><img loading=\"lazy\" decoding=\"async\" width=\"1024\" height=\"576\" src=\"https:\/\/www.tuseni.cz\/wp-content\/uploads\/2023\/03\/Kdo-jsme-Co-muzeme-nabidnout-opt_04-1024x576.jpg\" alt=\"\" class=\"wp-image-2877\" srcset=\"https:\/\/www.tuseni.cz\/wp-content\/uploads\/2023\/03\/Kdo-jsme-Co-muzeme-nabidnout-opt_04-1024x576.jpg 1024w, https:\/\/www.tuseni.cz\/wp-content\/uploads\/2023\/03\/Kdo-jsme-Co-muzeme-nabidnout-opt_04-300x169.jpg 300w, https:\/\/www.tuseni.cz\/wp-content\/uploads\/2023\/03\/Kdo-jsme-Co-muzeme-nabidnout-opt_04-768x432.jpg 768w, https:\/\/www.tuseni.cz\/wp-content\/uploads\/2023\/03\/Kdo-jsme-Co-muzeme-nabidnout-opt_04-1536x864.jpg 1536w, https:\/\/www.tuseni.cz\/wp-content\/uploads\/2023\/03\/Kdo-jsme-Co-muzeme-nabidnout-opt_04-2048x1152.jpg 2048w, https:\/\/www.tuseni.cz\/wp-content\/uploads\/2023\/03\/Kdo-jsme-Co-muzeme-nabidnout-opt_04-250x141.jpg 250w\" sizes=\"auto, (max-width: 1024px) 100vw, 1024px\" \/><\/figure>\n\n\n\n<figure class=\"wp-block-image size-large\"><img loading=\"lazy\" decoding=\"async\" width=\"1024\" height=\"576\" src=\"https:\/\/www.tuseni.cz\/wp-content\/uploads\/2023\/03\/Kdo-jsme-Co-muzeme-nabidnout-opt_05-1024x576.jpg\" alt=\"\" class=\"wp-image-2878\" srcset=\"https:\/\/www.tuseni.cz\/wp-content\/uploads\/2023\/03\/Kdo-jsme-Co-muzeme-nabidnout-opt_05-1024x576.jpg 1024w, https:\/\/www.tuseni.cz\/wp-content\/uploads\/2023\/03\/Kdo-jsme-Co-muzeme-nabidnout-opt_05-300x169.jpg 300w, https:\/\/www.tuseni.cz\/wp-content\/uploads\/2023\/03\/Kdo-jsme-Co-muzeme-nabidnout-opt_05-768x432.jpg 768w, https:\/\/www.tuseni.cz\/wp-content\/uploads\/2023\/03\/Kdo-jsme-Co-muzeme-nabidnout-opt_05-1536x864.jpg 1536w, https:\/\/www.tuseni.cz\/wp-content\/uploads\/2023\/03\/Kdo-jsme-Co-muzeme-nabidnout-opt_05-2048x1152.jpg 2048w, https:\/\/www.tuseni.cz\/wp-content\/uploads\/2023\/03\/Kdo-jsme-Co-muzeme-nabidnout-opt_05-250x141.jpg 250w\" sizes=\"auto, (max-width: 1024px) 100vw, 1024px\" \/><\/figure>\n\n\n\n<figure class=\"wp-block-image size-large\"><img loading=\"lazy\" decoding=\"async\" width=\"1024\" height=\"576\" src=\"https:\/\/www.tuseni.cz\/wp-content\/uploads\/2023\/03\/Kdo-jsme-Co-muzeme-nabidnout-opt_06-1024x576.jpg\" alt=\"\" class=\"wp-image-2879\" srcset=\"https:\/\/www.tuseni.cz\/wp-content\/uploads\/2023\/03\/Kdo-jsme-Co-muzeme-nabidnout-opt_06-1024x576.jpg 1024w, https:\/\/www.tuseni.cz\/wp-content\/uploads\/2023\/03\/Kdo-jsme-Co-muzeme-nabidnout-opt_06-300x169.jpg 300w, https:\/\/www.tuseni.cz\/wp-content\/uploads\/2023\/03\/Kdo-jsme-Co-muzeme-nabidnout-opt_06-768x432.jpg 768w, https:\/\/www.tuseni.cz\/wp-content\/uploads\/2023\/03\/Kdo-jsme-Co-muzeme-nabidnout-opt_06-1536x864.jpg 1536w, https:\/\/www.tuseni.cz\/wp-content\/uploads\/2023\/03\/Kdo-jsme-Co-muzeme-nabidnout-opt_06-2048x1152.jpg 2048w, https:\/\/www.tuseni.cz\/wp-content\/uploads\/2023\/03\/Kdo-jsme-Co-muzeme-nabidnout-opt_06-250x141.jpg 250w\" sizes=\"auto, (max-width: 1024px) 100vw, 1024px\" \/><\/figure>\n\n\n\n<figure class=\"wp-block-image size-large\"><img loading=\"lazy\" decoding=\"async\" width=\"1024\" height=\"576\" src=\"https:\/\/www.tuseni.cz\/wp-content\/uploads\/2023\/03\/Kdo-jsme-Co-muzeme-nabidnout-opt_07-1024x576.jpg\" alt=\"\" class=\"wp-image-2880\" srcset=\"https:\/\/www.tuseni.cz\/wp-content\/uploads\/2023\/03\/Kdo-jsme-Co-muzeme-nabidnout-opt_07-1024x576.jpg 1024w, https:\/\/www.tuseni.cz\/wp-content\/uploads\/2023\/03\/Kdo-jsme-Co-muzeme-nabidnout-opt_07-300x169.jpg 300w, https:\/\/www.tuseni.cz\/wp-content\/uploads\/2023\/03\/Kdo-jsme-Co-muzeme-nabidnout-opt_07-768x432.jpg 768w, https:\/\/www.tuseni.cz\/wp-content\/uploads\/2023\/03\/Kdo-jsme-Co-muzeme-nabidnout-opt_07-1536x864.jpg 1536w, https:\/\/www.tuseni.cz\/wp-content\/uploads\/2023\/03\/Kdo-jsme-Co-muzeme-nabidnout-opt_07-2048x1152.jpg 2048w, https:\/\/www.tuseni.cz\/wp-content\/uploads\/2023\/03\/Kdo-jsme-Co-muzeme-nabidnout-opt_07-250x141.jpg 250w\" sizes=\"auto, (max-width: 1024px) 100vw, 1024px\" \/><\/figure>\n\n\n\n<figure class=\"wp-block-image size-large\"><img loading=\"lazy\" decoding=\"async\" width=\"1024\" height=\"576\" src=\"https:\/\/www.tuseni.cz\/wp-content\/uploads\/2023\/03\/Kdo-jsme-Co-muzeme-nabidnout-opt_08-1024x576.jpg\" alt=\"\" class=\"wp-image-2881\" srcset=\"https:\/\/www.tuseni.cz\/wp-content\/uploads\/2023\/03\/Kdo-jsme-Co-muzeme-nabidnout-opt_08-1024x576.jpg 1024w, https:\/\/www.tuseni.cz\/wp-content\/uploads\/2023\/03\/Kdo-jsme-Co-muzeme-nabidnout-opt_08-300x169.jpg 300w, https:\/\/www.tuseni.cz\/wp-content\/uploads\/2023\/03\/Kdo-jsme-Co-muzeme-nabidnout-opt_08-768x432.jpg 768w, https:\/\/www.tuseni.cz\/wp-content\/uploads\/2023\/03\/Kdo-jsme-Co-muzeme-nabidnout-opt_08-1536x864.jpg 1536w, https:\/\/www.tuseni.cz\/wp-content\/uploads\/2023\/03\/Kdo-jsme-Co-muzeme-nabidnout-opt_08-2048x1152.jpg 2048w, https:\/\/www.tuseni.cz\/wp-content\/uploads\/2023\/03\/Kdo-jsme-Co-muzeme-nabidnout-opt_08-250x141.jpg 250w\" sizes=\"auto, (max-width: 1024px) 100vw, 1024px\" \/><\/figure>\n\n\n\n<figure class=\"wp-block-image size-large\"><img loading=\"lazy\" decoding=\"async\" width=\"1024\" height=\"576\" src=\"https:\/\/www.tuseni.cz\/wp-content\/uploads\/2023\/03\/Kdo-jsme-Co-muzeme-nabidnout-opt_09-1024x576.jpg\" alt=\"\" class=\"wp-image-2882\" srcset=\"https:\/\/www.tuseni.cz\/wp-content\/uploads\/2023\/03\/Kdo-jsme-Co-muzeme-nabidnout-opt_09-1024x576.jpg 1024w, https:\/\/www.tuseni.cz\/wp-content\/uploads\/2023\/03\/Kdo-jsme-Co-muzeme-nabidnout-opt_09-300x169.jpg 300w, https:\/\/www.tuseni.cz\/wp-content\/uploads\/2023\/03\/Kdo-jsme-Co-muzeme-nabidnout-opt_09-768x432.jpg 768w, https:\/\/www.tuseni.cz\/wp-content\/uploads\/2023\/03\/Kdo-jsme-Co-muzeme-nabidnout-opt_09-1536x864.jpg 1536w, https:\/\/www.tuseni.cz\/wp-content\/uploads\/2023\/03\/Kdo-jsme-Co-muzeme-nabidnout-opt_09-2048x1152.jpg 2048w, https:\/\/www.tuseni.cz\/wp-content\/uploads\/2023\/03\/Kdo-jsme-Co-muzeme-nabidnout-opt_09-250x141.jpg 250w\" sizes=\"auto, (max-width: 1024px) 100vw, 1024px\" \/><\/figure>\n\n\n\n<figure class=\"wp-block-image size-large\"><img loading=\"lazy\" decoding=\"async\" width=\"1024\" height=\"576\" src=\"https:\/\/www.tuseni.cz\/wp-content\/uploads\/2023\/03\/Kdo-jsme-Co-muzeme-nabidnout-opt_10-1024x576.jpg\" alt=\"\" class=\"wp-image-2883\" srcset=\"https:\/\/www.tuseni.cz\/wp-content\/uploads\/2023\/03\/Kdo-jsme-Co-muzeme-nabidnout-opt_10-1024x576.jpg 1024w, https:\/\/www.tuseni.cz\/wp-content\/uploads\/2023\/03\/Kdo-jsme-Co-muzeme-nabidnout-opt_10-300x169.jpg 300w, https:\/\/www.tuseni.cz\/wp-content\/uploads\/2023\/03\/Kdo-jsme-Co-muzeme-nabidnout-opt_10-768x432.jpg 768w, https:\/\/www.tuseni.cz\/wp-content\/uploads\/2023\/03\/Kdo-jsme-Co-muzeme-nabidnout-opt_10-1536x864.jpg 1536w, https:\/\/www.tuseni.cz\/wp-content\/uploads\/2023\/03\/Kdo-jsme-Co-muzeme-nabidnout-opt_10-2048x1152.jpg 2048w, https:\/\/www.tuseni.cz\/wp-content\/uploads\/2023\/03\/Kdo-jsme-Co-muzeme-nabidnout-opt_10-250x141.jpg 250w\" sizes=\"auto, (max-width: 1024px) 100vw, 1024px\" \/><\/figure>\n\n\n\n<figure class=\"wp-block-image size-large\"><img loading=\"lazy\" decoding=\"async\" width=\"1024\" height=\"576\" src=\"https:\/\/www.tuseni.cz\/wp-content\/uploads\/2023\/03\/Kdo-jsme-Co-muzeme-nabidnout-opt_11-1024x576.jpg\" alt=\"\" class=\"wp-image-2884\" srcset=\"https:\/\/www.tuseni.cz\/wp-content\/uploads\/2023\/03\/Kdo-jsme-Co-muzeme-nabidnout-opt_11-1024x576.jpg 1024w, https:\/\/www.tuseni.cz\/wp-content\/uploads\/2023\/03\/Kdo-jsme-Co-muzeme-nabidnout-opt_11-300x169.jpg 300w, https:\/\/www.tuseni.cz\/wp-content\/uploads\/2023\/03\/Kdo-jsme-Co-muzeme-nabidnout-opt_11-768x432.jpg 768w, https:\/\/www.tuseni.cz\/wp-content\/uploads\/2023\/03\/Kdo-jsme-Co-muzeme-nabidnout-opt_11-1536x864.jpg 1536w, https:\/\/www.tuseni.cz\/wp-content\/uploads\/2023\/03\/Kdo-jsme-Co-muzeme-nabidnout-opt_11-2048x1152.jpg 2048w, https:\/\/www.tuseni.cz\/wp-content\/uploads\/2023\/03\/Kdo-jsme-Co-muzeme-nabidnout-opt_11-250x141.jpg 250w\" sizes=\"auto, (max-width: 1024px) 100vw, 1024px\" \/><\/figure>\n\n\n\n<figure class=\"wp-block-image size-large\"><img loading=\"lazy\" decoding=\"async\" width=\"1024\" height=\"576\" src=\"https:\/\/www.tuseni.cz\/wp-content\/uploads\/2023\/03\/Kdo-jsme-Co-muzeme-nabidnout-opt_12-1024x576.jpg\" alt=\"\" class=\"wp-image-2885\" srcset=\"https:\/\/www.tuseni.cz\/wp-content\/uploads\/2023\/03\/Kdo-jsme-Co-muzeme-nabidnout-opt_12-1024x576.jpg 1024w, https:\/\/www.tuseni.cz\/wp-content\/uploads\/2023\/03\/Kdo-jsme-Co-muzeme-nabidnout-opt_12-300x169.jpg 300w, https:\/\/www.tuseni.cz\/wp-content\/uploads\/2023\/03\/Kdo-jsme-Co-muzeme-nabidnout-opt_12-768x432.jpg 768w, https:\/\/www.tuseni.cz\/wp-content\/uploads\/2023\/03\/Kdo-jsme-Co-muzeme-nabidnout-opt_12-1536x864.jpg 1536w, https:\/\/www.tuseni.cz\/wp-content\/uploads\/2023\/03\/Kdo-jsme-Co-muzeme-nabidnout-opt_12-2048x1152.jpg 2048w, https:\/\/www.tuseni.cz\/wp-content\/uploads\/2023\/03\/Kdo-jsme-Co-muzeme-nabidnout-opt_12-250x141.jpg 250w\" sizes=\"auto, (max-width: 1024px) 100vw, 1024px\" \/><\/figure>\n\n\n\n<figure class=\"wp-block-image size-large\"><img loading=\"lazy\" decoding=\"async\" width=\"1024\" height=\"576\" src=\"https:\/\/www.tuseni.cz\/wp-content\/uploads\/2023\/03\/Kdo-jsme-Co-muzeme-nabidnout-opt_13-1024x576.jpg\" alt=\"\" class=\"wp-image-2886\" srcset=\"https:\/\/www.tuseni.cz\/wp-content\/uploads\/2023\/03\/Kdo-jsme-Co-muzeme-nabidnout-opt_13-1024x576.jpg 1024w, https:\/\/www.tuseni.cz\/wp-content\/uploads\/2023\/03\/Kdo-jsme-Co-muzeme-nabidnout-opt_13-300x169.jpg 300w, https:\/\/www.tuseni.cz\/wp-content\/uploads\/2023\/03\/Kdo-jsme-Co-muzeme-nabidnout-opt_13-768x432.jpg 768w, https:\/\/www.tuseni.cz\/wp-content\/uploads\/2023\/03\/Kdo-jsme-Co-muzeme-nabidnout-opt_13-1536x864.jpg 1536w, https:\/\/www.tuseni.cz\/wp-content\/uploads\/2023\/03\/Kdo-jsme-Co-muzeme-nabidnout-opt_13-2048x1152.jpg 2048w, https:\/\/www.tuseni.cz\/wp-content\/uploads\/2023\/03\/Kdo-jsme-Co-muzeme-nabidnout-opt_13-250x141.jpg 250w\" sizes=\"auto, (max-width: 1024px) 100vw, 1024px\" \/><\/figure>","protected":false},"excerpt":{"rendered":"<p>Tu\u0161en\u00ed je &#8230; &#8230; neodbytn\u00fd pocit \u2026 &#8230; \u0161imr\u00e1n\u00ed v&nbsp;b\u0159i\u0161e \u2026 &#8230; je kulturn\u011b vzd\u011bl\u00e1vac\u00ed spolek. Po\u0159\u00e1d\u00e1me pravideln\u00e9 kurzy pro d\u011bti i&nbsp;dosp\u011bl\u00e9, ob\u010dasn\u00e9 tvo\u0159iv\u00e9 d\u00edlny, koncerty, divadeln\u00ed p\u0159edstaven\u00ed. Sna\u017e\u00edme se propojovat jednotliv\u00e9 um\u011bleck\u00e9 obory mezi sebou, vyu\u017e\u00edt maxim\u00e1ln\u011b bohat\u00fd potenci\u00e1l, kter\u00fd Tuchom\u011b\u0159ice sk\u00fdtaj\u00ed. Navazovat a&nbsp;znovu objevovat tradi\u010dn\u00ed ud\u00e1losti v&nbsp;roce advent, velikono\u010dn\u00ed doba, masopust, du\u0161i\u010dky\u2026 Spolupracujeme [&hellip;]<\/p>","protected":false},"author":1,"featured_media":0,"parent":0,"menu_order":0,"comment_status":"open","ping_status":"open","template":"main.php","meta":{"footnotes":""},"class_list":["post-15","page","type-page","status-publish","hentry"],"_links":{"self":[{"href":"https:\/\/www.tuseni.cz\/index.php\/wp-json\/wp\/v2\/pages\/15","targetHints":{"allow":["GET"]}}],"collection":[{"href":"https:\/\/www.tuseni.cz\/index.php\/wp-json\/wp\/v2\/pages"}],"about":[{"href":"https:\/\/www.tuseni.cz\/index.php\/wp-json\/wp\/v2\/types\/page"}],"author":[{"embeddable":true,"href":"https:\/\/www.tuseni.cz\/index.php\/wp-json\/wp\/v2\/users\/1"}],"replies":[{"embeddable":true,"href":"https:\/\/www.tuseni.cz\/index.php\/wp-json\/wp\/v2\/comments?post=15"}],"version-history":[{"count":19,"href":"https:\/\/www.tuseni.cz\/index.php\/wp-json\/wp\/v2\/pages\/15\/revisions"}],"predecessor-version":[{"id":2888,"href":"https:\/\/www.tuseni.cz\/index.php\/wp-json\/wp\/v2\/pages\/15\/revisions\/2888"}],"wp:attachment":[{"href":"https:\/\/www.tuseni.cz\/index.php\/wp-json\/wp\/v2\/media?parent=15"}],"curies":[{"name":"wp","href":"https:\/\/api.w.org\/{rel}","templated":true}]}}