
{"id":1529,"date":"2019-08-14T08:41:33","date_gmt":"2019-08-14T07:41:33","guid":{"rendered":"http:\/\/www.tuseni.cz\/?page_id=1529"},"modified":"2021-08-27T14:30:24","modified_gmt":"2021-08-27T13:30:24","slug":"galyna-baziv","status":"publish","type":"page","link":"https:\/\/www.tuseni.cz\/index.php\/lektori\/galyna-baziv\/","title":{"rendered":"Galyna Baziv"},"content":{"rendered":"<p>Angli\u010dtinu\n u\u010d\u00edm s&nbsp;radost\u00ed od roku 2002. M\u00e1m zku\u0161enosti s&nbsp;v\u00fdukou r\u016fzn\u00fdch v\u011bkov\u00fdch \nkategori\u00ed: d\u011bti, stredo\u0161kol\u00e1ci, p\u0159\u00edprava na maturitu a&nbsp;zkou\u0161ky, dosp\u011bl\u00ed\n ,individu\u00e1ln\u00ed i&nbsp;skupinov\u00e1 v\u00fduka. U\u010d\u00edm v\u0161eobecnou a&nbsp;obchodn\u00ed angli\u010dtinu.<br><\/p>\n\n\n\n<p>Zaj\u00edm\u00e1m se o&nbsp;alternativn\u00ed zp\u016fsoby v\u00fduky a&nbsp;novu metodiku, jsem \u010dlenkou u\u010ditelsk\u00e9ho klubu Oxford University Press.<\/p>\n\n\n\n<p>Ve sv\u00fdch hodin\u00e1ch kladu d\u016fraz na mluven\u00fd projev, v\u00fdslovnost, interaktivn\u00ed cvi\u010den\u00ed.<br><\/p>\n\n\n\n<p>Vyu\u010dovac\u00ed\n hodina obsahuje n\u011bkolik \u010d\u00e1st\u00ed, kde procvi\u010dujeme gramatiku a&nbsp;slovn\u00ed \nz\u00e1sobu, zam\u011b\u0159ujeme se na konverzaci, nechyb\u00ed ani poslechov\u00e9 cvi\u010den\u00ed a&nbsp;\ntakt\u00e9\u017e \u010dten\u00ed a&nbsp;porozum\u011bn\u00ed text\u016f.&nbsp;V\u0161e je upraveno dle pot\u0159eby a&nbsp;\u00farovni \npokro\u010dilosti \u017e\u00e1k\u016f s&nbsp;individu\u00e1ln\u00edm p\u0159\u00edstupem.<\/p>\n\n\n\n<p>Hodiny\n maj\u00ed t\u00e9matick\u00e1 zam\u011b\u0159en\u00ed: cestov\u00e1n\u00ed, restaurace, sv\u00e1tky a&nbsp;jin\u00e9 kulturn\u00ed re\u00e1lie. C\u00edlem je rozmluvit \u017e\u00e1ky, nau\u010dit je \nrychle reagovat a&nbsp;pokl\u00e1dat ot\u00e1zky, b\u00fdt schopen pou\u017e\u00edt sv\u00e9 znalosti i&nbsp;\nmimo lekce Aj.<\/p>\n\n\n\n<p>Moje pr\u00e1ce &#8211; m\u016fj&nbsp; kon\u00ed\u010dek a&nbsp;tak&nbsp; \u0159\u00edk\u00e1m sv\u00fdm \u017e\u00e1k\u016fm&nbsp; &#8211; Learn English, Live English, Love English.<\/p>","protected":false},"excerpt":{"rendered":"<p>Angli\u010dtinu u\u010d\u00edm s&nbsp;radost\u00ed od roku 2002. M\u00e1m zku\u0161enosti s&nbsp;v\u00fdukou r\u016fzn\u00fdch v\u011bkov\u00fdch kategori\u00ed: d\u011bti, stredo\u0161kol\u00e1ci, p\u0159\u00edprava na maturitu a&nbsp;zkou\u0161ky, dosp\u011bl\u00ed ,individu\u00e1ln\u00ed i&nbsp;skupinov\u00e1 v\u00fduka. U\u010d\u00edm v\u0161eobecnou a&nbsp;obchodn\u00ed angli\u010dtinu. Zaj\u00edm\u00e1m se o&nbsp;alternativn\u00ed zp\u016fsoby v\u00fduky a&nbsp;novu metodiku, jsem \u010dlenkou u\u010ditelsk\u00e9ho klubu Oxford University Press. Ve sv\u00fdch hodin\u00e1ch kladu d\u016fraz na mluven\u00fd projev, v\u00fdslovnost, interaktivn\u00ed cvi\u010den\u00ed. Vyu\u010dovac\u00ed hodina obsahuje n\u011bkolik [&hellip;]<\/p>","protected":false},"author":1,"featured_media":0,"parent":27,"menu_order":0,"comment_status":"closed","ping_status":"closed","template":"main.php","meta":{"footnotes":""},"class_list":["post-1529","page","type-page","status-publish","hentry"],"_links":{"self":[{"href":"https:\/\/www.tuseni.cz\/index.php\/wp-json\/wp\/v2\/pages\/1529","targetHints":{"allow":["GET"]}}],"collection":[{"href":"https:\/\/www.tuseni.cz\/index.php\/wp-json\/wp\/v2\/pages"}],"about":[{"href":"https:\/\/www.tuseni.cz\/index.php\/wp-json\/wp\/v2\/types\/page"}],"author":[{"embeddable":true,"href":"https:\/\/www.tuseni.cz\/index.php\/wp-json\/wp\/v2\/users\/1"}],"replies":[{"embeddable":true,"href":"https:\/\/www.tuseni.cz\/index.php\/wp-json\/wp\/v2\/comments?post=1529"}],"version-history":[{"count":3,"href":"https:\/\/www.tuseni.cz\/index.php\/wp-json\/wp\/v2\/pages\/1529\/revisions"}],"predecessor-version":[{"id":2458,"href":"https:\/\/www.tuseni.cz\/index.php\/wp-json\/wp\/v2\/pages\/1529\/revisions\/2458"}],"up":[{"embeddable":true,"href":"https:\/\/www.tuseni.cz\/index.php\/wp-json\/wp\/v2\/pages\/27"}],"wp:attachment":[{"href":"https:\/\/www.tuseni.cz\/index.php\/wp-json\/wp\/v2\/media?parent=1529"}],"curies":[{"name":"wp","href":"https:\/\/api.w.org\/{rel}","templated":true}]}}