
{"id":1736,"date":"2020-08-26T09:36:54","date_gmt":"2020-08-26T08:36:54","guid":{"rendered":"http:\/\/www.tuseni.cz\/?page_id=1736"},"modified":"2022-07-03T12:09:49","modified_gmt":"2022-07-03T11:09:49","slug":"aktuality-2021-2022","status":"publish","type":"page","link":"https:\/\/www.tuseni.cz\/index.php\/aktuality-2021-2022\/","title":{"rendered":"Aktuality 2021\/2022"},"content":{"rendered":"<p>ned\u011ble | 12.&nbsp;6.&nbsp;2022 | kl\u00e1\u0161ter<\/p>\n\n\n\n<h6 class=\"wp-block-heading\">Svatov\u00edtsk\u00e1 pou\u0165<\/h6>\n\n\n\n<figure class=\"wp-block-image size-large is-resized is-style-default\"><a href=\"https:\/\/www.tuseni.cz\/wp-content\/uploads\/2022\/06\/Pout-2022.jpg\"><img loading=\"lazy\" decoding=\"async\" src=\"https:\/\/www.tuseni.cz\/wp-content\/uploads\/2022\/06\/Pout-2022-724x1024.jpg\" alt=\"\" class=\"wp-image-2646\" width=\"350\" height=\"476\"\/><\/a><\/figure>\n\n\n\n<hr class=\"wp-block-separator\"\/>\n\n\n\n<p>p\u00e1tek | 10.&nbsp;6.&nbsp;2022 | 17:00 | S\u00fdpka<\/p>\n\n\n\n<h6 class=\"wp-block-heading\">V\u00fdstava<\/h6>\n\n\n\n<figure class=\"wp-block-image size-large is-resized is-style-default\"><a href=\"https:\/\/www.tuseni.cz\/wp-content\/uploads\/2022\/06\/Vystava-2022.jpg\"><img loading=\"lazy\" decoding=\"async\" src=\"https:\/\/www.tuseni.cz\/wp-content\/uploads\/2022\/06\/Vystava-2022-575x1024.jpg\" alt=\"\" class=\"wp-image-2651\" width=\"350\" height=\"629\"\/><\/a><\/figure>\n\n\n\n<hr class=\"wp-block-separator\"\/>\n\n\n\n<p>Kv\u011btn\u00e1 ned\u011ble | 10.&nbsp;4.&nbsp;2022 | 15:00 | kostel sv. V\u00edta<\/p>\n\n\n\n<h6 class=\"wp-block-heading\">Pa\u0161ijov\u00e1 hra<\/h6>\n\n\n\n<p><em>&#8230; Plav, Zimo, plav, v\u00edc se nezastav!!! &#8230;.<\/em><\/p>\n\n\n\n<p>Dovolujeme si v\u00e1s pozvat na jedine\u010dn\u00e9 p\u0159edstaven\u00ed <strong>PA\u0160IJE.<\/strong> <br>V plen\u00e9ru kolem tuchom\u011b\u0159ick\u00e9ho kl\u00e1\u0161tera uvid\u00edte tan\u010dit <strong>L\u00e9tavice<\/strong>, usly\u0161\u00edte zp\u00edvat<strong> d\u011btsk\u00fd sbor Cvrkot a&nbsp;d\u011btsk\u00fd a&nbsp;sm\u00ed\u0161en\u00fd sbor La Folia <\/strong>za doprovodu kapely<strong> HOLINKY<\/strong>. Pa\u0161ijov\u00fdm p\u0159\u00edb\u011bhem v\u00e1s provede here\u010dka a&nbsp;autorka sc\u00e9n\u00e1\u0159e <strong>\u00c1ja Mare\u010dkov\u00e1<\/strong>.<br><strong>Tuto ned\u011bli 10.4.&nbsp;2022 v&nbsp;15:00 p\u0159ed kostelem sv. V\u00edta v&nbsp;Tuchom\u011b\u0159ic\u00edch!!!<br><\/strong><br><em>Od 14:00 do 17:00 na n\u00e1dvo\u0159\u00ed kl\u00e1\u0161tera bude prob\u00edhat Velikono\u010dn\u00ed JARMARK!<br><br>T\u011b\u0161\u00edme se na v\u00e1s!<\/em><br><em>Za t\u00fdm Tu\u0161en\u00ed Jana V\u00f6r\u00f6\u0161ov\u00e1<\/em><\/p>\n\n\n\n<figure class=\"wp-block-image size-large is-resized is-style-default\"><a href=\"https:\/\/www.tuseni.cz\/wp-content\/uploads\/2022\/03\/pasije-2022.jpg\"><img loading=\"lazy\" decoding=\"async\" src=\"https:\/\/www.tuseni.cz\/wp-content\/uploads\/2022\/03\/pasije-2022-724x1024.jpg\" alt=\"\" class=\"wp-image-2629\" width=\"350\" height=\"491\"\/><\/a><\/figure>\n\n\n\n<hr class=\"wp-block-separator\"\/>\n\n\n\n<h6 class=\"wp-block-heading\">Nov\u00e9 kurzy<\/h6>\n\n\n\n<figure class=\"wp-block-image size-large is-resized is-style-default\"><a href=\"https:\/\/www.tuseni.cz\/wp-content\/uploads\/2022\/01\/Jazykove-kurzy.jpg\"><img loading=\"lazy\" decoding=\"async\" src=\"https:\/\/www.tuseni.cz\/wp-content\/uploads\/2022\/01\/Jazykove-kurzy-724x1024.jpg\" alt=\"\" class=\"wp-image-2611\" width=\"350\" height=\"508\"\/><\/a><\/figure>\n\n\n\n<p><\/p>\n\n\n\n<hr class=\"wp-block-separator\"\/>\n\n\n\n<h6 class=\"wp-block-heading\">PF 2022<\/h6>\n\n\n\n<figure class=\"wp-block-embed is-type-video is-provider-youtube wp-block-embed-youtube wp-embed-aspect-16-9 wp-has-aspect-ratio\"><div class=\"wp-block-embed__wrapper\">\n<iframe loading=\"lazy\" title=\"PF 2022\" width=\"500\" height=\"281\" src=\"https:\/\/www.youtube.com\/embed\/vQKTDnrchEk?feature=oembed\" frameborder=\"0\" allow=\"accelerometer; autoplay; clipboard-write; encrypted-media; gyroscope; picture-in-picture; web-share\" referrerpolicy=\"strict-origin-when-cross-origin\" allowfullscreen><\/iframe>\n<\/div><\/figure>\n\n\n\n<p><\/p>\n\n\n\n<hr class=\"wp-block-separator\"\/>\n\n\n\n<figure class=\"wp-block-image size-large is-resized is-style-default\"><a href=\"https:\/\/www.tuseni.cz\/wp-content\/uploads\/2021\/12\/PF-2022.jpg\"><img decoding=\"async\" src=\"https:\/\/www.tuseni.cz\/wp-content\/uploads\/2021\/12\/PF-2022-724x1024.jpg\" alt=\"\" class=\"wp-image-2593\" width=\"350\" srcset=\"https:\/\/www.tuseni.cz\/wp-content\/uploads\/2021\/12\/PF-2022-724x1024.jpg 724w, https:\/\/www.tuseni.cz\/wp-content\/uploads\/2021\/12\/PF-2022-212x300.jpg 212w, https:\/\/www.tuseni.cz\/wp-content\/uploads\/2021\/12\/PF-2022-768x1086.jpg 768w, https:\/\/www.tuseni.cz\/wp-content\/uploads\/2021\/12\/PF-2022-1086x1536.jpg 1086w, https:\/\/www.tuseni.cz\/wp-content\/uploads\/2021\/12\/PF-2022-1448x2048.jpg 1448w, https:\/\/www.tuseni.cz\/wp-content\/uploads\/2021\/12\/PF-2022-250x354.jpg 250w, https:\/\/www.tuseni.cz\/wp-content\/uploads\/2021\/12\/PF-2022.jpg 1653w\" sizes=\"(max-width: 724px) 100vw, 724px\" \/><\/a><\/figure>\n\n\n\n<p><\/p>\n\n\n\n<hr class=\"wp-block-separator\"\/>\n\n\n\n<p>ned\u011ble 19.&nbsp;12. | 16 hod. | kostel sv. V\u00edta<\/p>\n\n\n\n<h6 class=\"wp-block-heading\">Teta Kometa<\/h6>\n\n\n\n<figure class=\"wp-block-image size-large is-resized is-style-default\"><a href=\"https:\/\/www.tuseni.cz\/wp-content\/uploads\/2021\/11\/Teta-KOMETA.jpg\"><img decoding=\"async\" src=\"https:\/\/www.tuseni.cz\/wp-content\/uploads\/2021\/11\/Teta-KOMETA-724x1024.jpg\" alt=\"\" class=\"wp-image-2579\" width=\"350\" srcset=\"https:\/\/www.tuseni.cz\/wp-content\/uploads\/2021\/11\/Teta-KOMETA-724x1024.jpg 724w, https:\/\/www.tuseni.cz\/wp-content\/uploads\/2021\/11\/Teta-KOMETA-212x300.jpg 212w, https:\/\/www.tuseni.cz\/wp-content\/uploads\/2021\/11\/Teta-KOMETA-768x1087.jpg 768w, https:\/\/www.tuseni.cz\/wp-content\/uploads\/2021\/11\/Teta-KOMETA-250x354.jpg 250w, https:\/\/www.tuseni.cz\/wp-content\/uploads\/2021\/11\/Teta-KOMETA.jpg 1060w\" sizes=\"(max-width: 724px) 100vw, 724px\" \/><\/a><\/figure>\n\n\n\n<p><\/p>\n\n\n\n<hr class=\"wp-block-separator\"\/>\n\n\n\n<p>ned\u011ble 5.&nbsp;12. | 16 hod. | kostel sv. V\u00edta<\/p>\n\n\n\n<h6 class=\"wp-block-heading\">Mikul\u00e1\u0161sk\u00fd koncert <\/h6>\n\n\n\n<figure class=\"wp-block-image size-large is-resized is-style-default\"><a href=\"https:\/\/www.tuseni.cz\/wp-content\/uploads\/2021\/11\/Mikulasky-koncert.jpg\"><img decoding=\"async\" src=\"https:\/\/www.tuseni.cz\/wp-content\/uploads\/2021\/11\/Mikulasky-koncert-723x1024.jpg\" alt=\"\" class=\"wp-image-2578\" width=\"350\" srcset=\"https:\/\/www.tuseni.cz\/wp-content\/uploads\/2021\/11\/Mikulasky-koncert-723x1024.jpg 723w, https:\/\/www.tuseni.cz\/wp-content\/uploads\/2021\/11\/Mikulasky-koncert-212x300.jpg 212w, https:\/\/www.tuseni.cz\/wp-content\/uploads\/2021\/11\/Mikulasky-koncert-768x1087.jpg 768w, https:\/\/www.tuseni.cz\/wp-content\/uploads\/2021\/11\/Mikulasky-koncert-1085x1536.jpg 1085w, https:\/\/www.tuseni.cz\/wp-content\/uploads\/2021\/11\/Mikulasky-koncert-250x354.jpg 250w, https:\/\/www.tuseni.cz\/wp-content\/uploads\/2021\/11\/Mikulasky-koncert.jpg 1413w\" sizes=\"(max-width: 723px) 100vw, 723px\" \/><\/a><\/figure>\n\n\n\n<p><\/p>\n\n\n\n<hr class=\"wp-block-separator\"\/>\n\n\n\n<figure class=\"wp-block-image size-large is-resized is-style-default\"><a href=\"https:\/\/www.tuseni.cz\/wp-content\/uploads\/2021\/10\/Kometa-ochotnici.png\"><img loading=\"lazy\" decoding=\"async\" src=\"https:\/\/www.tuseni.cz\/wp-content\/uploads\/2021\/10\/Kometa-ochotnici-724x1024.png\" alt=\"\" class=\"wp-image-2560\" width=\"350\" height=\"499\"\/><\/a><\/figure>\n\n\n\n<h6 class=\"wp-block-heading\">\u0158et\u00edzek<\/h6>\n\n\n\n<figure class=\"wp-block-image size-large is-resized is-style-default\"><a href=\"https:\/\/www.tuseni.cz\/wp-content\/uploads\/2021\/09\/Retizek_logo.jpg\"><img decoding=\"async\" src=\"https:\/\/www.tuseni.cz\/wp-content\/uploads\/2021\/09\/Retizek_logo-724x1024.jpg\" alt=\"\" class=\"wp-image-2550\" width=\"350\" srcset=\"https:\/\/www.tuseni.cz\/wp-content\/uploads\/2021\/09\/Retizek_logo-724x1024.jpg 724w, https:\/\/www.tuseni.cz\/wp-content\/uploads\/2021\/09\/Retizek_logo-212x300.jpg 212w, https:\/\/www.tuseni.cz\/wp-content\/uploads\/2021\/09\/Retizek_logo-768x1086.jpg 768w, https:\/\/www.tuseni.cz\/wp-content\/uploads\/2021\/09\/Retizek_logo-1086x1536.jpg 1086w, https:\/\/www.tuseni.cz\/wp-content\/uploads\/2021\/09\/Retizek_logo-250x354.jpg 250w, https:\/\/www.tuseni.cz\/wp-content\/uploads\/2021\/09\/Retizek_logo.jpg 1414w\" sizes=\"(max-width: 724px) 100vw, 724px\" \/><\/a><\/figure>\n\n\n\n<p><\/p>\n\n\n\n<hr class=\"wp-block-separator\"\/>\n\n\n\n<p>7.&nbsp;9.&nbsp;2021 | 17:30<\/p>\n\n\n\n<h6 class=\"wp-block-heading\">Loutkov\u00e9 divadlo<\/h6>\n\n\n\n<figure class=\"wp-block-image size-large is-resized is-style-default\"><a href=\"https:\/\/www.tuseni.cz\/wp-content\/uploads\/2021\/09\/belinka-a-ruzenka.jpg\"><img loading=\"lazy\" decoding=\"async\" src=\"https:\/\/www.tuseni.cz\/wp-content\/uploads\/2021\/09\/belinka-a-ruzenka-724x1024.jpg\" alt=\"\" class=\"wp-image-2539\" width=\"350\" height=\"495\" srcset=\"https:\/\/www.tuseni.cz\/wp-content\/uploads\/2021\/09\/belinka-a-ruzenka-724x1024.jpg 724w, https:\/\/www.tuseni.cz\/wp-content\/uploads\/2021\/09\/belinka-a-ruzenka-212x300.jpg 212w, https:\/\/www.tuseni.cz\/wp-content\/uploads\/2021\/09\/belinka-a-ruzenka-768x1086.jpg 768w, https:\/\/www.tuseni.cz\/wp-content\/uploads\/2021\/09\/belinka-a-ruzenka-1086x1536.jpg 1086w, https:\/\/www.tuseni.cz\/wp-content\/uploads\/2021\/09\/belinka-a-ruzenka-250x354.jpg 250w, https:\/\/www.tuseni.cz\/wp-content\/uploads\/2021\/09\/belinka-a-ruzenka.jpg 1414w\" sizes=\"auto, (max-width: 350px) 100vw, 350px\" \/><\/a><\/figure>\n\n\n\n<hr class=\"wp-block-separator\"\/>\n\n\n\n<figure class=\"wp-block-image size-large is-style-default\"><a href=\"https:\/\/www.tuseni.cz\/wp-content\/uploads\/2021\/09\/Kurzy-202122.jpg\"><img loading=\"lazy\" decoding=\"async\" width=\"724\" height=\"1024\" src=\"https:\/\/www.tuseni.cz\/wp-content\/uploads\/2021\/09\/Kurzy-202122-724x1024.jpg\" alt=\"\" class=\"wp-image-2546\" srcset=\"https:\/\/www.tuseni.cz\/wp-content\/uploads\/2021\/09\/Kurzy-202122-724x1024.jpg 724w, https:\/\/www.tuseni.cz\/wp-content\/uploads\/2021\/09\/Kurzy-202122-212x300.jpg 212w, https:\/\/www.tuseni.cz\/wp-content\/uploads\/2021\/09\/Kurzy-202122-768x1086.jpg 768w, https:\/\/www.tuseni.cz\/wp-content\/uploads\/2021\/09\/Kurzy-202122-1086x1536.jpg 1086w, https:\/\/www.tuseni.cz\/wp-content\/uploads\/2021\/09\/Kurzy-202122-250x354.jpg 250w, https:\/\/www.tuseni.cz\/wp-content\/uploads\/2021\/09\/Kurzy-202122.jpg 1414w\" sizes=\"auto, (max-width: 724px) 100vw, 724px\" \/><\/a><\/figure>\n\n\n\n<hr class=\"wp-block-separator\"\/>\n\n\n\n<ul class=\"wp-block-list\"><li><a href=\"https:\/\/www.tuseni.cz\/index.php\/aktuality-2020-21\/\" data-type=\"page\" data-id=\"2541\">Aktuality 2020\/2021<\/a><\/li><li><a href=\"http:\/\/www.tuseni.cz\/index.php\/aktuality-2019-2020\/\">Aktuality 2019\/2020<\/a><\/li><li><a style=\"\" href=\"http:\/\/www.tuseni.cz\/index.php\/aktuality\/aktuality-2018-2\/\">Akutality 2.&nbsp;pol. 2018<\/a><\/li><li><a href=\"http:\/\/www.tuseni.cz\/index.php\/aktuality\/aktuality-2018\/\">Aktuality 1.&nbsp;pol. 2018<\/a><\/li><li><a href=\"http:\/\/www.tuseni.cz\/index.php\/aktuality\/aktuality-2017\/\">Aktuality 2017<\/a><\/li><li><a href=\"http:\/\/www.tuseni.cz\/index.php\/aktuality\/aktuality-2016\/\">Aktuality 2.&nbsp;pol. 2016<\/a><\/li><li><a href=\"http:\/\/www.tuseni.cz\/index.php\/kalendar-akci-2015-2016\/\">Archiv akc\u00ed roku 2015\u20132016<\/a><br><br><\/li><\/ul>","protected":false},"excerpt":{"rendered":"<p>ned\u011ble | 12.&nbsp;6.&nbsp;2022 | kl\u00e1\u0161ter Svatov\u00edtsk\u00e1 pou\u0165 p\u00e1tek | 10.&nbsp;6.&nbsp;2022 | 17:00 | S\u00fdpka V\u00fdstava Kv\u011btn\u00e1 ned\u011ble | 10.&nbsp;4.&nbsp;2022 | 15:00 | kostel sv. V\u00edta Pa\u0161ijov\u00e1 hra &#8230; Plav, Zimo, plav, v\u00edc se nezastav!!! &#8230;. Dovolujeme si v\u00e1s pozvat na jedine\u010dn\u00e9 p\u0159edstaven\u00ed PA\u0160IJE. V&nbsp;plen\u00e9ru kolem tuchom\u011b\u0159ick\u00e9ho kl\u00e1\u0161tera uvid\u00edte tan\u010dit L\u00e9tavice, usly\u0161\u00edte zp\u00edvat d\u011btsk\u00fd sbor [&hellip;]<\/p>","protected":false},"author":1,"featured_media":0,"parent":0,"menu_order":0,"comment_status":"closed","ping_status":"closed","template":"main.php","meta":{"footnotes":""},"class_list":["post-1736","page","type-page","status-publish","hentry"],"_links":{"self":[{"href":"https:\/\/www.tuseni.cz\/index.php\/wp-json\/wp\/v2\/pages\/1736","targetHints":{"allow":["GET"]}}],"collection":[{"href":"https:\/\/www.tuseni.cz\/index.php\/wp-json\/wp\/v2\/pages"}],"about":[{"href":"https:\/\/www.tuseni.cz\/index.php\/wp-json\/wp\/v2\/types\/page"}],"author":[{"embeddable":true,"href":"https:\/\/www.tuseni.cz\/index.php\/wp-json\/wp\/v2\/users\/1"}],"replies":[{"embeddable":true,"href":"https:\/\/www.tuseni.cz\/index.php\/wp-json\/wp\/v2\/comments?post=1736"}],"version-history":[{"count":93,"href":"https:\/\/www.tuseni.cz\/index.php\/wp-json\/wp\/v2\/pages\/1736\/revisions"}],"predecessor-version":[{"id":2659,"href":"https:\/\/www.tuseni.cz\/index.php\/wp-json\/wp\/v2\/pages\/1736\/revisions\/2659"}],"wp:attachment":[{"href":"https:\/\/www.tuseni.cz\/index.php\/wp-json\/wp\/v2\/media?parent=1736"}],"curies":[{"name":"wp","href":"https:\/\/api.w.org\/{rel}","templated":true}]}}