
{"id":1872,"date":"2020-08-26T20:02:05","date_gmt":"2020-08-26T19:02:05","guid":{"rendered":"http:\/\/www.tuseni.cz\/?page_id=1872"},"modified":"2020-08-26T20:02:06","modified_gmt":"2020-08-26T19:02:06","slug":"jana-vorosova","status":"publish","type":"page","link":"https:\/\/www.tuseni.cz\/index.php\/lektori\/jana-vorosova\/","title":{"rendered":"Jana V\u00f6r\u00f6\u0161ov\u00e1"},"content":{"rendered":"<p>\nstudovala\nskladbu na pra\u017esk\u00e9 konzervato\u0159i ve t\u0159\u00edd\u011b prof. Bohuslava \u0158eho\u0159e\na&nbsp;na Hudebn\u00ed fakult\u011b AMU v&nbsp;Praze ve t\u0159\u00edd\u011b prof. V\u00e1clava\nRiedlbaucha. O&nbsp;cenn\u00e9 zku\u0161enosti ji obohatila ro\u010dn\u00ed st\u00e1\u017e na\nKoninklijk Conservatoire Brussel. Absolvovala t\u0159\u00edm\u011bs\u00ed\u010dn\u00ed tv\u016fr\u010d\u00ed\npobyt\npod z\u00e1\u0161titou La Sacem v&nbsp;Pa\u0159\u00ed\u017ei.\nJej\u00ed\nskladby byly hr\u00e1ny na festivalech Pra\u017esk\u00e9 premi\u00e9ry, Contempuls,\nForfest,\nFestival delle nazioni Citta di Castello, Orfeo, Calliop\u00e9e,\nPr\u00e9sences, Wien\nModern a&nbsp;jin\u00fdch.\nTak\u00e9\nse v\u011bnuje tvorb\u011b pro d\u011bti. P\u0159i t\u011bchto projektech oslovuje k\nspolupr\u00e1ci herce, tane\u010dn\u00edky, v\u00fdtvarn\u00edky a&nbsp;jin\u00e9 um\u011blce.Vznikla\ntak ji\u017e cel\u00e1 \u0159ada p\u0159edstaven\u00ed propojuj\u00edc\u00edch d\u011bti, dosp\u011bl\u00e9,\namat\u00e9ry i&nbsp;profesion\u00e1ln\u00ed hr\u00e1\u010de. Je zakladatelkou amat\u00e9rsk\u00e9ho\nsm\u00ed\u0161en\u00e9ho sboru La Folia a&nbsp;kulturn\u011b vzd\u011bl\u00e1vac\u00edho spolkuTu\u0161en\u00ed,\nkter\u00fd po\u0159\u00e1d\u00e1 koncerty, p\u0159edstaven\u00ed, organizuje v\u00fdstavy a\np\u0159edn\u00e1\u0161ky. Vede hudebn\u00ed d\u00edlny a&nbsp;krou\u017eky, spolupracuje s\nInstitutem Duncan a&nbsp;spolkem Rozto\u010d. P\u016fsob\u00ed jako pedagog na\nKonzervato\u0159i Duncan Centre.<\/p>","protected":false},"excerpt":{"rendered":"<p>studovala skladbu na pra\u017esk\u00e9 konzervato\u0159i ve t\u0159\u00edd\u011b prof. Bohuslava \u0158eho\u0159e a&nbsp;na Hudebn\u00ed fakult\u011b AMU v&nbsp;Praze ve t\u0159\u00edd\u011b prof. V\u00e1clava Riedlbaucha. O&nbsp;cenn\u00e9 zku\u0161enosti ji obohatila ro\u010dn\u00ed st\u00e1\u017e na Koninklijk Conservatoire Brussel. Absolvovala t\u0159\u00edm\u011bs\u00ed\u010dn\u00ed tv\u016fr\u010d\u00ed pobyt pod z\u00e1\u0161titou La Sacem v&nbsp;Pa\u0159\u00ed\u017ei. Jej\u00ed skladby byly hr\u00e1ny na festivalech Pra\u017esk\u00e9 premi\u00e9ry, Contempuls, Forfest, Festival delle nazioni Citta di Castello, [&hellip;]<\/p>","protected":false},"author":1,"featured_media":0,"parent":27,"menu_order":0,"comment_status":"closed","ping_status":"closed","template":"main.php","meta":{"footnotes":""},"class_list":["post-1872","page","type-page","status-publish","hentry"],"_links":{"self":[{"href":"https:\/\/www.tuseni.cz\/index.php\/wp-json\/wp\/v2\/pages\/1872","targetHints":{"allow":["GET"]}}],"collection":[{"href":"https:\/\/www.tuseni.cz\/index.php\/wp-json\/wp\/v2\/pages"}],"about":[{"href":"https:\/\/www.tuseni.cz\/index.php\/wp-json\/wp\/v2\/types\/page"}],"author":[{"embeddable":true,"href":"https:\/\/www.tuseni.cz\/index.php\/wp-json\/wp\/v2\/users\/1"}],"replies":[{"embeddable":true,"href":"https:\/\/www.tuseni.cz\/index.php\/wp-json\/wp\/v2\/comments?post=1872"}],"version-history":[{"count":1,"href":"https:\/\/www.tuseni.cz\/index.php\/wp-json\/wp\/v2\/pages\/1872\/revisions"}],"predecessor-version":[{"id":1873,"href":"https:\/\/www.tuseni.cz\/index.php\/wp-json\/wp\/v2\/pages\/1872\/revisions\/1873"}],"up":[{"embeddable":true,"href":"https:\/\/www.tuseni.cz\/index.php\/wp-json\/wp\/v2\/pages\/27"}],"wp:attachment":[{"href":"https:\/\/www.tuseni.cz\/index.php\/wp-json\/wp\/v2\/media?parent=1872"}],"curies":[{"name":"wp","href":"https:\/\/api.w.org\/{rel}","templated":true}]}}