
{"id":1882,"date":"2020-08-26T20:15:28","date_gmt":"2020-08-26T19:15:28","guid":{"rendered":"http:\/\/www.tuseni.cz\/?page_id=1882"},"modified":"2021-08-27T15:01:04","modified_gmt":"2021-08-27T14:01:04","slug":"marketa-abrath","status":"publish","type":"page","link":"https:\/\/www.tuseni.cz\/index.php\/lektori\/marketa-abrath\/","title":{"rendered":"Mark\u00e9ta Abrath"},"content":{"rendered":"<div class=\"wp-block-image is-style-default\"><figure class=\"aligncenter is-resized\"><img decoding=\"async\" src=\"https:\/\/www.tuseni.cz\/wp-content\/uploads\/2020\/08\/marketa-abrath-1024x681.jpg\" alt=\"\" class=\"wp-image-1923\" width=\"690\" srcset=\"https:\/\/www.tuseni.cz\/wp-content\/uploads\/2020\/08\/marketa-abrath-1024x681.jpg 1024w, https:\/\/www.tuseni.cz\/wp-content\/uploads\/2020\/08\/marketa-abrath-300x199.jpg 300w, https:\/\/www.tuseni.cz\/wp-content\/uploads\/2020\/08\/marketa-abrath-768x511.jpg 768w, https:\/\/www.tuseni.cz\/wp-content\/uploads\/2020\/08\/marketa-abrath-330x220.jpg 330w, https:\/\/www.tuseni.cz\/wp-content\/uploads\/2020\/08\/marketa-abrath-250x166.jpg 250w\" sizes=\"(max-width: 1024px) 100vw, 1024px\" \/><\/figure><\/div>\n\n\n\n<p>Mark\u00e9ta Abrath, lektorka j\u00f3gy a&nbsp;porodn\u00ed dula. Prvn\u00ed u\u010ditelsk\u00fd v\u00fdcvik absolvovala v&nbsp;Indii v&nbsp;roce 2014, sama za\u010dala cvi\u010dit u\u017e v&nbsp;d\u011btstv\u00ed, podle n\u00e1vodou v&nbsp;\u010dasopise Mate\u0159\u00eddou\u0161ka:) V&nbsp;roce 2017 absolvovala lektorsk\u00fd kurz d\u011btsk\u00e9 j\u00f3gy Rainbow yoga kids. Krom\u011b d\u011bt\u00ed vede lekce j\u00f3gy, relaxace a&nbsp;meditace pro dosp\u011bl\u00e9, t\u011bhotn\u00e9 a&nbsp;\u017eensk\u00e9 j\u00f3gov\u00e9 kruhy.<\/p>","protected":false},"excerpt":{"rendered":"<p>Mark\u00e9ta Abrath, lektorka j\u00f3gy a&nbsp;porodn\u00ed dula. Prvn\u00ed u\u010ditelsk\u00fd v\u00fdcvik absolvovala v&nbsp;Indii v&nbsp;roce 2014, sama za\u010dala cvi\u010dit u\u017e v&nbsp;d\u011btstv\u00ed, podle n\u00e1vodou v&nbsp;\u010dasopise Mate\u0159\u00eddou\u0161ka:) V&nbsp;roce 2017 absolvovala lektorsk\u00fd kurz d\u011btsk\u00e9 j\u00f3gy Rainbow yoga kids. Krom\u011b d\u011bt\u00ed vede lekce j\u00f3gy, relaxace a&nbsp;meditace pro dosp\u011bl\u00e9, t\u011bhotn\u00e9 a&nbsp;\u017eensk\u00e9 j\u00f3gov\u00e9 kruhy.<\/p>","protected":false},"author":1,"featured_media":0,"parent":27,"menu_order":0,"comment_status":"closed","ping_status":"closed","template":"main.php","meta":{"footnotes":""},"class_list":["post-1882","page","type-page","status-publish","hentry"],"_links":{"self":[{"href":"https:\/\/www.tuseni.cz\/index.php\/wp-json\/wp\/v2\/pages\/1882","targetHints":{"allow":["GET"]}}],"collection":[{"href":"https:\/\/www.tuseni.cz\/index.php\/wp-json\/wp\/v2\/pages"}],"about":[{"href":"https:\/\/www.tuseni.cz\/index.php\/wp-json\/wp\/v2\/types\/page"}],"author":[{"embeddable":true,"href":"https:\/\/www.tuseni.cz\/index.php\/wp-json\/wp\/v2\/users\/1"}],"replies":[{"embeddable":true,"href":"https:\/\/www.tuseni.cz\/index.php\/wp-json\/wp\/v2\/comments?post=1882"}],"version-history":[{"count":8,"href":"https:\/\/www.tuseni.cz\/index.php\/wp-json\/wp\/v2\/pages\/1882\/revisions"}],"predecessor-version":[{"id":2486,"href":"https:\/\/www.tuseni.cz\/index.php\/wp-json\/wp\/v2\/pages\/1882\/revisions\/2486"}],"up":[{"embeddable":true,"href":"https:\/\/www.tuseni.cz\/index.php\/wp-json\/wp\/v2\/pages\/27"}],"wp:attachment":[{"href":"https:\/\/www.tuseni.cz\/index.php\/wp-json\/wp\/v2\/media?parent=1882"}],"curies":[{"name":"wp","href":"https:\/\/api.w.org\/{rel}","templated":true}]}}