
{"id":1886,"date":"2020-08-26T20:18:03","date_gmt":"2020-08-26T19:18:03","guid":{"rendered":"http:\/\/www.tuseni.cz\/?page_id=1886"},"modified":"2020-08-26T20:18:17","modified_gmt":"2020-08-26T19:18:17","slug":"kristof-abrath","status":"publish","type":"page","link":"https:\/\/www.tuseni.cz\/index.php\/lektori\/kristof-abrath\/","title":{"rendered":"Kristof Abrath"},"content":{"rendered":"<p>U\u010d\u00edm angli\u010dtinu od roku 2006. Pracoval jsem v&nbsp;Indon\u00e9sii, Belgii, Vietnamu, Tunisu, Barm\u011b, Kolumbii a&nbsp;nyn\u00ed v&nbsp;Praze. U\u010dil jsem studenty od 3,5 roku a&nbsp;to jak v\u0161eobecnou angli\u010dtinu tak i&nbsp;p\u0159\u00edpravu na zkou\u0161ky. M\u00e1m certifik\u00e1ty CELTA, DELTA a&nbsp;magistersk\u00fd titul z&nbsp;Open University UK a&nbsp;take certifik\u00e1t pro v\u00fduku ml\u00e1de\u017ee. Kdy\u017e neu\u010d\u00edm, tr\u00e1v\u00edm v\u011bt\u0161inu sv\u00e9ho voln\u00e9ho \u010dasu se sv\u00fdmi dcerami a&nbsp;mou \u00fa\u017easnou \u017eenou. Praha je kr\u00e1sn\u00e9 m\u011bsto, tak douf\u00e1m, \u017ee zde n\u011bjakou dobu z\u016fstanu.<\/p>","protected":false},"excerpt":{"rendered":"<p>U\u010d\u00edm angli\u010dtinu od roku 2006. Pracoval jsem v&nbsp;Indon\u00e9sii, Belgii, Vietnamu, Tunisu, Barm\u011b, Kolumbii a&nbsp;nyn\u00ed v&nbsp;Praze. U\u010dil jsem studenty od 3,5 roku a&nbsp;to jak v\u0161eobecnou angli\u010dtinu tak i&nbsp;p\u0159\u00edpravu na zkou\u0161ky. M\u00e1m certifik\u00e1ty CELTA, DELTA a&nbsp;magistersk\u00fd titul z&nbsp;Open University UK a&nbsp;take certifik\u00e1t pro v\u00fduku ml\u00e1de\u017ee. Kdy\u017e neu\u010d\u00edm, tr\u00e1v\u00edm v\u011bt\u0161inu sv\u00e9ho voln\u00e9ho \u010dasu se sv\u00fdmi dcerami a&nbsp;mou \u00fa\u017easnou [&hellip;]<\/p>","protected":false},"author":1,"featured_media":0,"parent":27,"menu_order":0,"comment_status":"closed","ping_status":"closed","template":"main.php","meta":{"footnotes":""},"class_list":["post-1886","page","type-page","status-publish","hentry"],"_links":{"self":[{"href":"https:\/\/www.tuseni.cz\/index.php\/wp-json\/wp\/v2\/pages\/1886","targetHints":{"allow":["GET"]}}],"collection":[{"href":"https:\/\/www.tuseni.cz\/index.php\/wp-json\/wp\/v2\/pages"}],"about":[{"href":"https:\/\/www.tuseni.cz\/index.php\/wp-json\/wp\/v2\/types\/page"}],"author":[{"embeddable":true,"href":"https:\/\/www.tuseni.cz\/index.php\/wp-json\/wp\/v2\/users\/1"}],"replies":[{"embeddable":true,"href":"https:\/\/www.tuseni.cz\/index.php\/wp-json\/wp\/v2\/comments?post=1886"}],"version-history":[{"count":1,"href":"https:\/\/www.tuseni.cz\/index.php\/wp-json\/wp\/v2\/pages\/1886\/revisions"}],"predecessor-version":[{"id":1887,"href":"https:\/\/www.tuseni.cz\/index.php\/wp-json\/wp\/v2\/pages\/1886\/revisions\/1887"}],"up":[{"embeddable":true,"href":"https:\/\/www.tuseni.cz\/index.php\/wp-json\/wp\/v2\/pages\/27"}],"wp:attachment":[{"href":"https:\/\/www.tuseni.cz\/index.php\/wp-json\/wp\/v2\/media?parent=1886"}],"curies":[{"name":"wp","href":"https:\/\/api.w.org\/{rel}","templated":true}]}}