
{"id":1892,"date":"2020-08-26T20:24:56","date_gmt":"2020-08-26T19:24:56","guid":{"rendered":"http:\/\/www.tuseni.cz\/?page_id=1892"},"modified":"2020-08-26T20:24:57","modified_gmt":"2020-08-26T19:24:57","slug":"jana-osuchova","status":"publish","type":"page","link":"https:\/\/www.tuseni.cz\/index.php\/lektori\/jana-osuchova\/","title":{"rendered":"Jana Os\u00fachov\u00e1"},"content":{"rendered":"<p>Malov\u00e1n\u00ed je moje z\u00e1liba. Do v\u00fdtvarky jsem chodila od prvn\u00ed t\u0159\u00eddy do maturity a\u00a0u tvo\u0159en\u00ed si dodnes hezky odpo\u010dinu. B\u011bhem posledn\u00edch let jsem se d\u00edky sv\u00fdm mal\u00fdm d\u011btem k\u00a0malov\u00e1n\u00ed vr\u00e1tila intenzivn\u011bji. Za\u010dalo to n\u00e1padem v\u00e9st krou\u017eek malov\u00e1n\u00ed pro batolata, na kter\u00fd nav\u00e1zala p\u0159\u00edle\u017eitost pracovat i&nbsp;se star\u0161\u00edmi d\u011btmi. R\u00e1da bych d\u011btsk\u00fdm mal\u00ed\u0159\u016fm pomohla prohloubit vztah k\u00a0malov\u00e1n\u00ed i&nbsp;um\u011bn\u00ed, na kter\u00e9m v\u00a0budoucnu budou moci\u00a0d\u00e1l stav\u011bt. Mysl\u00edm si, \u017ee cesta k\u00a0tomuto c\u00edli by m\u011bla b\u00fdt nejen pestr\u00e1 jako paleta, ale i&nbsp;z\u00e1bavn\u00e1.\u00a0S\u00a0ohledem na to p\u0159ipravuji n\u00e1pl\u0148 hodin tak, aby d\u011bti vyzkou\u0161ely r\u016fzn\u00e9 techniky, roz\u0161\u00ed\u0159ily si um\u011bleck\u00e9 obzory a&nbsp;m\u011bly radost z\u00a0v\u00fdtvoru i&nbsp;p\u0159\u00edjemn\u011b str\u00e1ven\u00e9ho \u010dasu.<\/p>","protected":false},"excerpt":{"rendered":"<p>Malov\u00e1n\u00ed je moje z\u00e1liba. Do v\u00fdtvarky jsem chodila od prvn\u00ed t\u0159\u00eddy do maturity a\u00a0u tvo\u0159en\u00ed si dodnes hezky odpo\u010dinu. B\u011bhem posledn\u00edch let jsem se d\u00edky sv\u00fdm mal\u00fdm d\u011btem k\u00a0malov\u00e1n\u00ed vr\u00e1tila intenzivn\u011bji. Za\u010dalo to n\u00e1padem v\u00e9st krou\u017eek malov\u00e1n\u00ed pro batolata, na kter\u00fd nav\u00e1zala p\u0159\u00edle\u017eitost pracovat i&nbsp;se star\u0161\u00edmi d\u011btmi. R\u00e1da bych d\u011btsk\u00fdm mal\u00ed\u0159\u016fm pomohla prohloubit vztah k\u00a0malov\u00e1n\u00ed [&hellip;]<\/p>","protected":false},"author":1,"featured_media":0,"parent":27,"menu_order":0,"comment_status":"closed","ping_status":"closed","template":"main.php","meta":{"footnotes":""},"class_list":["post-1892","page","type-page","status-publish","hentry"],"_links":{"self":[{"href":"https:\/\/www.tuseni.cz\/index.php\/wp-json\/wp\/v2\/pages\/1892","targetHints":{"allow":["GET"]}}],"collection":[{"href":"https:\/\/www.tuseni.cz\/index.php\/wp-json\/wp\/v2\/pages"}],"about":[{"href":"https:\/\/www.tuseni.cz\/index.php\/wp-json\/wp\/v2\/types\/page"}],"author":[{"embeddable":true,"href":"https:\/\/www.tuseni.cz\/index.php\/wp-json\/wp\/v2\/users\/1"}],"replies":[{"embeddable":true,"href":"https:\/\/www.tuseni.cz\/index.php\/wp-json\/wp\/v2\/comments?post=1892"}],"version-history":[{"count":1,"href":"https:\/\/www.tuseni.cz\/index.php\/wp-json\/wp\/v2\/pages\/1892\/revisions"}],"predecessor-version":[{"id":1893,"href":"https:\/\/www.tuseni.cz\/index.php\/wp-json\/wp\/v2\/pages\/1892\/revisions\/1893"}],"up":[{"embeddable":true,"href":"https:\/\/www.tuseni.cz\/index.php\/wp-json\/wp\/v2\/pages\/27"}],"wp:attachment":[{"href":"https:\/\/www.tuseni.cz\/index.php\/wp-json\/wp\/v2\/media?parent=1892"}],"curies":[{"name":"wp","href":"https:\/\/api.w.org\/{rel}","templated":true}]}}