
{"id":1895,"date":"2020-08-26T20:26:43","date_gmt":"2020-08-26T19:26:43","guid":{"rendered":"http:\/\/www.tuseni.cz\/?page_id=1895"},"modified":"2020-08-26T20:26:44","modified_gmt":"2020-08-26T19:26:44","slug":"hana-uhlikova","status":"publish","type":"page","link":"https:\/\/www.tuseni.cz\/index.php\/lektori\/hana-uhlikova\/","title":{"rendered":"Hana Uhl\u00edkov\u00e1"},"content":{"rendered":"<p>Vystudovala jsem Pr\u00e1vnickou fakultu Univerzity Karlovy a&nbsp;cel\u00fd profesn\u00ed \u017eivot jsem se v\u011bnovala pr\u00e1vni\u010din\u011b. M\u00fdm velk\u00fdm kon\u00ed\u010dkem ale byla kreativn\u00ed \u010dinnost. A&nbsp;tak jsem se nau\u010dila pl\u00e9st, h\u00e1\u010dkovat, pali\u010dkovat, pracovat s&nbsp;ov\u010d\u00edm rounem, modelovat, malovat akvarelem apod. V\u0161echny tyto dovednosti jsem postupn\u011b vyu\u017eila p\u0159i v\u00fdrob\u011b um\u011bleck\u00fdch panenek tzv.\u00a0 Art Doll. Nyn\u00ed u\u017e jsem v&nbsp;d\u016fchodu a&nbsp;tak se tvorb\u011b um\u011bleck\u00fdch panenek v\u011bnuje naplno. Absolovovala jsem \u0159adu kurz\u016f Art Doll u&nbsp;v\u00fdznamn\u00fdch sv\u011btov\u00fdch um\u011blky\u0148 a&nbsp;m\u00e1m na sv\u00e9m kont\u011b i&nbsp;dva velk\u00e9 \u00fasp\u011bchy v&nbsp;mezin\u00e1rodn\u00edch sout\u011b\u017e\u00edch.  <\/p>","protected":false},"excerpt":{"rendered":"<p>Vystudovala jsem Pr\u00e1vnickou fakultu Univerzity Karlovy a&nbsp;cel\u00fd profesn\u00ed \u017eivot jsem se v\u011bnovala pr\u00e1vni\u010din\u011b. M\u00fdm velk\u00fdm kon\u00ed\u010dkem ale byla kreativn\u00ed \u010dinnost. A&nbsp;tak jsem se nau\u010dila pl\u00e9st, h\u00e1\u010dkovat, pali\u010dkovat, pracovat s&nbsp;ov\u010d\u00edm rounem, modelovat, malovat akvarelem apod. V\u0161echny tyto dovednosti jsem postupn\u011b vyu\u017eila p\u0159i v\u00fdrob\u011b um\u011bleck\u00fdch panenek tzv.\u00a0 Art Doll. Nyn\u00ed u\u017e jsem v&nbsp;d\u016fchodu a&nbsp;tak se tvorb\u011b um\u011bleck\u00fdch [&hellip;]<\/p>","protected":false},"author":1,"featured_media":0,"parent":27,"menu_order":0,"comment_status":"closed","ping_status":"closed","template":"main.php","meta":{"footnotes":""},"class_list":["post-1895","page","type-page","status-publish","hentry"],"_links":{"self":[{"href":"https:\/\/www.tuseni.cz\/index.php\/wp-json\/wp\/v2\/pages\/1895","targetHints":{"allow":["GET"]}}],"collection":[{"href":"https:\/\/www.tuseni.cz\/index.php\/wp-json\/wp\/v2\/pages"}],"about":[{"href":"https:\/\/www.tuseni.cz\/index.php\/wp-json\/wp\/v2\/types\/page"}],"author":[{"embeddable":true,"href":"https:\/\/www.tuseni.cz\/index.php\/wp-json\/wp\/v2\/users\/1"}],"replies":[{"embeddable":true,"href":"https:\/\/www.tuseni.cz\/index.php\/wp-json\/wp\/v2\/comments?post=1895"}],"version-history":[{"count":1,"href":"https:\/\/www.tuseni.cz\/index.php\/wp-json\/wp\/v2\/pages\/1895\/revisions"}],"predecessor-version":[{"id":1896,"href":"https:\/\/www.tuseni.cz\/index.php\/wp-json\/wp\/v2\/pages\/1895\/revisions\/1896"}],"up":[{"embeddable":true,"href":"https:\/\/www.tuseni.cz\/index.php\/wp-json\/wp\/v2\/pages\/27"}],"wp:attachment":[{"href":"https:\/\/www.tuseni.cz\/index.php\/wp-json\/wp\/v2\/media?parent=1895"}],"curies":[{"name":"wp","href":"https:\/\/api.w.org\/{rel}","templated":true}]}}