
{"id":1953,"date":"2020-08-27T15:24:32","date_gmt":"2020-08-27T14:24:32","guid":{"rendered":"http:\/\/www.tuseni.cz\/?page_id=1953"},"modified":"2020-08-27T15:24:32","modified_gmt":"2020-08-27T14:24:32","slug":"klara-kasova","status":"publish","type":"page","link":"https:\/\/www.tuseni.cz\/index.php\/lektori\/klara-kasova\/","title":{"rendered":"Kl\u00e1ra Ka\u0161ov\u00e1"},"content":{"rendered":"<p>P\u016fvodn\u011b jsem studovala herectv\u00ed, ale po n\u011bkolika letech v&nbsp;divadle \nm\u011b osud zavedl&nbsp;k&nbsp;pedagogice. Nejd\u0159\u00edve jsem u\u010dila historick\u00fd tanec v&nbsp;ZU\u0160 a\n pak jsem se stala t\u0159\u00eddn\u00ed u\u010ditelkou ve waldorfsk\u00e9&nbsp;\u0161kole. Moment\u00e1ln\u011b jsem\n na rodi\u010dovsk\u00e9 dovolen\u00e9 a&nbsp;vrac\u00edm se pomalu ke sv\u00e9 p\u016fvodn\u00ed profesi. \nHraji&nbsp;loutkov\u00e9 a&nbsp;\u010dinohern\u00ed&nbsp;divadlo a&nbsp;vedu divadeln\u00ed d\u00edlny pro d\u011bti.&nbsp;<br><\/p>","protected":false},"excerpt":{"rendered":"<p>P\u016fvodn\u011b jsem studovala herectv\u00ed, ale po n\u011bkolika letech v&nbsp;divadle m\u011b osud zavedl&nbsp;k&nbsp;pedagogice. Nejd\u0159\u00edve jsem u\u010dila historick\u00fd tanec v&nbsp;ZU\u0160 a&nbsp;pak jsem se stala t\u0159\u00eddn\u00ed u\u010ditelkou ve waldorfsk\u00e9&nbsp;\u0161kole. Moment\u00e1ln\u011b jsem na rodi\u010dovsk\u00e9 dovolen\u00e9 a&nbsp;vrac\u00edm se pomalu ke sv\u00e9 p\u016fvodn\u00ed profesi. Hraji&nbsp;loutkov\u00e9 a&nbsp;\u010dinohern\u00ed&nbsp;divadlo a&nbsp;vedu divadeln\u00ed d\u00edlny pro d\u011bti.&nbsp;<\/p>","protected":false},"author":1,"featured_media":0,"parent":27,"menu_order":0,"comment_status":"closed","ping_status":"closed","template":"main.php","meta":{"footnotes":""},"class_list":["post-1953","page","type-page","status-publish","hentry"],"_links":{"self":[{"href":"https:\/\/www.tuseni.cz\/index.php\/wp-json\/wp\/v2\/pages\/1953","targetHints":{"allow":["GET"]}}],"collection":[{"href":"https:\/\/www.tuseni.cz\/index.php\/wp-json\/wp\/v2\/pages"}],"about":[{"href":"https:\/\/www.tuseni.cz\/index.php\/wp-json\/wp\/v2\/types\/page"}],"author":[{"embeddable":true,"href":"https:\/\/www.tuseni.cz\/index.php\/wp-json\/wp\/v2\/users\/1"}],"replies":[{"embeddable":true,"href":"https:\/\/www.tuseni.cz\/index.php\/wp-json\/wp\/v2\/comments?post=1953"}],"version-history":[{"count":1,"href":"https:\/\/www.tuseni.cz\/index.php\/wp-json\/wp\/v2\/pages\/1953\/revisions"}],"predecessor-version":[{"id":1954,"href":"https:\/\/www.tuseni.cz\/index.php\/wp-json\/wp\/v2\/pages\/1953\/revisions\/1954"}],"up":[{"embeddable":true,"href":"https:\/\/www.tuseni.cz\/index.php\/wp-json\/wp\/v2\/pages\/27"}],"wp:attachment":[{"href":"https:\/\/www.tuseni.cz\/index.php\/wp-json\/wp\/v2\/media?parent=1953"}],"curies":[{"name":"wp","href":"https:\/\/api.w.org\/{rel}","templated":true}]}}