
{"id":1962,"date":"2020-09-01T09:05:18","date_gmt":"2020-09-01T08:05:18","guid":{"rendered":"http:\/\/www.tuseni.cz\/?page_id=1962"},"modified":"2020-09-01T09:07:29","modified_gmt":"2020-09-01T08:07:29","slug":"anezka-matouskova","status":"publish","type":"page","link":"https:\/\/www.tuseni.cz\/index.php\/lektori\/anezka-matouskova\/","title":{"rendered":"Ane\u017eka Matou\u0161kov\u00e1"},"content":{"rendered":"<p>Ane\u017eka Matou\u0161kov\u00e1 je mlad\u00e1 um\u011blkyn\u011b p\u016fsob\u00edc\u00ed v&nbsp;Praze. Vystudovala  VO\u0160 Jaroslava Je\u017eka obor jazzov\u00fd zp\u011bv, kter\u00fd v&nbsp;t\u00e9to dob\u011b studuje na  Hudebn\u00ed akademii M\u00fazick\u00fdch um\u011bn\u00ed. Hraje ve dvou kapel\u00e1ch, ve kter\u00fdch  zp\u00edv\u00e1 a&nbsp;hraje na kytaru &#8211; Avokaduo ( dvojice d\u00edvek hraj\u00edc\u00ed sv\u00e9  origin\u00e1ln\u00ed folko-jazzov\u00e9 p\u00edsn\u011b. V&nbsp;posledn\u00ed dob\u011b k&nbsp;sob\u011b na podium \u010d\u00edm d\u00e1l  v\u00edce zvou sv\u00e9 jazzov\u00e9 muzikantsk\u00e9 kamar\u00e1dy), a&nbsp;Severn\u00ed n\u00e1stupi\u0161t\u011b  (dev\u00edti\u010dlenn\u00e1 kapela hraj\u00edc\u00ed country p\u00edsn\u011b pro 21.&nbsp;stolet\u00ed). Ane\u017eka se  nev\u011bnuje jen folku, d\u00edky sv\u00e9mu otci tu a&nbsp;tam vystupuje na koncertech  soudob\u00e9 v\u00e1\u017en\u00e9 hudby apod. Nejbl\u00ed\u017ee m\u00e1 ale k&nbsp;lidov\u00fdm p\u00edsn\u00edm.\u00a0<\/p>\n\n\n\n<p style=\"text-align:left\">odkazy: Avokaduo &#8211;\u00a0\u00a0<a href=\"https:\/\/www.youtube.com\/watch?v=el2Lrho3yTE\">https:\/\/www.youtube.com\/watch?v=el2Lrho3yTE<\/a><br>Severn\u00ed n\u00e1stupi\u0161t\u011b &#8211;\u00a0<a href=\"https:\/\/www.silver-rocket.org\/katalog\/severni-nastupiste-o-krysach-o-vlcich\">https:\/\/www.silver-rocket.org\/katalog\/severni-nastupiste-o-krysach-o-vlcich<\/a><br><\/p>","protected":false},"excerpt":{"rendered":"<p>Ane\u017eka Matou\u0161kov\u00e1 je mlad\u00e1 um\u011blkyn\u011b p\u016fsob\u00edc\u00ed v&nbsp;Praze. Vystudovala VO\u0160 Jaroslava Je\u017eka obor jazzov\u00fd zp\u011bv, kter\u00fd v&nbsp;t\u00e9to dob\u011b studuje na Hudebn\u00ed akademii M\u00fazick\u00fdch um\u011bn\u00ed. Hraje ve dvou kapel\u00e1ch, ve kter\u00fdch zp\u00edv\u00e1 a&nbsp;hraje na kytaru &#8211; Avokaduo ( dvojice d\u00edvek hraj\u00edc\u00ed sv\u00e9 origin\u00e1ln\u00ed folko-jazzov\u00e9 p\u00edsn\u011b. V&nbsp;posledn\u00ed dob\u011b k&nbsp;sob\u011b na podium \u010d\u00edm d\u00e1l v\u00edce zvou sv\u00e9 jazzov\u00e9 muzikantsk\u00e9 [&hellip;]<\/p>","protected":false},"author":1,"featured_media":0,"parent":27,"menu_order":0,"comment_status":"closed","ping_status":"closed","template":"main.php","meta":{"footnotes":""},"class_list":["post-1962","page","type-page","status-publish","hentry"],"_links":{"self":[{"href":"https:\/\/www.tuseni.cz\/index.php\/wp-json\/wp\/v2\/pages\/1962","targetHints":{"allow":["GET"]}}],"collection":[{"href":"https:\/\/www.tuseni.cz\/index.php\/wp-json\/wp\/v2\/pages"}],"about":[{"href":"https:\/\/www.tuseni.cz\/index.php\/wp-json\/wp\/v2\/types\/page"}],"author":[{"embeddable":true,"href":"https:\/\/www.tuseni.cz\/index.php\/wp-json\/wp\/v2\/users\/1"}],"replies":[{"embeddable":true,"href":"https:\/\/www.tuseni.cz\/index.php\/wp-json\/wp\/v2\/comments?post=1962"}],"version-history":[{"count":4,"href":"https:\/\/www.tuseni.cz\/index.php\/wp-json\/wp\/v2\/pages\/1962\/revisions"}],"predecessor-version":[{"id":1967,"href":"https:\/\/www.tuseni.cz\/index.php\/wp-json\/wp\/v2\/pages\/1962\/revisions\/1967"}],"up":[{"embeddable":true,"href":"https:\/\/www.tuseni.cz\/index.php\/wp-json\/wp\/v2\/pages\/27"}],"wp:attachment":[{"href":"https:\/\/www.tuseni.cz\/index.php\/wp-json\/wp\/v2\/media?parent=1962"}],"curies":[{"name":"wp","href":"https:\/\/api.w.org\/{rel}","templated":true}]}}