
{"id":1993,"date":"2020-11-06T08:47:40","date_gmt":"2020-11-06T07:47:40","guid":{"rendered":"http:\/\/www.tuseni.cz\/?page_id=1993"},"modified":"2020-11-06T08:57:59","modified_gmt":"2020-11-06T07:57:59","slug":"zive-jeslicky-aneb-vsecko-do-betlema-bezi","status":"publish","type":"page","link":"https:\/\/www.tuseni.cz\/index.php\/aktuality-2021-2022\/zive-jeslicky-aneb-vsecko-do-betlema-bezi\/","title":{"rendered":"\u017div\u00e9 jesli\u010dky aneb v\u0161ecko do Betl\u00e9ma b\u011b\u017e\u00ed"},"content":{"rendered":"<figure class=\"wp-block-image\"><a href=\"http:\/\/www.tuseni.cz\/wp-content\/uploads\/2020\/11\/P1330317.jpg\"><img loading=\"lazy\" decoding=\"async\" width=\"1024\" height=\"684\" src=\"http:\/\/www.tuseni.cz\/wp-content\/uploads\/2020\/11\/P1330317-1024x684.jpg\" alt=\"\" class=\"wp-image-1996\" srcset=\"https:\/\/www.tuseni.cz\/wp-content\/uploads\/2020\/11\/P1330317-1024x684.jpg 1024w, https:\/\/www.tuseni.cz\/wp-content\/uploads\/2020\/11\/P1330317-300x200.jpg 300w, https:\/\/www.tuseni.cz\/wp-content\/uploads\/2020\/11\/P1330317-768x513.jpg 768w, https:\/\/www.tuseni.cz\/wp-content\/uploads\/2020\/11\/P1330317-330x220.jpg 330w, https:\/\/www.tuseni.cz\/wp-content\/uploads\/2020\/11\/P1330317-250x167.jpg 250w, https:\/\/www.tuseni.cz\/wp-content\/uploads\/2020\/11\/P1330317.jpg 2000w\" sizes=\"auto, (max-width: 1024px) 100vw, 1024px\" \/><\/a><\/figure>\n\n\n\n<p>Betl\u00e9m  je\u00a0 jedna z&nbsp;nejkr\u00e1sn\u011bj\u0161\u00edch v\u011bc\u00ed v\u00e1no\u010dn\u00edho obdob\u00ed, krom\u011b strome\u010dku a&nbsp; koled. A\u0165 u\u017e je \u017eiv\u00fd, d\u0159ev\u011bn\u00fd, keramick\u00fd, pohybliv\u00fd nebo t\u0159eba  z&nbsp;pern\u00edku. <br>Je velmi  pravd\u011bpodobn\u00e9, \u017ee letos nebude \u017e\u00e1dn\u00fd v\u00e1no\u010dn\u00ed jarmark ani \u017div\u00e9 jesli\u010dky.  Budeme si doma za sv\u00fdmi okny aran\u017eovat sv\u00e9 Betl\u00e9my. Poj\u010fte s&nbsp;n\u00e1mi  p\u0159en\u00e9st kousek t\u00e9to radosti za okno b\u00fdval\u00e9 obecn\u00ed Ordinace. <\/p>\n\n\n\n<p>\u00a0<strong>Poj\u010fme spole\u010dn\u011b vyrobit skoro \u017eiv\u00fd Betl\u00e9m.\u00a0<em>Jak to bude fungovat?<\/em>M\u00e1me z\u00e1kladn\u00ed desku m\u011bsta Betl\u00e9ma o&nbsp;velikosti zhruba 50cm x 100cm.\u00a0<\/strong>Deska m\u00e1 3 v\u00fd\u0161kov\u00e9 \u00farovn\u011b &#8211; \u00a0jak\u00e9si schody o&nbsp;v\u00fd\u0161ce\u00a010cm\u00a0a hloubce\u00a020cm. <strong>Pomozte n\u00e1m zaplnit, zalidnit Betl\u00e9m<\/strong>.\u00a0Spolu  se sv\u00fdmi d\u011btmi vyrob\u00edte postavi\u010dky lid\u00ed, zv\u00ed\u0159at, kr\u00e1l\u016f, strom\u016f, dom\u016f.  Postavy vysok\u00e9 ca 10 &#8211; 15 cm (dosp\u011bl\u00fd past\u00fd\u0159), \u00a0z mat\u00e9rie jak\u00e1 v\u00e1s  napadne, pap\u00edrov\u00e9, keramick\u00e9, d\u0159ev\u011bn\u00e9, plst\u011bn\u00e9. M\u011bly by b\u00fdt byteln\u00e9, aby  vydr\u017eely i&nbsp;p\u0159\u00edpadnou expozici venku (za such\u00e9ho po\u010das\u00ed samoz\u0159ejm\u011b).Vyroben\u00e9  postavi\u010dky bude mo\u017eno odevzd\u00e1vat na Obecn\u00edm \u00fa\u0159ad\u011b (v&nbsp;\u00fa\u0159edn\u00edch  hodin\u00e1ch). Tak, jak budou postupn\u011b p\u0159ich\u00e1zet, tak je budeme instalovat  na desku na\u0161eho Betl\u00e9ma. Vy budete moci pozorovat d\u011bn\u00ed ve m\u011bst\u011b v&nbsp;p\u0159\u00edm\u00e9m  p\u0159enosu.\u00a0<strong>N\u00e1\u0161 skoro \u017eiv\u00fd Betl\u00e9m bude k&nbsp;vid\u011bn\u00ed ka\u017ed\u00fd den v&nbsp;dob\u011b adventn\u00ed v&nbsp;okn\u011b Ordinace.<\/strong>Na  webu Tu\u0161en\u00ed a&nbsp;na webu obecn\u00edm bude viset google tabulka, kam m\u016f\u017eete  zapisovat postavy, kter\u00e9 budete cht\u00edt vyrobit. Aby se n\u00e1m nese\u0161lo 6  kr\u00e1l\u016f a&nbsp;8 Mari\u00ed&#8230; <\/p>\n\n\n\n<p><strong><a href=\"https:\/\/docs.google.com\/spreadsheets\/d\/1G_AJSXCUNi9yDm4Ay7g24NhHwT2eUNfS6xKU5PX1XFs\/edit?usp=sharing\">Link na tabulku<\/a><\/strong><a href=\"https:\/\/docs.google.com\/spreadsheets\/d\/1G_AJSXCUNi9yDm4Ay7g24NhHwT2eUNfS6xKU5PX1XFs\/edit?usp=sharing\"><strong> zde<\/strong><\/a><\/p>\n\n\n\n<p>T\u011b\u0161\u00edme se na va\u0161e n\u00e1pady, um\u011bleck\u00e9 a&nbsp;origin\u00e1ln\u00ed\u00a0ztv\u00e1rn\u011bn\u00ed.T\u011b\u0161\u00edme se, \u017ee si na v\u00e1noce u&nbsp;Betl\u00e9ma\u00a0spole\u010dn\u011b zazp\u00edv\u00e1me.<br><\/p>","protected":false},"excerpt":{"rendered":"<p>Betl\u00e9m je\u00a0 jedna z&nbsp;nejkr\u00e1sn\u011bj\u0161\u00edch v\u011bc\u00ed v\u00e1no\u010dn\u00edho obdob\u00ed, krom\u011b strome\u010dku a&nbsp; koled. A\u0165 u\u017e je \u017eiv\u00fd, d\u0159ev\u011bn\u00fd, keramick\u00fd, pohybliv\u00fd nebo t\u0159eba z&nbsp;pern\u00edku. Je velmi pravd\u011bpodobn\u00e9, \u017ee letos nebude \u017e\u00e1dn\u00fd v\u00e1no\u010dn\u00ed jarmark ani \u017div\u00e9 jesli\u010dky. Budeme si doma za sv\u00fdmi okny aran\u017eovat sv\u00e9 Betl\u00e9my. Poj\u010fte s&nbsp;n\u00e1mi p\u0159en\u00e9st kousek t\u00e9to radosti za okno b\u00fdval\u00e9 obecn\u00ed Ordinace. \u00a0Poj\u010fme spole\u010dn\u011b [&hellip;]<\/p>","protected":false},"author":1,"featured_media":0,"parent":1736,"menu_order":0,"comment_status":"closed","ping_status":"closed","template":"main.php","meta":{"footnotes":""},"class_list":["post-1993","page","type-page","status-publish","hentry"],"_links":{"self":[{"href":"https:\/\/www.tuseni.cz\/index.php\/wp-json\/wp\/v2\/pages\/1993","targetHints":{"allow":["GET"]}}],"collection":[{"href":"https:\/\/www.tuseni.cz\/index.php\/wp-json\/wp\/v2\/pages"}],"about":[{"href":"https:\/\/www.tuseni.cz\/index.php\/wp-json\/wp\/v2\/types\/page"}],"author":[{"embeddable":true,"href":"https:\/\/www.tuseni.cz\/index.php\/wp-json\/wp\/v2\/users\/1"}],"replies":[{"embeddable":true,"href":"https:\/\/www.tuseni.cz\/index.php\/wp-json\/wp\/v2\/comments?post=1993"}],"version-history":[{"count":4,"href":"https:\/\/www.tuseni.cz\/index.php\/wp-json\/wp\/v2\/pages\/1993\/revisions"}],"predecessor-version":[{"id":2002,"href":"https:\/\/www.tuseni.cz\/index.php\/wp-json\/wp\/v2\/pages\/1993\/revisions\/2002"}],"up":[{"embeddable":true,"href":"https:\/\/www.tuseni.cz\/index.php\/wp-json\/wp\/v2\/pages\/1736"}],"wp:attachment":[{"href":"https:\/\/www.tuseni.cz\/index.php\/wp-json\/wp\/v2\/media?parent=1993"}],"curies":[{"name":"wp","href":"https:\/\/api.w.org\/{rel}","templated":true}]}}