
{"id":20,"date":"2015-11-02T07:09:16","date_gmt":"2015-11-02T06:09:16","guid":{"rendered":"http:\/\/www.tuseni.cz\/?page_id=20"},"modified":"2020-08-26T09:39:54","modified_gmt":"2020-08-26T08:39:54","slug":"aktuality-2019-2020","status":"publish","type":"page","link":"https:\/\/www.tuseni.cz\/index.php\/aktuality-2021-2022\/aktuality-2019-2020\/","title":{"rendered":"Aktuality 2019\/2020"},"content":{"rendered":"<h4 class=\"wp-block-heading\">Jaro 2020<\/h4>\n\n\n\n<p>22.&nbsp;3.&nbsp;2020 | p\u0159ed kostelem sv. V\u00edta | 15:00<\/p>\n\n\n\n<h6 class=\"wp-block-heading\">Pa\u0161ijov\u00e1 Hra<\/h6>\n\n\n\n<p>Hled\u00e1me: herce, recit\u00e1tory, zp\u011bv\u00e1ky, zru\u010dn\u00e9 i&nbsp;m\u00e9n\u011b zru\u010dn\u00e9 um\u011blce &#8230; <em>v\u00edce na plak\u00e1tku<\/em><\/p>\n\n\n\n<ul class=\"wp-block-gallery columns-2 is-cropped wp-block-gallery-1 is-layout-flex wp-block-gallery-is-layout-flex\"><li class=\"blocks-gallery-item\"><figure><a href=\"http:\/\/www.tuseni.cz\/wp-content\/uploads\/2020\/01\/TUSENI_pasije_plakat-724x1024.jpg\"><img loading=\"lazy\" decoding=\"async\" width=\"724\" height=\"1024\" src=\"http:\/\/www.tuseni.cz\/wp-content\/uploads\/2020\/01\/TUSENI_pasije_plakat-724x1024.jpg\" alt=\"\" data-id=\"1718\" data-link=\"http:\/\/www.tuseni.cz\/created-with-gimp-9\/\" class=\"wp-image-1718\" srcset=\"https:\/\/www.tuseni.cz\/wp-content\/uploads\/2020\/01\/TUSENI_pasije_plakat-724x1024.jpg 724w, https:\/\/www.tuseni.cz\/wp-content\/uploads\/2020\/01\/TUSENI_pasije_plakat-212x300.jpg 212w, https:\/\/www.tuseni.cz\/wp-content\/uploads\/2020\/01\/TUSENI_pasije_plakat-768x1086.jpg 768w, https:\/\/www.tuseni.cz\/wp-content\/uploads\/2020\/01\/TUSENI_pasije_plakat-250x354.jpg 250w, https:\/\/www.tuseni.cz\/wp-content\/uploads\/2020\/01\/TUSENI_pasije_plakat.jpg 1600w\" sizes=\"auto, (max-width: 724px) 100vw, 724px\" \/><\/a><\/figure><\/li><li class=\"blocks-gallery-item\"><figure><a href=\"http:\/\/www.tuseni.cz\/wp-content\/uploads\/2020\/01\/TUSENI_pasije-724x1024.jpg\"><img loading=\"lazy\" decoding=\"async\" width=\"724\" height=\"1024\" src=\"http:\/\/www.tuseni.cz\/wp-content\/uploads\/2020\/01\/TUSENI_pasije-724x1024.jpg\" alt=\"\" data-id=\"1717\" data-link=\"http:\/\/www.tuseni.cz\/created-with-gimp-8\/\" class=\"wp-image-1717\" srcset=\"https:\/\/www.tuseni.cz\/wp-content\/uploads\/2020\/01\/TUSENI_pasije-724x1024.jpg 724w, https:\/\/www.tuseni.cz\/wp-content\/uploads\/2020\/01\/TUSENI_pasije-212x300.jpg 212w, https:\/\/www.tuseni.cz\/wp-content\/uploads\/2020\/01\/TUSENI_pasije-768x1086.jpg 768w, https:\/\/www.tuseni.cz\/wp-content\/uploads\/2020\/01\/TUSENI_pasije-250x354.jpg 250w, https:\/\/www.tuseni.cz\/wp-content\/uploads\/2020\/01\/TUSENI_pasije.jpg 1600w\" sizes=\"auto, (max-width: 724px) 100vw, 724px\" \/><\/a><\/figure><\/li><\/ul>\n\n\n\n<hr class=\"wp-block-separator\"\/>\n\n\n\n<h4 class=\"wp-block-heading\">Podzim 2019<\/h4>\n\n\n\n<div class=\"wp-block-image\"><figure class=\"alignleft is-resized\"><a href=\"http:\/\/www.tuseni.cz\/wp-content\/uploads\/2019\/11\/Tus\u030ceni\u0301_Adventni\u0301-koncert_2019.jpg\"><img loading=\"lazy\" decoding=\"async\" src=\"http:\/\/www.tuseni.cz\/wp-content\/uploads\/2019\/11\/Tus\u030ceni\u0301_Adventni\u0301-koncert_2019-724x1024.jpg\" alt=\"\" class=\"wp-image-1637\" width=\"131\" height=\"185\" srcset=\"https:\/\/www.tuseni.cz\/wp-content\/uploads\/2019\/11\/Tus\u030ceni\u0301_Adventni\u0301-koncert_2019-724x1024.jpg 724w, https:\/\/www.tuseni.cz\/wp-content\/uploads\/2019\/11\/Tus\u030ceni\u0301_Adventni\u0301-koncert_2019-212x300.jpg 212w, https:\/\/www.tuseni.cz\/wp-content\/uploads\/2019\/11\/Tus\u030ceni\u0301_Adventni\u0301-koncert_2019-768x1086.jpg 768w, https:\/\/www.tuseni.cz\/wp-content\/uploads\/2019\/11\/Tus\u030ceni\u0301_Adventni\u0301-koncert_2019-250x354.jpg 250w\" sizes=\"auto, (max-width: 131px) 100vw, 131px\" \/><\/a><\/figure><\/div>\n\n\n\n<p>14.&nbsp;12.&nbsp;2019 | kostel sv. V\u00edta | 15:00<\/p>\n\n\n\n<h6 class=\"wp-block-heading\">Adventn\u00ed koncert &#8211; byla cesta u\u0161lapan\u00e1<\/h6>\n\n\n\n<p>Vok\u00e1ln\u00ed kvarteto Corde et animo<br>Sm\u00ed\u0161en\u00fd a&nbsp;d\u011btsk\u00fd sbor La Folia<br>D\u011btsk\u00fd sbor a&nbsp;kapela Cvtkot<br>Cimb\u00e1lov\u00e1 muzika Ferigo<\/p>\n\n\n\n<hr class=\"wp-block-separator\"\/>\n\n\n\n<div class=\"wp-block-image\"><figure class=\"alignleft is-resized\"><a href=\"http:\/\/www.tuseni.cz\/wp-content\/uploads\/2019\/11\/Tus\u030ceni\u0301_Va\u0301noc\u030cni\u0301-di\u0301lna.jpg\"><img loading=\"lazy\" decoding=\"async\" src=\"http:\/\/www.tuseni.cz\/wp-content\/uploads\/2019\/11\/Tus\u030ceni\u0301_Va\u0301noc\u030cni\u0301-di\u0301lna-724x1024.jpg\" alt=\"\" class=\"wp-image-1617\" width=\"133\" height=\"188\" srcset=\"https:\/\/www.tuseni.cz\/wp-content\/uploads\/2019\/11\/Tus\u030ceni\u0301_Va\u0301noc\u030cni\u0301-di\u0301lna-724x1024.jpg 724w, https:\/\/www.tuseni.cz\/wp-content\/uploads\/2019\/11\/Tus\u030ceni\u0301_Va\u0301noc\u030cni\u0301-di\u0301lna-212x300.jpg 212w, https:\/\/www.tuseni.cz\/wp-content\/uploads\/2019\/11\/Tus\u030ceni\u0301_Va\u0301noc\u030cni\u0301-di\u0301lna-768x1086.jpg 768w, https:\/\/www.tuseni.cz\/wp-content\/uploads\/2019\/11\/Tus\u030ceni\u0301_Va\u0301noc\u030cni\u0301-di\u0301lna-250x354.jpg 250w\" sizes=\"auto, (max-width: 133px) 100vw, 133px\" \/><\/a><\/figure><\/div>\n\n\n\n<p>22.&nbsp;11.&nbsp;2019 | Ordinace | 16:00 &#8211; 18:00<\/p>\n\n\n\n<h6 class=\"wp-block-heading\">V\u00e1no\u010dn\u00ed d\u00edlna<\/h6>\n\n\n\n<p>pro mal\u00e9 i&nbsp;velk\u00e9 um\u011blce<br>v\u00e1no\u010dn\u00ed strome\u010dky<br>v\u00e1no\u010dn\u00ed hra\u010dky na strome\u010dek<\/p>\n\n\n\n<hr class=\"wp-block-separator\"\/>\n\n\n\n<div class=\"wp-block-image\"><figure class=\"alignleft is-resized\"><a href=\"http:\/\/www.tuseni.cz\/wp-content\/uploads\/2019\/11\/Va\u0301noc\u030cni\u0301-jarmark_2019.jpg\"><img loading=\"lazy\" decoding=\"async\" src=\"http:\/\/www.tuseni.cz\/wp-content\/uploads\/2019\/11\/Va\u0301noc\u030cni\u0301-jarmark_2019-724x1024.jpg\" alt=\"\" class=\"wp-image-1629\" width=\"132\" height=\"187\" srcset=\"https:\/\/www.tuseni.cz\/wp-content\/uploads\/2019\/11\/Va\u0301noc\u030cni\u0301-jarmark_2019-724x1024.jpg 724w, https:\/\/www.tuseni.cz\/wp-content\/uploads\/2019\/11\/Va\u0301noc\u030cni\u0301-jarmark_2019-212x300.jpg 212w, https:\/\/www.tuseni.cz\/wp-content\/uploads\/2019\/11\/Va\u0301noc\u030cni\u0301-jarmark_2019-768x1086.jpg 768w, https:\/\/www.tuseni.cz\/wp-content\/uploads\/2019\/11\/Va\u0301noc\u030cni\u0301-jarmark_2019-250x354.jpg 250w\" sizes=\"auto, (max-width: 132px) 100vw, 132px\" \/><\/a><\/figure><\/div>\n\n\n\n<p>30.&nbsp;11.&nbsp;2019 | Kl\u00e1\u0161ter &#8211; n\u00e1dvo\u0159\u00ed | 15:00<\/p>\n\n\n\n<h6 class=\"wp-block-heading\">V\u00e1no\u010dn\u00ed jarmark v&nbsp;Tuchom\u011b\u0159ic\u00edch<\/strong><\/h6>\n\n\n\n<p>Letos op\u011bt na n\u00e1dvo\u0159\u00ed Tuchom\u011b\u0159ick\u00e9ho kl\u00e1\u0161tera.<br>D\u011btsk\u00fd sbor La folia, <br>divadlo Romaneto, <br>vystoupen\u00ed d\u011bt\u00ed z&nbsp;M\u0160, <br>rozsv\u00edcen\u00ed v\u00e1no\u010dn\u00edho stromu<\/p>\n\n\n\n<hr class=\"wp-block-separator\"\/>\n\n\n\n<div class=\"wp-block-image\"><figure class=\"alignright is-resized\"><a href=\"http:\/\/www.tuseni.cz\/wp-content\/uploads\/2019\/08\/Tus\u030ceni_Kurzy_podzim_-2019.png\"><img loading=\"lazy\" decoding=\"async\" src=\"http:\/\/www.tuseni.cz\/wp-content\/uploads\/2019\/08\/Tus\u030ceni_Kurzy_podzim_-2019-724x1024.png\" alt=\"\" class=\"wp-image-1534\" width=\"165\" height=\"233\" srcset=\"https:\/\/www.tuseni.cz\/wp-content\/uploads\/2019\/08\/Tus\u030ceni_Kurzy_podzim_-2019-724x1024.png 724w, https:\/\/www.tuseni.cz\/wp-content\/uploads\/2019\/08\/Tus\u030ceni_Kurzy_podzim_-2019-212x300.png 212w, https:\/\/www.tuseni.cz\/wp-content\/uploads\/2019\/08\/Tus\u030ceni_Kurzy_podzim_-2019-768x1086.png 768w, https:\/\/www.tuseni.cz\/wp-content\/uploads\/2019\/08\/Tus\u030ceni_Kurzy_podzim_-2019-250x354.png 250w\" sizes=\"auto, (max-width: 165px) 100vw, 165px\" \/><\/a><\/figure><\/div>\n\n\n\n<p>Kurzy v&nbsp;Tuchom\u011b\u0159ic\u00edch pro rok 2019\/2020<\/p>\n\n\n\n<p><strong>Z\u00e1pis prob\u00edh\u00e1 2.&nbsp;9.&nbsp;2019&nbsp;13:00<\/strong>\u2013<strong>17:00 v&nbsp;Koteln\u011b <\/strong><br>(\u0160koln\u00ed 70)<\/p>\n\n\n\n<p>podrobnosti v&nbsp;sekci<a href=\"http:\/\/www.tuseni.cz\/index.php\/krouzky-kurzy\/\"> Kou\u017eky\/Kurzy<\/a><\/p>\n\n\n\n<hr class=\"wp-block-separator\"\/>\n\n\n\n<div class=\"wp-block-image\"><figure class=\"alignleft is-resized\"><a href=\"http:\/\/www.tuseni.cz\/wp-content\/uploads\/2019\/08\/VACLAV_plakat.png\"><img loading=\"lazy\" decoding=\"async\" src=\"http:\/\/www.tuseni.cz\/wp-content\/uploads\/2019\/08\/VACLAV_plakat.png\" alt=\"\" class=\"wp-image-1540\" width=\"159\" height=\"252\"\/><\/a><\/figure><\/div>\n\n\n\n<p> 18.&nbsp;9.&nbsp;2019 | 17:00 | S\u00fdpka  <\/p>\n\n\n\n<h6 class=\"wp-block-heading\">Svatov\u00e1clavsk\u00e1 legenda  <\/h6>\n\n\n\n<p>Autorsk\u00e9 loutkov\u00e9 p\u0159edstaven\u00ed Kate\u0159iny Mol\u010d\u00edkov\u00e9 <\/p>\n\n\n\n<hr class=\"wp-block-separator is-style-wide\"\/>\n\n\n\n<div class=\"wp-block-image\"><figure class=\"alignleft is-resized\"><a href=\"http:\/\/www.tuseni.cz\/wp-content\/uploads\/2019\/08\/Nokturna_2019_3.jpg\"><img loading=\"lazy\" decoding=\"async\" src=\"http:\/\/www.tuseni.cz\/wp-content\/uploads\/2019\/08\/Nokturna_2019_3-724x1024.jpg\" alt=\"\" class=\"wp-image-1539\" width=\"159\" height=\"231\"\/><\/a><\/figure><\/div>\n\n\n\n<h6 class=\"wp-block-heading\">Nokturna v&nbsp;R\u00e1kos\u00ed<\/h6>\n\n\n\n<p><strong>pozor!!! p\u0159esunuto na 18.&nbsp;9.&nbsp;2019<\/strong><\/p>\n\n\n\n<hr class=\"wp-block-separator\"\/>\n\n\n\n<div class=\"wp-block-image\"><figure class=\"alignleft is-resized\"><a href=\"http:\/\/www.tuseni.cz\/wp-content\/uploads\/2019\/07\/Tuseni_Prozitvkove-zpivani.jpg\"><img loading=\"lazy\" decoding=\"async\" src=\"http:\/\/www.tuseni.cz\/wp-content\/uploads\/2019\/07\/Tuseni_Prozitvkove-zpivani-212x300.jpg\" alt=\"\" class=\"wp-image-1416\" width=\"159\" height=\"225\" srcset=\"https:\/\/www.tuseni.cz\/wp-content\/uploads\/2019\/07\/Tuseni_Prozitvkove-zpivani-212x300.jpg 212w, https:\/\/www.tuseni.cz\/wp-content\/uploads\/2019\/07\/Tuseni_Prozitvkove-zpivani-768x1086.jpg 768w, https:\/\/www.tuseni.cz\/wp-content\/uploads\/2019\/07\/Tuseni_Prozitvkove-zpivani-724x1024.jpg 724w, https:\/\/www.tuseni.cz\/wp-content\/uploads\/2019\/07\/Tuseni_Prozitvkove-zpivani-250x354.jpg 250w\" sizes=\"auto, (max-width: 159px) 100vw, 159px\" \/><\/a><\/figure><\/div>\n\n\n\n<p>22.&nbsp;9.&nbsp;2019 | 10:00 &#8211; 17:00<\/p>\n\n\n\n<h6 class=\"wp-block-heading\">Zp\u00edvac\u00ed d\u00edlna se Zuzanou Vl\u010dinskou:<\/h6>\n\n\n\n<p>p\u0159ihl\u00e1\u0161ky na info@tuseni.cz nebo na tel: 723&nbsp;726&nbsp;833<\/p>\n\n\n\n<hr class=\"wp-block-separator\"\/>\n\n\n\n<h4 class=\"wp-block-heading\">Jaro 2019<\/h4>\n\n\n\n<p>Pus\u0165te si v&nbsp;galerii video z<a href=\"http:\/\/www.tuseni.cz\/index.php\/galerie\/\"> leto\u0161n\u00edho masopustu<\/a>!<\/p>\n\n\n\n<p><\/p>\n\n\n\n<hr class=\"wp-block-separator\"\/>\n\n\n\n<p>ned\u011ble 16.&nbsp;6.&nbsp;2019 <\/p>\n\n\n\n<h6>Pou\u0165 sv. V\u00edta<\/h6>\n\n\n\n<p>\u010cek\u00e1 v\u00e1s bohat\u00fd program, ker\u00fd p\u0159ipravuje komunita Chemin Neuf, vystoupen\u00ed d\u011bt\u00ed z&nbsp;<strong>pohybov\u00e9ho studia Camino a&nbsp;Halali v&nbsp;13:30<\/strong> a&nbsp;v&nbsp;<strong>15:30 divadeln\u00ed p\u0159edstaven\u00ed dramatick\u00e9 skupiny D.ATEL Sen noci svatoj\u00e1nsk\u00e9 !!!<\/strong><\/p>\n\n\n\n<hr class=\"wp-block-separator\"\/>\n\n\n\n<h6 class=\"wp-block-heading\">Nadch\u00e1zej\u00edc\u00ed Nokturna<\/h6>\n\n\n\n<ul class=\"wp-block-gallery columns-3 is-cropped wp-block-gallery-2 is-layout-flex wp-block-gallery-is-layout-flex\"><li class=\"blocks-gallery-item\"><figure><a href=\"http:\/\/www.tuseni.cz\/wp-content\/uploads\/2019\/05\/Nokturna_2019_1-1-724x1024.jpg\"><img loading=\"lazy\" decoding=\"async\" width=\"724\" height=\"1024\" src=\"http:\/\/www.tuseni.cz\/wp-content\/uploads\/2019\/05\/Nokturna_2019_1-1-724x1024.jpg\" alt=\"\" data-id=\"1280\" data-link=\"http:\/\/www.tuseni.cz\/index.php\/aktuality\/nokturna_2019_1-2\/\" class=\"wp-image-1280\"\/><\/a><\/figure><\/li><li class=\"blocks-gallery-item\"><figure><a href=\"http:\/\/www.tuseni.cz\/wp-content\/uploads\/2019\/05\/Nokturna_2019_2-724x1024.jpg\"><img loading=\"lazy\" decoding=\"async\" width=\"724\" height=\"1024\" src=\"http:\/\/www.tuseni.cz\/wp-content\/uploads\/2019\/05\/Nokturna_2019_2-724x1024.jpg\" alt=\"\" data-id=\"1281\" data-link=\"http:\/\/www.tuseni.cz\/index.php\/aktuality\/nokturna_2019_2\/\" class=\"wp-image-1281\"\/><\/a><\/figure><\/li><li class=\"blocks-gallery-item\"><figure><a href=\"http:\/\/www.tuseni.cz\/wp-content\/uploads\/2019\/05\/Nokturna_2019_3-724x1024.jpg\"><img loading=\"lazy\" decoding=\"async\" width=\"724\" height=\"1024\" src=\"http:\/\/www.tuseni.cz\/wp-content\/uploads\/2019\/05\/Nokturna_2019_3-724x1024.jpg\" alt=\"\" data-id=\"1282\" data-link=\"http:\/\/www.tuseni.cz\/index.php\/aktuality\/nokturna_2019_3\/\" class=\"wp-image-1282\"\/><\/a><\/figure><\/li><\/ul>\n\n\n\n<hr class=\"wp-block-separator is-style-default\"\/>\n\n\n\n<div class=\"wp-block-image\"><figure class=\"alignright is-resized\"><a href=\"http:\/\/www.tuseni.cz\/wp-content\/uploads\/2019\/05\/Tus\u030ceni\u0301_Noc-kostelu\u030a_20191.jpg\"><img loading=\"lazy\" decoding=\"async\" src=\"http:\/\/www.tuseni.cz\/wp-content\/uploads\/2019\/05\/Tus\u030ceni\u0301_Noc-kostelu\u030a_20191-724x1024.jpg\" alt=\"\" class=\"wp-image-1285\" width=\"150\" height=\"225\"\/><\/a><\/figure><\/div>\n\n\n\n<p>24.&nbsp;5.&nbsp;2019 | kostel sv. V\u00edta, S\u00fdpka<\/p>\n\n\n\n<h6>Noc kostel\u016f<\/h6>\n\n\n\n<ul class=\"wp-block-list\"><li>V\u00fdtvarn\u00e1 d\u00edlna s&nbsp;M\u00ed\u0161ou T\u016fmovou<\/li><li>Okna doko\u0159\u00e1n &#8211; vernis\u00e1\u017e v\u00fdtvarn\u00e9 d\u00edlny<\/li><li>Vystoupen\u00ed mal\u00fdch kytarist\u016f<\/li><li>Koncert d\u011btsk\u00e9ho sboru Cvtkot a&nbsp;cimb\u00e1lky Ferigo<\/li><\/ul>\n\n\n\n<hr class=\"wp-block-separator is-style-wide\"\/>\n\n\n\n<div class=\"wp-block-image\"><figure class=\"alignright is-resized\"><a href=\"http:\/\/www.tuseni.cz\/wp-content\/uploads\/2019\/03\/Tuseni_Kurzy_jaro_-2019.jpg\"><img loading=\"lazy\" decoding=\"async\" src=\"http:\/\/www.tuseni.cz\/wp-content\/uploads\/2019\/03\/Tuseni_Kurzy_jaro_-2019-212x300.jpg\" alt=\"\" class=\"wp-image-1228\" width=\"150\" height=\"225\"\/><\/a><\/figure><\/div>\n\n\n\n<h6>Krou\u017eky a&nbsp;kurzy v&nbsp;Tuchom\u011b\u0159ic\u00edch<\/h6>\n\n\n\n<p>pro jaro 2019<\/p>\n\n\n\n<hr class=\"wp-block-separator\"\/>\n\n\n\n<div class=\"wp-block-image\"><figure class=\"alignleft is-resized\"><a href=\"http:\/\/www.tuseni.cz\/wp-content\/uploads\/2019\/07\/Libcice2019.jpg\"><img loading=\"lazy\" decoding=\"async\" src=\"http:\/\/www.tuseni.cz\/wp-content\/uploads\/2019\/07\/Libcice2019-212x300.jpg\" alt=\"\" class=\"wp-image-1421\" width=\"159\" height=\"225\" srcset=\"https:\/\/www.tuseni.cz\/wp-content\/uploads\/2019\/07\/Libcice2019-212x300.jpg 212w, https:\/\/www.tuseni.cz\/wp-content\/uploads\/2019\/07\/Libcice2019-768x1087.jpg 768w, https:\/\/www.tuseni.cz\/wp-content\/uploads\/2019\/07\/Libcice2019-724x1024.jpg 724w, https:\/\/www.tuseni.cz\/wp-content\/uploads\/2019\/07\/Libcice2019-250x354.jpg 250w, https:\/\/www.tuseni.cz\/wp-content\/uploads\/2019\/07\/Libcice2019.jpg 1198w\" sizes=\"auto, (max-width: 159px) 100vw, 159px\" \/><\/a><\/figure><\/div>\n\n\n\n<p>11.&nbsp;5.&nbsp;2019 | 13:30 |Lib\u010dice &#8211; Evangelick\u00fd kostel<\/p>\n\n\n\n<h6 class=\"wp-block-heading\">Otev\u0159en\u00e1 zahrada &#8211; Lib\u010dice<\/h6>\n\n\n\n<p>sborov\u00fd festival &#8211; 11.&nbsp;ro\u010dn\u00edk<br>Hudba 21.&nbsp;stolet\u00ed<\/p>\n\n\n\n<p><\/p>\n\n\n\n<hr class=\"wp-block-separator\"\/>\n\n\n<p><a href=\"http:\/\/www.tuseni.cz\/wp-content\/uploads\/2019\/03\/Tuseni_koncert_Magistri.jpg\"><img loading=\"lazy\" decoding=\"async\" class=\"wp-image-1241 alignright\" src=\"http:\/\/www.tuseni.cz\/wp-content\/uploads\/2019\/03\/Tuseni_koncert_Magistri-212x300.jpg\" alt=\"\" width=\"131\" height=\"185\" srcset=\"https:\/\/www.tuseni.cz\/wp-content\/uploads\/2019\/03\/Tuseni_koncert_Magistri-212x300.jpg 212w, https:\/\/www.tuseni.cz\/wp-content\/uploads\/2019\/03\/Tuseni_koncert_Magistri-768x1087.jpg 768w, https:\/\/www.tuseni.cz\/wp-content\/uploads\/2019\/03\/Tuseni_koncert_Magistri-724x1024.jpg 724w, https:\/\/www.tuseni.cz\/wp-content\/uploads\/2019\/03\/Tuseni_koncert_Magistri-250x354.jpg 250w, https:\/\/www.tuseni.cz\/wp-content\/uploads\/2019\/03\/Tuseni_koncert_Magistri.jpg 1343w\" sizes=\"auto, (max-width: 131px) 100vw, 131px\" \/><\/a><br>6.&nbsp;4.&nbsp;2019 | 16:00 | Kostel sv. V\u00edta<\/p>\n<p>koncert unik\u00e1tn\u00edho fl\u00e9tnov\u00e9ho souboru<\/p>\n<h6>Magist\u0159i<\/h6>\n<hr style=\"clear: both;\">\n<p><a href=\"http:\/\/www.tuseni.cz\/wp-content\/uploads\/2019\/03\/Tuseni_Velikonoce_2019.jpg\"><img decoding=\"async\" class=\"size-medium wp-image-1229 alignright\" src=\"http:\/\/www.tuseni.cz\/wp-content\/uploads\/2019\/03\/Tuseni_Velikonoce_2019-212x300.jpg\" alt=\"\" width=\"130\" srcset=\"https:\/\/www.tuseni.cz\/wp-content\/uploads\/2019\/03\/Tuseni_Velikonoce_2019-212x300.jpg 212w, https:\/\/www.tuseni.cz\/wp-content\/uploads\/2019\/03\/Tuseni_Velikonoce_2019-768x1086.jpg 768w, https:\/\/www.tuseni.cz\/wp-content\/uploads\/2019\/03\/Tuseni_Velikonoce_2019-724x1024.jpg 724w, https:\/\/www.tuseni.cz\/wp-content\/uploads\/2019\/03\/Tuseni_Velikonoce_2019-250x354.jpg 250w\" sizes=\"(max-width: 212px) 100vw, 212px\" \/><\/a>7.&nbsp;4.&nbsp;2019 | 10:00 | D\u00fd\u0148ovi\u0161t\u011b, Kotelna<\/p>\n<h6>Zima pry\u010d, jaro sem<\/h6>\n<hr style=\"clear: both;\">\n<p>V p\u0159\u00edpad\u011b dotaz\u016f, pros\u00edme, pi\u0161te na info@tuseni.cz, \u010di volejte na 723&nbsp;726&nbsp;833, p\u0159ihl\u00e1\u0161ky pos\u00edlejte na info@tuseni.cz.<\/p>\n<hr>\n<ul>\n<li style=\"list-style-type: none;\">\n<ul>\n<li><a href=\"http:\/\/www.tuseni.cz\/index.php\/aktuality\/aktuality-2018-2\/\">Akutality 2.&nbsp;pol. 2018<\/a><\/li>\n<li><a href=\"http:\/\/www.tuseni.cz\/index.php\/aktuality\/aktuality-2018\/\">Aktuality 1.&nbsp;pol. 2018<\/a><\/li>\n<li><a href=\"http:\/\/www.tuseni.cz\/index.php\/aktuality\/aktuality-2017\/\">Aktuality 2017<\/a><\/li>\n<\/ul>\n<\/li>\n<\/ul>\n<ul>\n<li style=\"text-align: left;\"><a href=\"http:\/\/www.tuseni.cz\/index.php\/aktuality\/aktuality-2016\/\">Aktuality 2.&nbsp;pol. 2016<\/a><\/li>\n<li><a href=\"http:\/\/www.tuseni.cz\/index.php\/kalendar-akci-2015-2016\/\">Archiv akc\u00ed roku 2015\u20132016<\/a><\/li>\n<\/ul>","protected":false},"excerpt":{"rendered":"<p>Jaro 2020&nbsp;22.&nbsp;3.&nbsp;2020 | p\u0159ed kostelem sv. V\u00edta | 15:00 Pa\u0161ijov\u00e1 Hra Hled\u00e1me: herce, recit\u00e1tory, zp\u011bv\u00e1ky, zru\u010dn\u00e9 i&nbsp;m\u00e9n\u011b zru\u010dn\u00e9 um\u011blce &#8230; v\u00edce na plak\u00e1tku Podzim 2019&nbsp;14.&nbsp;12.&nbsp;2019 | kostel sv. V\u00edta | 15:00 Adventn\u00ed koncert &#8211; byla cesta u\u0161lapan\u00e1 Vok\u00e1ln\u00ed kvarteto Corde et animoSm\u00ed\u0161en\u00fd a&nbsp;d\u011btsk\u00fd sbor La FoliaD\u011btsk\u00fd sbor a&nbsp;kapela CvtkotCimb\u00e1lov\u00e1 muzika Ferigo 22.&nbsp;11.&nbsp;2019 | [&hellip;]<\/p>","protected":false},"author":1,"featured_media":0,"parent":1736,"menu_order":0,"comment_status":"open","ping_status":"open","template":"main.php","meta":{"footnotes":""},"class_list":["post-20","page","type-page","status-publish","hentry"],"_links":{"self":[{"href":"https:\/\/www.tuseni.cz\/index.php\/wp-json\/wp\/v2\/pages\/20","targetHints":{"allow":["GET"]}}],"collection":[{"href":"https:\/\/www.tuseni.cz\/index.php\/wp-json\/wp\/v2\/pages"}],"about":[{"href":"https:\/\/www.tuseni.cz\/index.php\/wp-json\/wp\/v2\/types\/page"}],"author":[{"embeddable":true,"href":"https:\/\/www.tuseni.cz\/index.php\/wp-json\/wp\/v2\/users\/1"}],"replies":[{"embeddable":true,"href":"https:\/\/www.tuseni.cz\/index.php\/wp-json\/wp\/v2\/comments?post=20"}],"version-history":[{"count":260,"href":"https:\/\/www.tuseni.cz\/index.php\/wp-json\/wp\/v2\/pages\/20\/revisions"}],"predecessor-version":[{"id":1740,"href":"https:\/\/www.tuseni.cz\/index.php\/wp-json\/wp\/v2\/pages\/20\/revisions\/1740"}],"up":[{"embeddable":true,"href":"https:\/\/www.tuseni.cz\/index.php\/wp-json\/wp\/v2\/pages\/1736"}],"wp:attachment":[{"href":"https:\/\/www.tuseni.cz\/index.php\/wp-json\/wp\/v2\/media?parent=20"}],"curies":[{"name":"wp","href":"https:\/\/api.w.org\/{rel}","templated":true}]}}