
{"id":22,"date":"2015-11-02T07:09:48","date_gmt":"2015-11-02T06:09:48","guid":{"rendered":"http:\/\/www.tuseni.cz\/?page_id=22"},"modified":"2021-08-25T16:10:23","modified_gmt":"2021-08-25T15:10:23","slug":"2018-2019","status":"publish","type":"page","link":"https:\/\/www.tuseni.cz\/index.php\/krouzky-kurzy\/2018-2019\/","title":{"rendered":"Krou\u017eky, kurzy 2018\/19"},"content":{"rendered":"<p><a href=\"http:\/\/www.tuseni.cz\/wp-content\/uploads\/2018\/09\/Tus\u030ceni_Kurzy_podzim_-2018.jpg\"><img loading=\"lazy\" decoding=\"async\" class=\"wp-image-1151 size-medium alignleft\" src=\"http:\/\/www.tuseni.cz\/wp-content\/uploads\/2018\/09\/Tus\u030ceni_Kurzy_podzim_-2018-212x300.jpg\" alt=\"\" width=\"212\" height=\"300\" srcset=\"https:\/\/www.tuseni.cz\/wp-content\/uploads\/2018\/09\/Tus\u030ceni_Kurzy_podzim_-2018-212x300.jpg 212w, https:\/\/www.tuseni.cz\/wp-content\/uploads\/2018\/09\/Tus\u030ceni_Kurzy_podzim_-2018-768x1086.jpg 768w, https:\/\/www.tuseni.cz\/wp-content\/uploads\/2018\/09\/Tus\u030ceni_Kurzy_podzim_-2018-724x1024.jpg 724w, https:\/\/www.tuseni.cz\/wp-content\/uploads\/2018\/09\/Tus\u030ceni_Kurzy_podzim_-2018-250x354.jpg 250w\" sizes=\"auto, (max-width: 212px) 100vw, 212px\" \/><\/a><\/p>\n<p><strong>rozpis pro \u0161koln\u00ed rok 2018\/2019<\/strong><\/p>\n<h6 class=\"modra\">pro d\u011bti<\/h6>\n<p><a href=\"#camino\">Camino \u2013 pohybov\u00e9 studio<\/a> |<a href=\"#halali\">&nbsp;HaLaLi &#8211; pohybov\u00e9 studio a&nbsp;sbor<\/a> |<br \/>\n<a href=\"#kytara\">Kytara<\/a>&nbsp;|&nbsp;<a href=\"#cvrkot\">Cvrkot \u2013 sbor a&nbsp;kapela<\/a> |<br \/>\n<a href=\"#creative\">Creative workshop \u2013angli\u010dtina v&nbsp;experimentu<\/a> |<br \/>\n<a href=\"#datel\">D.ATEL \u2013 divadeln\u00ed ateli\u00e9r<\/a> |&nbsp;<a href=\"#ulita\">ULITA &#8211; na m\u00edru d\u011btem u\u0161it\u00e1 <\/a>|<br \/>\n<a href=\"#machovy\">MACHOVY PROU\u017dKY \u2013 v\u00fdtvarn\u00e9 odpoledne<\/a>&nbsp;|&nbsp;<a href=\"#kung-fu\">Kung-fu<\/a> |<\/p>\n<h6 class=\"modra\" style=\"text-align: right;\">pro dosp\u011bl\u00e9<\/h6>\n<p style=\"text-align: right;\"><a href=\"#akd\">Anglick\u00e1 konverzace<\/a> | <a href=\"#pilates\">Pilates<\/a><br \/>\n<a href=\"#tango\">Argentinsk\u00e9 tango<\/a> | <a href=\"#la-folia\">Sm\u00ed\u0161en\u00fd sbor LA FOLIA<\/a><\/p>\n<p><b>T\u00fddenn\u00ed rozvrh krou\u017ek\u016f<\/b>&nbsp;2018\/19 ke sta\u017een\u00ed <a href=\"http:\/\/www.tuseni.cz\/wp-content\/uploads\/2018\/08\/tuseni-rozvrh-2018-19.pdf\">zde<\/a>.<\/p>\n<p><strong>!!! P\u0159ihl\u00e1\u0161ka<\/strong> <strong>2018\/19<\/strong> ke sta\u017een\u00ed | <a href=\"http:\/\/www.tuseni.cz\/wp-content\/uploads\/2018\/09\/prihlaska-tuseni-2018_19.docx\">docx<\/a> | <a href=\"http:\/\/www.tuseni.cz\/wp-content\/uploads\/2018\/09\/prihlaska-tuseni-2018_19.pdf\">pdf<\/a><\/p>\n<p>Platby za krou\u017eky pros\u00edm pos\u00edlejte na \u00fa\u010det \u010d.&nbsp;<strong>2000&nbsp;824&nbsp;076\/2010<\/strong> (FIO). Do zpr\u00e1vy pro p\u0159\u00edjemce pros\u00edm uve\u010fte n\u00e1zev krou\u017eku a&nbsp;jm\u00e9no \u00fa\u010dastn\u00edka.<\/p>\n<p>Ve v\u0161ech kurzech po\u010d\u00edt\u00e1me s&nbsp;po\u010dtem<strong> 16 lekc\u00ed za pololet\u00ed<\/strong>, pokud nen\u00ed naps\u00e1no jinak.<\/p>\n<p>Sm\u00ed\u0161en\u00fd sbor La Folia se osamostatnil a&nbsp;nad\u00e1le funguje jako nov\u00fd spolek. Od z\u00e1\u0159\u00ed mu bude hostovat nov\u00fd sbormistr vynikaj\u00edc\u00ed klav\u00edrista a&nbsp;skladatel Jan Du\u0161ek. <strong>P\u0159ib\u00edr\u00e1me nov\u00e9 \u010dleny!<\/strong><\/p>\n<p><span style=\"color: #ff0000;\"><strong>ZA\u010c\u00cdN\u00c1ME V&nbsp;T\u00ddDNU OD 17.&nbsp;9.!!!<\/strong><\/span><\/p>\n<h6 class=\"modra\" style=\"border: none; border-top: solid 1px; margin: 10px 0 10px; text-align: right;\">Pro d\u011bti<\/h6>\n<h5 class=\"modra\"><a name=\"camino\"><\/a>Camino \u2013 pohybov\u00e9 studio<\/h5>\n<p>Pohyb jako z\u00e1kladn\u00ed vyjad\u0159ovac\u00ed schopnost, pohyb jako p\u0159irozenost, pohyb jako \u017eivotn\u00ed pocit. D\u011bti jsou vedeny k&nbsp;zdrav\u00e9mu a&nbsp;p\u0159irozen\u00e9mu dr\u017een\u00ed t\u011bla, seznamuj\u00ed se z\u00e1konitostmi jako je dynamika, t\u011b\u017ei\u0161t\u011b, osa t\u011bla, prostor, n\u00e1vaznost pohybu. Rozv\u00edjej\u00ed svou fantazii. Neu\u010d\u00ed se \u017e\u00e1dn\u00e9 sestavy, nepapou\u0161kuj\u00ed, nekop\u00edruj\u00ed jsou vedeny k&nbsp;porozum\u011bn\u00ed vlastn\u00edmu t\u011blu a&nbsp;jeho mo\u017enostem. Sou\u010d\u00e1st\u00ed ka\u017ed\u00e9 hodiny je pr\u016fpravn\u00e1 \u010d\u00e1st posiluj\u00edc\u00ed svalstvo, protahov\u00e1n\u00ed, pohybov\u00e9 hry rozv\u00edjej\u00edc\u00ed p\u0159edstavivost, pr\u00e1ce s&nbsp;n\u00e1\u010din\u00edm (m\u00ed\u010de, hole, \u0161\u00e1tky, \u0161vihadla) a&nbsp;improvizace. Hodiny jsou doprov\u00e1zeny \u017eivou hudbou, na ka\u017ed\u00e9 lekci je p\u0159\u00edtomn\u00fd klav\u00edrista korepetitor, d\u011bti tak t\u0159\u00edb\u00ed sv\u016fj sluch, hudebn\u00ed c\u00edt\u011bn\u00ed.<\/p>\n<p><strong>Pond\u011bl\u00ed 13:15\u201314:45<\/strong>&nbsp;(d\u011bti 7\u201312 let) | <strong>Kotelna<\/strong><br \/>\nLektorky: Jitka Hrad\u00edlkov\u00e1, Jana V\u00f6r\u00f6\u0161ov\u00e1<br \/>\nCena:&nbsp; 2200,- K\u010d\/pololet\u00ed<\/p>\n<h5 class=\"modra\"><a name=\"halali\"><\/a>HaLaLi &#8211; pohybov\u00e9 studio a&nbsp;sbor<\/h5>\n<p>Pohyb a&nbsp;hudba v&nbsp;jednom, spousta p\u00edsni\u010dek spousta legrace.&nbsp; Op\u011bt se m\u016f\u017eeme t\u011b\u0161it na Vyn\u00e1\u0161en\u00ed Smrti, Masopust a&nbsp;dal\u0161\u00ed \u017eiveln\u00e1 vystoupen\u00ed pln\u00e1 energie a&nbsp;d\u011btsk\u00e9 hravosti. D\u011bti budeme tento rok vyzved\u00e1vat p\u0159\u00edmo v&nbsp;tuchom\u011b\u0159ick\u00e9 \u0161kolce v&nbsp;15:00.<\/p>\n<p><strong>Pond\u011bl\u00ed 15:15\u201316:00<\/strong> (d\u011bti 3-6 let) | <strong>Kotelna<br \/>\n<\/strong>Lektorky: Jitka Hrad\u00edlkov\u00e1, Jana V\u00f6r\u00f6\u0161ov\u00e1<br \/>\nCena: 1500,- K\u010d\/pololet\u00ed<\/p>\n<h5 class=\"modra\"><a name=\"kytara\"><\/a>KYTARA<\/h5>\n<p>D\u011bti si osvojuj\u00ed z\u00e1kladn\u00ed hr\u00e1\u010dsk\u00e9 dovednosti s&nbsp;charismatickou lektorkou, kter\u00e1 dok\u00e1\u017ee vzbudit nad\u0161en\u00ed a&nbsp;z\u00e1pal pro hru. Ka\u017edoro\u010dn\u011b m\u00e1me mo\u017enost sledovat jejich v\u00fdvoj p\u0159i nejr\u016fzn\u011bj\u0161\u00edch akc\u00edch po\u0159\u00e1dan\u00fdch&nbsp;obc\u00ed.<\/p>\n<p><b>\u00dater\u00fd 17:30\u201318:15 | Kotelna<br \/>\n<\/b>Lektor: <strong>Kate\u0159ina Mal\u010d\u00edkov\u00e1<\/strong><b><br \/>\n<\/b>Cena: 1.800,\u2013 K\u010d\/pololet\u00ed<\/p>\n<h5 class=\"modra\"><a name=\"cvrkot\"><\/a>Cvrkot \u2013 sbor a&nbsp;kapela<\/h5>\n<p>Nov\u00e1 podoba d\u011btsk\u00e9ho sboru La Folia.&nbsp; Po n\u011bkolikalet\u00e9 sborov\u00e9 pr\u00e1ci jsou d\u011bti schopn\u00e9 zp\u00edvat a&nbsp;z\u00e1rove\u0148 hr\u00e1t na n\u00e1stroje, samy vym\u00fd\u0161let a&nbsp;doprov\u00e1zet sv\u00e9 p\u00edsn\u011b.<\/p>\n<p>Vznik\u00e1 tak nov\u00e1 platforma, kter\u00e1 se neomezuje pouze na vok\u00e1ln\u00ed hudbu, ale naopak je otev\u0159ena ve\u0161ker\u00fdm tv\u016fr\u010d\u00edm podn\u011bt\u016fm i&nbsp;t\u011bm mimohudebn\u00edm. Pole pro nov\u00e1 dobrodru\u017estv\u00ed.<\/p>\n<p><b>St\u0159eda 17:15-18:10 <\/b>(d\u011bti 7\u201312 let)<b> | Kotelna<br \/>\n<\/b>Lektor: Jana V\u00f6r\u00f6\u0161ov\u00e1<br \/>\nCena: 1200,- K\u010d\/pololet\u00ed<\/p>\n<h5 class=\"modra\"><a name=\"creative\"><\/a>Creative workshop\u2013angli\u010dtina v&nbsp;experimentu<\/h5>\n<p>Z\u00e1bavn\u00e9 pokusy&nbsp; s&nbsp;bonusem angli\u010dtiny a&nbsp;nebo obr\u00e1cen\u011b&#8230;zkr\u00e1tka angli\u010dtina v&nbsp;ka\u017edodenn\u00edm pou\u017eit\u00ed. Netradi\u010dn\u00ed pom\u016fcky, p\u0159ekvapiv\u00e1 rozuzlen\u00ed&#8230;<\/p>\n<p><strong>Pond\u011bl\u00ed 17:00\u201318:30<\/strong> (d\u011bti 6.\u20139.&nbsp;t\u0159\u00edda) | <strong>Kotelna<\/strong><br \/>\nLektorka: Martina Zp\u011bv\u00e1kov\u00e1<br \/>\nCena: 2500,- K\u010d\/pololet\u00ed<\/p>\n<h5 class=\"modra\"><a name=\"datel\"><\/a>D.ATEL \u2013 divadeln\u00ed ateli\u00e9r<\/h5>\n<p>Dramatick\u00e9 um\u011bn\u00ed jako jeden z&nbsp;nejkomplexn\u011bj\u0161\u00edch um\u011bleck\u00fdch obor\u016f. Rozv\u00edj\u00ed v\u0161estrann\u011b v\u0161echny schopnosti, kter\u00e9 d\u00edt\u011b m\u00e1. Prohlubuje pam\u011b\u0165, zkou\u0161\u00ed hranice fyzick\u00fdch mo\u017enost\u00ed, vyu\u017e\u00edv\u00e1 p\u0159irozen\u00e9 muzikality, pracuje s&nbsp;prostorem, u\u010d\u00ed d\u011bti spr\u00e1vn\u011b artikulovat, pracovat s&nbsp;hlasem a&nbsp;formulovat my\u0161lenky. Rozv\u00edj\u00ed obrazotvornost, d\u011bjovou linku, pracuje v&nbsp;detailu, ale nut\u00ed se zam\u00fd\u0161let i&nbsp;nad celkem. Vy\u017eaduje schopnost komunikace a&nbsp;spolupr\u00e1ce s&nbsp;ostatn\u00edmi herci. J\u00e1drem na\u0161eho divadla jsou autorsk\u00e1 p\u0159edstaven\u00ed, improvizace (nejt\u011b\u017e\u0161\u00ed discipl\u00edna v&nbsp;oboru) tam m\u00ed\u0159\u00ed i&nbsp;pr\u016fpravn\u00e1 cvi\u010den\u00ed \u2013 hry, se kter\u00fdmi se mal\u00ed herci v&nbsp;pr\u016fb\u011bhu roku setkaj\u00ed. T\u00e9matem leto\u0161n\u00edho roku je Komedie dell&#8217;arte.<\/p>\n<p><strong>\u010ctvrtek 15:00\u201316:30<\/strong> (d\u011bti 8\u201312 let) | Kotelna<br \/>\nLektorka: \u00c1ja Mare\u010dkov\u00e1<br \/>\nCena 1800,- K\u010d\/pololet\u00ed<\/p>\n<h5 class=\"modra\"><a name=\"ulita\"><\/a>ULITA \u2013 na m\u00edru d\u011btem u\u0161it\u00e1<\/h5>\n<p>divadeln\u00ed \u0159\u00e1d\u011bn\u00ed pro mal\u00e9 komedianty (d\u011bti 5-7 let), spousty her, z\u00e1bavn\u00fdch akc\u00ed.<\/p>\n<p><strong>\u010ctvrtek 15:15\u201316:45 | Knihovna tuchom\u011b\u0159ick\u00e9ho kl\u00e1\u0161tera<\/strong><br \/>\nLektorka: <a href=\"http:\/\/www.tuseni.cz\/index.php\/lektori\/frantiska-hejdukova\/\">Franti\u0161ka Hejdukov\u00e1<\/a><br \/>\ncena: 1.600,- K\u010d\/pololet\u00ed<\/p>\n<h5 class=\"modra\"><a name=\"machovy\"><\/a>MACHOVY PROU\u017dKY \u2013 v\u00fdtvarn\u00e9 odpoledne<\/h5>\n<p>Co v\u0161echno je um\u011bn\u00ed? Mus\u00ed mal\u00ed\u0159 um\u011bt malovat? Jak bohat\u00fd je m\u016fj vnit\u0159n\u00ed sv\u011bt? Tu\u017ekou? Uhlem? Olejem? Temperou? P\u0159ij\u010fte se p\u0159esv\u011bd\u010dit, \u017ee sv\u011bt nemus\u00ed b\u00fdt \u010dernob\u00edl\u00fd. Otev\u0159en\u00e9 odpoledne pro v\u0161echny mal\u00e9, velk\u00e9, star\u0161\u00ed i&nbsp;nejstar\u0161\u00ed um\u011blce. T\u00e9matick\u00e9 d\u00edlny Masopust, Velikonoce, Advent. Sou\u010d\u00e1st\u00ed bude i&nbsp;p\u0159\u00edprava v\u00fdstavy a&nbsp;jej\u00ed vernis\u00e1\u017e v&nbsp;prostor\u00e1ch kl\u00e1\u0161tern\u00ed s\u00fdpky, \u010di spolupr\u00e1ce s&nbsp;divadeln\u00edm ateli\u00e9rem nebo kapelou Cvrkot.<\/p>\n<p><strong>jedenkr\u00e1t za 14&nbsp;dn\u00ed <\/strong>| 15:15\u201317:30 |<strong> Kotelna<br \/>\n<\/strong><b><\/b><b>12.10., 2.11., 23.11., 7.12., 14.12., 11.1. , 18.1.<\/b> (n\u00e1hrada za lekci v&nbsp;z\u00e1\u0159\u00ed), <b>25.1.<br \/>\n<\/b><b> <\/b><span style=\"color: #000000;\">Lektorka:<a href=\"http:\/\/www.tuseni.cz\/index.php\/lektori\/mgr-mga-michaela-tumova-2\/\"> MgA. M\u00ed\u0161a T\u016fmov\u00e1<\/a><br \/>\ncena: 2.000,\u2013 K\u010d\/pololet\u00ed<\/span><\/p>\n<h5 class=\"modra\"><a name=\"kung-fu\"><\/a>KUNG-FU<\/h5>\n<p>rozvoj fyzick\u00e9 zdatnosti a&nbsp;psychyck\u00e9 odolnosti, radost z&nbsp;pohybu.<\/p>\n<p>Styl Hung Gar Styl Hung Gar zvan\u00fd t\u00e9\u017e Hung Kuen (p\u011bst rodiny Hung) je jeden z&nbsp;nejv\u00fdznamn\u011bj\u0161\u00edch a&nbsp;nejstar\u0161\u00edch jiho\u010d\u00ednsk\u00fdch bojov\u00fdch styl\u016f, jeho\u017e ko\u0159eny sahaj\u00ed a\u017e do ji\u017en\u00edho Shaolinu. Pat\u0159\u00ed k&nbsp;velmi m\u00e1lu tradi\u010dn\u00edch styl\u016f, kter\u00e9 d\u00e1le roz\u0161i\u0159uj\u00ed p\u016fvodn\u00ed techniky a&nbsp;znalosti ji\u017en\u00edho Shaolinu. Spojuje p\u011bt klasick\u00fdch \u0161aolinsk\u00fdch zv\u00ed\u0159at (drak, had, panter, tygr a&nbsp;je\u0159\u00e1b) s&nbsp;p\u011bti elementy (kov, voda, d\u0159evo, ohe\u0148 a&nbsp;zem\u011b) taoistick\u00e9 filozofie. V\u00fdjime\u010dn\u00fd charakter tohoto stylu je symbolizov\u00e1n spojen\u00edm silov\u00fdch technik tygra a&nbsp;pru\u017en\u00fdch pohyb\u016f je\u0159\u00e1ba. Ve stylu harmonicky spl\u00fdvaj\u00ed s\u00edla a&nbsp;pru\u017enost v&nbsp;jednotu, co\u017e odpov\u00edd\u00e1 filozofii jin \u2013 jang. Tygr a&nbsp;je\u0159\u00e1b se stali charakteristick\u00fdm znakem tohoto stylu.<br \/>\n<a href=\"http:\/\/www.kungfu-praha.com\">www.kungfu-praha.com<\/a><\/p>\n<p><strong>P\u00e1tek&nbsp;14:00\u201314:50 (d\u011bti 5\u201312 let) | Kotelna<\/strong><br \/>\nLektorka: Petra Lorencov\u00e1<br \/>\nCena:&nbsp; 1.600,-K\u010d\/pololet\u00ed<\/p>\n<h6 class=\"modra\" style=\"border: none; border-top: solid 1px; margin: 10px 0 10px; text-align: right;\">Pro dosp\u011bl\u00e9<\/h6>\n<h5 class=\"modra\"><a name=\"akd\"><\/a>ANGLICK\u00c1 KONVERZACE<\/h5>\n<p align=\"justify\">P\u0159\u00edjemn\u00e9 ve\u010dery s&nbsp;vynikaj\u00edc\u00ed lektorkou v&nbsp;rozhovorech o&nbsp;t\u00e9matech, kter\u00e9 v\u00e1s zaj\u00edmaj\u00ed. Diskuze nad jazykov\u00fdmi a&nbsp;p\u0159ekladatelsk\u00fdmi probl\u00e9my. Hodina, kter\u00e1 je vedena v&nbsp;\u00fazk\u00e9m kruhu. Rozj\u00edm\u00e1n\u00ed nad v\u011bcmi, na kter\u00e9 nen\u00ed jindy \u010das a&nbsp;to v\u0161echno v&nbsp;angli\u010dtin\u011b.<\/p>\n<p><strong>\u00dater\u00fd | 19:30\u201321:00 | Kotelna<\/strong><br \/>\nLektorka: <span style=\"color: #000000;\"><b>Beata Rodlingov\u00e1<\/b><b><br \/>\n<\/b>Cena: 3.200,\u2013 K\u010d\/pololet\u00ed<\/span><\/p>\n<h5 class=\"modra\"><a name=\"pilates\"><\/a>PILATES<\/h5>\n<p>Posilov\u00e1n\u00ed, protahov\u00e1n\u00ed problematick\u00fdch svalov\u00fdch skupin. Trp\u011bliv\u00e1 pr\u00e1ce, kter\u00e1 ovoce p\u0159in\u00e1\u0161\u00ed. Zku\u0161en\u00e9 oko lektorky odhal\u00ed a&nbsp;upozorn\u00ed na nedokonalost v&nbsp;proveden\u00ed cviku a&nbsp;oprav\u00ed v\u00e1s tak, aby byl co nejefektivn\u011bj\u0161\u00ed. Postupn\u00e9 zvy\u0161ov\u00e1n\u00ed n\u00e1rok\u016f na kondici. \u010cas, kter\u00fd v\u011bnujete sob\u011b a&nbsp;sv\u00e9mu zdrav\u00ed.<\/p>\n<p><strong>St\u0159eda 18:30\u201319:30 | Kotelna<\/strong><br \/>\nLektorka: Mgr. Renata B\u00e1rtov\u00e1<b><br \/>\n<\/b>Cena: 1.900,\u2013\/pololet\u00ed<\/p>\n<h5 class=\"modra\"><a name=\"tango\"><\/a>ARGENTINSK\u00c9 TANGO<\/h5>\n<p>Tanec, v\u00e1\u0161e\u0148, porozum\u011bn\u00ed, kr\u00e1sn\u00e1 hudba, elegantn\u00ed \u017eeny, sebev\u011bdom\u00ed mu\u017ei. Tanec jako meditace, improvizace, souzn\u011bn\u00ed s&nbsp;p\u00edsn\u00ed. Nem\u00e1te si s&nbsp;partnerem co \u0159\u00edci? Ide\u00e1ln\u00ed \u010das za\u010d\u00edt spolu tan\u010dit a&nbsp;dal\u0161\u00edch slov net\u0159eba.<\/p>\n<p><strong>\u010ctvrtek 18:30\u201319:30 <\/strong>(pokro\u010dil\u00ed)<strong>&nbsp;19:40\u201320:40 <\/strong>(za\u010d\u00e1te\u010dn\u00edci)<strong> | Kotelna <\/strong><br \/>\nLekto\u0159i: Arneldo Rodr\u00edguez<br \/>\n<a href=\"http:\/\/mondalfavillage.mondalfa.cz\">mondalfavillage.mondalfa.cz<\/a><br \/>\nCena: 1.600,\u2013\/8 lekc\u00ed<\/p>\n<h5 class=\"modra\"><a name=\"la-folia\"><\/a>SM\u00cd\u0160EN\u00dd SBOR LA FOLIA<\/h5>\n<p style=\"text-align: justify;\">Zp\u011bv je kr\u00e1sn\u00e1 \u010dinnost rozv\u00edjej\u00edc\u00ed a&nbsp;povzbuzuj\u00edc\u00ed ducha. Je o&nbsp;to v\u00edc napl\u0148uj\u00edc\u00ed \u010d\u00edm v\u00edce lid\u00ed, zp\u011bv\u00e1k\u016f je j\u00ed \u00fa\u010dastno. Sborov\u00fd zp\u011bv ve sv\u00e9 \u010dist\u00e9 podob\u011b dok\u00e1\u017ee otev\u00edrat srdce. Zp\u011bv je velik\u00e9 soust\u0159ed\u011bn\u00ed, pr\u00e1ce s&nbsp;dechem, sebek\u00e1ze\u0148, zhmotn\u011bn\u00ed abstraktn\u00edch my\u0161lenek. Sborov\u00fd zp\u011bv je nad to je\u0161t\u011b o&nbsp;vc\u00edt\u011bn\u00ed se, o&nbsp;spolupr\u00e1ci, vn\u00edm\u00e1n\u00ed okol\u00ed, za\u010dlen\u011bn\u00ed se do prostoru. Sm\u00ed\u0161en\u00fd sbor La Folia ji\u017e vykra\u010duje do sv\u00e9 \u010dtvrt\u00e9 sezony. Sbor se pravideln\u011b \u00fa\u010dastn\u00ed akc\u00ed v&nbsp;obci, koncertuje jak v&nbsp;Tuchom\u011b\u0159ic\u00edch tak v&nbsp;okol\u00ed. Doufejme, \u017ee i&nbsp;tento rok zazn\u00ed v&nbsp;Tuchom\u011b\u0159ick\u00e9m kostele o&nbsp;p\u016flnoci na \u0160t\u011bdr\u00fd den \u010cesk\u00e1 m\u0161e v\u00e1no\u010dn\u00ed. Sbor se \u00fa\u010dastn\u00ed masopustn\u00edho reje, co by doprovodn\u00e1 kapela. Dal\u0161\u00edm pl\u00e1novan\u00fdm projektem je spole\u010dn\u00fd koncert s&nbsp;d\u011btskou \u010d\u00e1st\u00ed sboru a&nbsp;s&nbsp;doprovodem komorn\u00edho ans\u00e1mblu.<\/p>\n<p><strong>Ned\u011ble 18:15\u201320:15 | Kotelna <\/strong><br \/>\nLektor: <strong>Jan Du\u0161ek<\/strong><b><br \/>\n<\/b>Cena: 800,\u2013\/pololet\u00ed<\/p>","protected":false},"excerpt":{"rendered":"<p>rozpis pro \u0161koln\u00ed rok 2018\/2019 pro d\u011bti Camino \u2013 pohybov\u00e9 studio |&nbsp;HaLaLi &#8211; pohybov\u00e9 studio a&nbsp;sbor | Kytara&nbsp;|&nbsp;Cvrkot \u2013 sbor a&nbsp;kapela | Creative workshop \u2013angli\u010dtina v&nbsp;experimentu | D.ATEL \u2013 divadeln\u00ed ateli\u00e9r |&nbsp;ULITA &#8211; na m\u00edru d\u011btem u\u0161it\u00e1 | MACHOVY PROU\u017dKY \u2013 v\u00fdtvarn\u00e9 odpoledne&nbsp;|&nbsp;Kung-fu | pro dosp\u011bl\u00e9 Anglick\u00e1 konverzace | Pilates Argentinsk\u00e9 tango | Sm\u00ed\u0161en\u00fd sbor [&hellip;]<\/p>","protected":false},"author":1,"featured_media":0,"parent":2337,"menu_order":1,"comment_status":"closed","ping_status":"open","template":"main.php","meta":{"footnotes":""},"class_list":["post-22","page","type-page","status-publish","hentry"],"_links":{"self":[{"href":"https:\/\/www.tuseni.cz\/index.php\/wp-json\/wp\/v2\/pages\/22","targetHints":{"allow":["GET"]}}],"collection":[{"href":"https:\/\/www.tuseni.cz\/index.php\/wp-json\/wp\/v2\/pages"}],"about":[{"href":"https:\/\/www.tuseni.cz\/index.php\/wp-json\/wp\/v2\/types\/page"}],"author":[{"embeddable":true,"href":"https:\/\/www.tuseni.cz\/index.php\/wp-json\/wp\/v2\/users\/1"}],"replies":[{"embeddable":true,"href":"https:\/\/www.tuseni.cz\/index.php\/wp-json\/wp\/v2\/comments?post=22"}],"version-history":[{"count":219,"href":"https:\/\/www.tuseni.cz\/index.php\/wp-json\/wp\/v2\/pages\/22\/revisions"}],"predecessor-version":[{"id":1340,"href":"https:\/\/www.tuseni.cz\/index.php\/wp-json\/wp\/v2\/pages\/22\/revisions\/1340"}],"up":[{"embeddable":true,"href":"https:\/\/www.tuseni.cz\/index.php\/wp-json\/wp\/v2\/pages\/2337"}],"wp:attachment":[{"href":"https:\/\/www.tuseni.cz\/index.php\/wp-json\/wp\/v2\/media?parent=22"}],"curies":[{"name":"wp","href":"https:\/\/api.w.org\/{rel}","templated":true}]}}