
{"id":228,"date":"2016-08-20T16:47:51","date_gmt":"2016-08-20T15:47:51","guid":{"rendered":"http:\/\/www.tuseni.cz\/?page_id=228"},"modified":"2016-08-20T16:50:50","modified_gmt":"2016-08-20T15:50:50","slug":"kalendar-akci-2015-2016","status":"publish","type":"page","link":"https:\/\/www.tuseni.cz\/index.php\/kalendar-akci-2015-2016\/","title":{"rendered":"Kalend\u00e1\u0159 akc\u00ed 2015\u20132016"},"content":{"rendered":"<p style=\"text-align: left;\" align=\"center\">(data i&nbsp;\u010dasy mohou doznat drobn\u00fdch zm\u011bn, d\u00e1me v\u00e1m v\u010das v\u011bd\u011bt)<\/p>\n<h4 class=\"po\">B\u0158EZEN<\/h4>\n<div class=\"krouzek\">\n<h6>sobota 19.&nbsp;3. | velikono\u010dn\u00ed d\u00edlna, + divadlo<\/h6>\n<p style=\"text-align: left;\">pleten\u00ed tatar\u016f, r\u016fzn\u00e9 techniky barven\u00ed vajec od 14:00 do 16:00<\/p>\n<p style=\"text-align: justify;\"><strong>Od 16:00<\/strong> Divadeln\u00ed soubor Pruhovan\u00e9 panenky zahraje ver\u0161ovan\u00e9 loutkohereck\u00e9 p\u0159edstaven\u00ed vych\u00e1zej\u00edc\u00ed z&nbsp;klasick\u00e9 poh\u00e1dky <strong>\u201eO t\u0159ech neposlu\u0161n\u00fdch k\u016fzl\u00e1tk\u00e1ch\u201c<\/strong>. M\u016f\u017eete se t\u011b\u0161it na loutky k\u016fzl\u00e1tek vyroben\u00e9 z&nbsp;ov\u010d\u00edho rouna, vesel\u00e9 p\u00edsni\u010dky prov\u00e1zej\u00edc\u00ed cel\u00e9 p\u0159edstaven\u00ed za doprovodu fl\u00e9tny a&nbsp;kytary. Sou\u010d\u00e1st\u00ed p\u0159edstaven\u00ed je interaktivn\u00ed d\u00edlna, ve kter\u00e9 se d\u011bti nau\u010d\u00ed p\u00edsni\u010dky a&nbsp;spole\u010dn\u011b si zazp\u00edvaj\u00ed a&nbsp;zahraj\u00ed. Ve v\u00fdtvarn\u00e9 d\u00edln\u011b d\u011bti vytv\u00e1\u0159\u00ed mal\u00e1 k\u016fzl\u00e1tka z&nbsp;ov\u010d\u00edho rouna a&nbsp;pap\u00edru.<\/p>\n<\/div>\n<h4 class=\"po\">DUBEN<\/h4>\n<div class=\"krouzek\">\n<h6>sobota 2.&nbsp;4. | 10:00-16:00 | Divadeln\u00ed Ateli\u00e9r s&nbsp;Andreou Mere\u010dkovou<\/h6>\n<h6>pond\u011bl\u00ed 18.&nbsp;4. | 16:00 | hudebn\u00ed d\u00edlna<\/h6>\n<p style=\"text-align: left;\">v\u00edtr a&nbsp;dech, slavnostn\u00ed odhalen\u00ed zvukov\u00e9 sochy, exkurze na varhann\u00ed k\u016fr, 18:00 varhann\u00ed koncert<\/p>\n<h6>sobota 23.&nbsp;4. | od 10:00 | Den Zem\u011b<\/h6>\n<h6>ned\u011ble 24.&nbsp;4. | 14:00 | Geo-proch\u00e1zka kolem Tuchom\u011b\u0159ic<\/h6>\n<p style=\"text-align: left;\">s odborn\u00fdm v\u00fdkladem geologa\u00a0 Mgr. Richarda Hampla, z\u00e1v\u011br na D\u00fd\u0148ovi\u0161ti s&nbsp;ohn\u011bm a&nbsp;v\u0161emu co k&nbsp;n\u011bmu pat\u0159\u00ed.<\/p>\n<h6 style=\"text-align: left;\">sobota 30.&nbsp;4. | 10:00 | divadlo U\u010den\u00ed mal\u00e9ho stromu,<\/h6>\n<p style=\"text-align: left;\">divadlo Cylindr v&nbsp;s\u00fdpce kl\u00e1\u0161tera<\/p>\n<p style=\"text-align: left;\">Kr\u00e1sn\u00e9 p\u0159edstaven\u00ed o&nbsp;indi\u00e1nech, p\u0159\u00edrod\u011b, toleranci vid\u011bn\u00e9 o\u010dima mal\u00e9ho chlapce. Podle p\u0159edlohy Foresta Cartera \u0160kola Mal\u00e9ho Stromu. \u00da\u010dinkuj\u00ed Petra B\u00edlkov\u00e1, Iveta Du\u0161kov\u00e1<\/p>\n<\/div>\n<h4 class=\"po\">KV\u011aTEN<\/h4>\n<div class=\"krouzek\">\n<h6>ned\u011ble 1.&nbsp;5. | 10:00 | FOTO workshop<\/h6>\n<p>proch\u00e1zka s&nbsp;fotografem Maty\u00e1\u0161em Vackem<\/p>\n<h6 style=\"text-align: left;\">sobota 8. | 10:00-16:00 | Divadeln\u00ed Ateli\u00e9r<\/h6>\n<p style=\"text-align: left;\">op\u011bt s&nbsp;here\u010dkou Andreou Mare\u010dkovou<\/p>\n<h6 style=\"text-align: left;\">sobota 28. | Den soused\u016f<\/h6>\n<\/div>\n<h4 class=\"po\">\u010cERVEN<\/h4>\n<div class=\"krouzek\">\n<h6>p\u00e1tek 10.&nbsp;6. | Noc kostel\u016f<\/h6>\n<p>koncert sm\u00ed\u0161en\u00e9ho sboru La Folia &#8211; 18:00 St\u0159edokluky, 20:00 Tuchom\u011b\u0159ice<\/p>\n<h6 style=\"text-align: left;\">st\u0159eda 15.&nbsp;6. | 17:00 | Premi\u00e9ra d\u011btsk\u00e9 opery Romance<\/h6>\n<p style=\"text-align: left;\">v divadle Konzervato\u0159e Duncan centre v&nbsp;Praze, vystoup\u00ed d\u011btsk\u00fd sbor La Folia, d\u011bti z&nbsp;Pohybov\u00e9ho studia a&nbsp;Divadeln\u00edho ateli\u00e9ru, ans\u00e1mbl profesion\u00e1ln\u00edch hudebn\u00edk\u016f<\/p>\n<h6 style=\"text-align: left;\">ned\u011ble 19.&nbsp;6. | 15:00 | P\u0159edstaven\u00ed opery Romance<\/h6>\n<p style=\"text-align: left;\">v s\u00fdpce kl\u00e1\u0161tera<\/p>\n<\/div>","protected":false},"excerpt":{"rendered":"<p>(data i&nbsp;\u010dasy mohou doznat drobn\u00fdch zm\u011bn, d\u00e1me v\u00e1m v\u010das v\u011bd\u011bt) B\u0158EZEN sobota 19.&nbsp;3. | velikono\u010dn\u00ed d\u00edlna, + divadlo pleten\u00ed tatar\u016f, r\u016fzn\u00e9 techniky barven\u00ed vajec od 14:00 do 16:00 Od 16:00 Divadeln\u00ed soubor Pruhovan\u00e9 panenky zahraje ver\u0161ovan\u00e9 loutkohereck\u00e9 p\u0159edstaven\u00ed vych\u00e1zej\u00edc\u00ed z&nbsp;klasick\u00e9 poh\u00e1dky \u201eO t\u0159ech neposlu\u0161n\u00fdch k\u016fzl\u00e1tk\u00e1ch\u201c. M\u016f\u017eete se t\u011b\u0161it na loutky k\u016fzl\u00e1tek vyroben\u00e9 z&nbsp;ov\u010d\u00edho rouna, vesel\u00e9 [&hellip;]<\/p>","protected":false},"author":1,"featured_media":0,"parent":0,"menu_order":0,"comment_status":"closed","ping_status":"closed","template":"main.php","meta":{"footnotes":""},"class_list":["post-228","page","type-page","status-publish","hentry"],"_links":{"self":[{"href":"https:\/\/www.tuseni.cz\/index.php\/wp-json\/wp\/v2\/pages\/228","targetHints":{"allow":["GET"]}}],"collection":[{"href":"https:\/\/www.tuseni.cz\/index.php\/wp-json\/wp\/v2\/pages"}],"about":[{"href":"https:\/\/www.tuseni.cz\/index.php\/wp-json\/wp\/v2\/types\/page"}],"author":[{"embeddable":true,"href":"https:\/\/www.tuseni.cz\/index.php\/wp-json\/wp\/v2\/users\/1"}],"replies":[{"embeddable":true,"href":"https:\/\/www.tuseni.cz\/index.php\/wp-json\/wp\/v2\/comments?post=228"}],"version-history":[{"count":1,"href":"https:\/\/www.tuseni.cz\/index.php\/wp-json\/wp\/v2\/pages\/228\/revisions"}],"predecessor-version":[{"id":229,"href":"https:\/\/www.tuseni.cz\/index.php\/wp-json\/wp\/v2\/pages\/228\/revisions\/229"}],"wp:attachment":[{"href":"https:\/\/www.tuseni.cz\/index.php\/wp-json\/wp\/v2\/media?parent=228"}],"curies":[{"name":"wp","href":"https:\/\/api.w.org\/{rel}","templated":true}]}}