
{"id":248,"date":"2016-08-20T19:47:05","date_gmt":"2016-08-20T18:47:05","guid":{"rendered":"http:\/\/www.tuseni.cz\/?page_id=248"},"modified":"2016-08-20T19:59:19","modified_gmt":"2016-08-20T18:59:19","slug":"larissa-sakvina","status":"publish","type":"page","link":"https:\/\/www.tuseni.cz\/index.php\/lektori\/larissa-sakvina\/","title":{"rendered":"Larissa Sakvina"},"content":{"rendered":"<p>narozena 1994, Kazachstan<\/p>\n<p style=\"text-align: justify;\">Vystudovala na Konzervato\u0159i v&nbsp;Kazachstanu sbormistrovstv\u00ed. B\u011bhem studi\u00ed \u00a0se aktivn\u011b v\u011bnovala \u00a0hudb\u011b. Byla \u010dlenkou c\u00edrkevn\u00edho a&nbsp;komorn\u00edho p\u011bveck\u00e9ho sboru. Z\u00e1rove\u0148 zp\u00edvala ve skupin\u011b &#8222;Inzhu&#8220;. P\u0159i studi\u00edch soukrom\u011b vyu\u010dovala\u00a0zp\u011bv, intonaci a&nbsp;vedla d\u011btsk\u00fd a&nbsp;dosp\u011bl\u00fd p\u011bveck\u00fd sbor. V&nbsp;sou\u010dasn\u00e9 dob\u011b \u00a0studuje Pra\u017eskou Konzervato\u0159, obor dirigov\u00e1n\u00ed. Pravideln\u011b zp\u00edv\u00e1\u00a0v kostele a&nbsp;v&nbsp;K\u00fchnov\u011b sm\u00ed\u0161en\u00e9m sboru, u\u010d\u00ed na Z\u00e1kladn\u00ed um\u011bleck\u00e9 \u0161kole zp\u011bv a&nbsp;klav\u00edr.<\/p>","protected":false},"excerpt":{"rendered":"<p>narozena 1994, Kazachstan Vystudovala na Konzervato\u0159i v&nbsp;Kazachstanu sbormistrovstv\u00ed. B\u011bhem studi\u00ed \u00a0se aktivn\u011b v\u011bnovala \u00a0hudb\u011b. Byla \u010dlenkou c\u00edrkevn\u00edho a&nbsp;komorn\u00edho p\u011bveck\u00e9ho sboru. Z\u00e1rove\u0148 zp\u00edvala ve skupin\u011b &#8222;Inzhu&#8220;. P\u0159i studi\u00edch soukrom\u011b vyu\u010dovala\u00a0zp\u011bv, intonaci a&nbsp;vedla d\u011btsk\u00fd a&nbsp;dosp\u011bl\u00fd p\u011bveck\u00fd sbor. V&nbsp;sou\u010dasn\u00e9 dob\u011b \u00a0studuje Pra\u017eskou Konzervato\u0159, obor dirigov\u00e1n\u00ed. Pravideln\u011b zp\u00edv\u00e1\u00a0v kostele a&nbsp;v&nbsp;K\u00fchnov\u011b sm\u00ed\u0161en\u00e9m sboru, u\u010d\u00ed na Z\u00e1kladn\u00ed um\u011bleck\u00e9 \u0161kole zp\u011bv a&nbsp;klav\u00edr.<\/p>","protected":false},"author":1,"featured_media":0,"parent":27,"menu_order":0,"comment_status":"closed","ping_status":"closed","template":"main.php","meta":{"footnotes":""},"class_list":["post-248","page","type-page","status-publish","hentry"],"_links":{"self":[{"href":"https:\/\/www.tuseni.cz\/index.php\/wp-json\/wp\/v2\/pages\/248","targetHints":{"allow":["GET"]}}],"collection":[{"href":"https:\/\/www.tuseni.cz\/index.php\/wp-json\/wp\/v2\/pages"}],"about":[{"href":"https:\/\/www.tuseni.cz\/index.php\/wp-json\/wp\/v2\/types\/page"}],"author":[{"embeddable":true,"href":"https:\/\/www.tuseni.cz\/index.php\/wp-json\/wp\/v2\/users\/1"}],"replies":[{"embeddable":true,"href":"https:\/\/www.tuseni.cz\/index.php\/wp-json\/wp\/v2\/comments?post=248"}],"version-history":[{"count":1,"href":"https:\/\/www.tuseni.cz\/index.php\/wp-json\/wp\/v2\/pages\/248\/revisions"}],"predecessor-version":[{"id":249,"href":"https:\/\/www.tuseni.cz\/index.php\/wp-json\/wp\/v2\/pages\/248\/revisions\/249"}],"up":[{"embeddable":true,"href":"https:\/\/www.tuseni.cz\/index.php\/wp-json\/wp\/v2\/pages\/27"}],"wp:attachment":[{"href":"https:\/\/www.tuseni.cz\/index.php\/wp-json\/wp\/v2\/media?parent=248"}],"curies":[{"name":"wp","href":"https:\/\/api.w.org\/{rel}","templated":true}]}}