
{"id":2496,"date":"2021-08-27T15:12:51","date_gmt":"2021-08-27T14:12:51","guid":{"rendered":"https:\/\/www.tuseni.cz\/?page_id=2496"},"modified":"2021-08-27T15:12:52","modified_gmt":"2021-08-27T14:12:52","slug":"veronika-zavrelova","status":"publish","type":"page","link":"https:\/\/www.tuseni.cz\/index.php\/lektori\/veronika-zavrelova\/","title":{"rendered":"Veronika Zav\u0159elov\u00e1"},"content":{"rendered":"<p>je v\u00fdtvarn\u00fd pedagog, v&nbsp;sou\u010dasn\u00e9 dob\u011b u\u010d\u00ed na z\u00e1kladn\u00ed um\u011bleck\u00e9 \u0161kole a&nbsp;lektoruje v\u00fdtvarn\u00e9 workshopy. Vystudovala Pedagogickou fakultu Karlovy university, obor V\u00fdtvarn\u00e1 v\u00fdchova. Mimo jej\u00ed hlavn\u00ed zam\u011b\u0159en\u00ed v&nbsp;pedagogice m\u00e1 za sebou ukon\u010den\u00e9 bakal\u00e1\u0159sk\u00e9 studium na Fakult\u011b architektury na \u010cVUT. Ve sv\u00e9m oboru se sna\u017e\u00ed rozv\u00edjet v\u0161estrann\u011b a&nbsp;p\u0159ev\u00e1d\u011bt sv\u011bt kolem n\u00e1s a&nbsp;um\u011bn\u00ed do sv\u011bta d\u011btsk\u00e9 fantazie a&nbsp;p\u0159edstavivosti.<br><\/p>","protected":false},"excerpt":{"rendered":"<p>je v\u00fdtvarn\u00fd pedagog, v&nbsp;sou\u010dasn\u00e9 dob\u011b u\u010d\u00ed na z\u00e1kladn\u00ed um\u011bleck\u00e9 \u0161kole a&nbsp;lektoruje v\u00fdtvarn\u00e9 workshopy. Vystudovala Pedagogickou fakultu Karlovy university, obor V\u00fdtvarn\u00e1 v\u00fdchova. Mimo jej\u00ed hlavn\u00ed zam\u011b\u0159en\u00ed v&nbsp;pedagogice m\u00e1 za sebou ukon\u010den\u00e9 bakal\u00e1\u0159sk\u00e9 studium na Fakult\u011b architektury na \u010cVUT. Ve sv\u00e9m oboru se sna\u017e\u00ed rozv\u00edjet v\u0161estrann\u011b a&nbsp;p\u0159ev\u00e1d\u011bt sv\u011bt kolem n\u00e1s a&nbsp;um\u011bn\u00ed do sv\u011bta d\u011btsk\u00e9 fantazie a&nbsp;p\u0159edstavivosti.<\/p>","protected":false},"author":1,"featured_media":0,"parent":27,"menu_order":0,"comment_status":"closed","ping_status":"closed","template":"main.php","meta":{"footnotes":""},"class_list":["post-2496","page","type-page","status-publish","hentry"],"_links":{"self":[{"href":"https:\/\/www.tuseni.cz\/index.php\/wp-json\/wp\/v2\/pages\/2496","targetHints":{"allow":["GET"]}}],"collection":[{"href":"https:\/\/www.tuseni.cz\/index.php\/wp-json\/wp\/v2\/pages"}],"about":[{"href":"https:\/\/www.tuseni.cz\/index.php\/wp-json\/wp\/v2\/types\/page"}],"author":[{"embeddable":true,"href":"https:\/\/www.tuseni.cz\/index.php\/wp-json\/wp\/v2\/users\/1"}],"replies":[{"embeddable":true,"href":"https:\/\/www.tuseni.cz\/index.php\/wp-json\/wp\/v2\/comments?post=2496"}],"version-history":[{"count":1,"href":"https:\/\/www.tuseni.cz\/index.php\/wp-json\/wp\/v2\/pages\/2496\/revisions"}],"predecessor-version":[{"id":2497,"href":"https:\/\/www.tuseni.cz\/index.php\/wp-json\/wp\/v2\/pages\/2496\/revisions\/2497"}],"up":[{"embeddable":true,"href":"https:\/\/www.tuseni.cz\/index.php\/wp-json\/wp\/v2\/pages\/27"}],"wp:attachment":[{"href":"https:\/\/www.tuseni.cz\/index.php\/wp-json\/wp\/v2\/media?parent=2496"}],"curies":[{"name":"wp","href":"https:\/\/api.w.org\/{rel}","templated":true}]}}