
{"id":2541,"date":"2021-09-06T07:22:16","date_gmt":"2021-09-06T06:22:16","guid":{"rendered":"https:\/\/www.tuseni.cz\/?page_id=2541"},"modified":"2021-09-06T07:22:17","modified_gmt":"2021-09-06T06:22:17","slug":"aktuality-2020-21","status":"publish","type":"page","link":"https:\/\/www.tuseni.cz\/index.php\/aktuality-2020-21\/","title":{"rendered":"Aktuality 2020\/21"},"content":{"rendered":"<p>13.&nbsp;6.&nbsp;2021<\/p>\n\n\n\n<h6 class=\"wp-block-heading\">Pou\u0165 sv. V\u00edta<\/h6>\n\n\n\n<figure class=\"wp-block-gallery aligncenter columns-2 is-cropped wp-block-gallery-1 is-layout-flex wp-block-gallery-is-layout-flex\"><ul class=\"blocks-gallery-grid\"><li class=\"blocks-gallery-item\"><figure><img loading=\"lazy\" decoding=\"async\" width=\"1024\" height=\"722\" src=\"http:\/\/www.tuseni.cz\/wp-content\/uploads\/2021\/05\/pout-2021-1024x722.jpg\" alt=\"\" data-id=\"2318\" class=\"wp-image-2318\" srcset=\"https:\/\/www.tuseni.cz\/wp-content\/uploads\/2021\/05\/pout-2021-1024x722.jpg 1024w, https:\/\/www.tuseni.cz\/wp-content\/uploads\/2021\/05\/pout-2021-300x211.jpg 300w, https:\/\/www.tuseni.cz\/wp-content\/uploads\/2021\/05\/pout-2021-768x541.jpg 768w, https:\/\/www.tuseni.cz\/wp-content\/uploads\/2021\/05\/pout-2021-250x176.jpg 250w, https:\/\/www.tuseni.cz\/wp-content\/uploads\/2021\/05\/pout-2021.jpg 1799w\" sizes=\"auto, (max-width: 1024px) 100vw, 1024px\" \/><\/figure><\/li><li class=\"blocks-gallery-item\"><figure><img loading=\"lazy\" decoding=\"async\" width=\"724\" height=\"1024\" src=\"http:\/\/www.tuseni.cz\/wp-content\/uploads\/2021\/05\/2021_Pout-1-724x1024.jpg\" alt=\"\" data-id=\"2327\" data-link=\"http:\/\/www.tuseni.cz\/index.php\/aktuality\/2021_pout-1\/\" class=\"wp-image-2327\" srcset=\"https:\/\/www.tuseni.cz\/wp-content\/uploads\/2021\/05\/2021_Pout-1-724x1024.jpg 724w, https:\/\/www.tuseni.cz\/wp-content\/uploads\/2021\/05\/2021_Pout-1-212x300.jpg 212w, https:\/\/www.tuseni.cz\/wp-content\/uploads\/2021\/05\/2021_Pout-1-768x1086.jpg 768w, https:\/\/www.tuseni.cz\/wp-content\/uploads\/2021\/05\/2021_Pout-1-250x354.jpg 250w, https:\/\/www.tuseni.cz\/wp-content\/uploads\/2021\/05\/2021_Pout-1.jpg 1414w\" sizes=\"auto, (max-width: 724px) 100vw, 724px\" \/><\/figure><\/li><\/ul><\/figure>\n\n\n\n<hr class=\"wp-block-separator\"\/>\n\n\n\n<p>28.&nbsp;5.&nbsp;2021<\/p>\n\n\n\n<div class=\"wp-block-image is-style-default\"><figure class=\"alignright is-resized\"><a href=\"http:\/\/www.tuseni.cz\/wp-content\/uploads\/2021\/05\/NK2021.jpg\"><img loading=\"lazy\" decoding=\"async\" src=\"http:\/\/www.tuseni.cz\/wp-content\/uploads\/2021\/05\/NK2021-724x1024.jpg\" alt=\"\" class=\"wp-image-2315\" width=\"234\" height=\"331\" srcset=\"https:\/\/www.tuseni.cz\/wp-content\/uploads\/2021\/05\/NK2021-724x1024.jpg 724w, https:\/\/www.tuseni.cz\/wp-content\/uploads\/2021\/05\/NK2021-212x300.jpg 212w, https:\/\/www.tuseni.cz\/wp-content\/uploads\/2021\/05\/NK2021-768x1086.jpg 768w, https:\/\/www.tuseni.cz\/wp-content\/uploads\/2021\/05\/NK2021-250x354.jpg 250w, https:\/\/www.tuseni.cz\/wp-content\/uploads\/2021\/05\/NK2021.jpg 1280w\" sizes=\"auto, (max-width: 234px) 100vw, 234px\" \/><\/a><\/figure><\/div>\n\n\n\n<h6 class=\"wp-block-heading\">Noc kostel\u016f<\/h6>\n\n\n\n<p> <strong>Tuchom\u011b\u0159ice<\/strong>: kostel sv. V\u00edta otev\u0159en\u00fd od 18h do 22h<br> 18h: ekumenick\u00e1 modlitba za jednotu k\u0159es\u0165an\u016f (s&nbsp;Husitskou c\u00edrkv\u00ed)<br> 19h: p\u0159edstaven\u00ed d\u011btsk\u00e9 Cimb\u00e1lky<br> 20h: improviza\u010dn\u00ed skupina Fahrzav\u00f6<br> \u2026 a&nbsp;voln\u00e9 prohl\u00eddky, kr\u00e1tk\u00e9 filmy o&nbsp;kostel\u00edch v&nbsp;okol\u00ed nebo o&nbsp;Komunit\u011b Chemin Neuf a&nbsp;audiovizu\u00e1ln\u00ed prezentace Komunity Chemin Neuf.<br><strong> P\u0159edn\u00ed Kopanina<\/strong>: rotunda sv. Ma\u0159\u00ed Magdal\u00e9ny otev\u0159en\u00e1 od 19h do 22h<br> Voln\u00e1 prohl\u00eddka<br> www.tuchomerice.farnost.cz<\/p>\n\n\n\n<hr class=\"wp-block-separator\"\/>\n\n\n\n<p>24.&nbsp;4.&nbsp;2021<\/p>\n\n\n\n<h6 class=\"wp-block-heading\">na sv. Ji\u0159\u00ed vyl\u00e9zaj\u00ed hadi a&nbsp;\u0161t\u00ed\u0159i<\/h6>\n\n\n\n<p>Mezi chodn\u00ed\u010dkem u&nbsp;\nstud\u00e1nky a&nbsp;horn\u00ed p\u011b\u0161inou, kter\u00e1 vede pod\u00e9l pole, klikat\u00ed se dlouh\u00fd had. \nP\u016fjdete-li cestou kolem, zastavte se a&nbsp;p\u0159idejte hadovi na d\u00e9lce. Nebo se\n inspirujte a&nbsp;poskl\u00e1dejte sv\u00e9ho hada na jin\u00e9m m\u00edst\u011b. \u010c\u00edm v\u00edce rukou, t\u00edm\n del\u0161\u00ed had. Zat\u00edm nikdo nev\u00ed,&nbsp; kde se had\u00ed hlava na sv. Ji\u0159\u00ed objev\u00ed&#8230;.<br>Budeme r\u00e1di, kdy\u017e n\u00e1m po\u0161lete fotografii nebo obr\u00e1zek na e-mail spolektuseni@gmail.com.<br>Dobrodru\u017estv\u00ed p\u0159i hled\u00e1n\u00ed, trp\u011blivost p\u0159i skl\u00e1d\u00e1n\u00ed a&nbsp;kr\u00e1sn\u00e9 jarn\u00ed dny <br>v\u00e1m p\u0159eje<br>Tu\u0161en\u00ed<\/p>\n\n\n\n<div class=\"wp-block-image is-style-default\"><figure class=\"alignright is-resized\"><a href=\"http:\/\/www.tuseni.cz\/wp-content\/uploads\/2021\/04\/Na-sv.-jiri-vylezaji-hadi-a-stiri.jpg\"><img loading=\"lazy\" decoding=\"async\" src=\"http:\/\/www.tuseni.cz\/wp-content\/uploads\/2021\/04\/Na-sv.-jiri-vylezaji-hadi-a-stiri-1024x742.jpg\" alt=\"\" class=\"wp-image-2302\" width=\"388\" height=\"280\" srcset=\"https:\/\/www.tuseni.cz\/wp-content\/uploads\/2021\/04\/Na-sv.-jiri-vylezaji-hadi-a-stiri-1024x742.jpg 1024w, https:\/\/www.tuseni.cz\/wp-content\/uploads\/2021\/04\/Na-sv.-jiri-vylezaji-hadi-a-stiri-300x217.jpg 300w, https:\/\/www.tuseni.cz\/wp-content\/uploads\/2021\/04\/Na-sv.-jiri-vylezaji-hadi-a-stiri-768x556.jpg 768w, https:\/\/www.tuseni.cz\/wp-content\/uploads\/2021\/04\/Na-sv.-jiri-vylezaji-hadi-a-stiri-250x181.jpg 250w, https:\/\/www.tuseni.cz\/wp-content\/uploads\/2021\/04\/Na-sv.-jiri-vylezaji-hadi-a-stiri.jpg 1999w\" sizes=\"auto, (max-width: 388px) 100vw, 388px\" \/><\/a><\/figure><\/div>\n\n\n\n<p>Jan Sk\u00e1cel<br><strong>Had<\/strong><\/p>\n\n\n\n<p><em>Slun\u00ed\u010dko dnes p\u011bkn\u011b sv\u00edt\u00ed,<\/em><br><em>na sk\u00e1le se h\u00e1dek t\u0159pyt\u00ed.<\/em><\/p>\n\n\n\n<p><em>Slun\u00ed se a&nbsp;moc je r\u00e1d,<\/em><br><em>\u017ee je l\u00e9to, \u017ee je had.<\/em><\/p>\n\n\n\n<p><em>V k\u016f\u017ei leskl\u00e9 jako sl\u00edda<\/em><br><em>poklad v&nbsp;zemi skryt\u00fd hl\u00edd\u00e1,<\/em><\/p>\n\n\n\n<p><em>by jej nikdo neukrad,<\/em><br><em>takov\u00fd m\u00e1 \u00fa\u0159ad had.<\/em><\/p>\n\n\n\n<p><em>Zato ale \u017e\u00e1dn\u00e9 nohy,<\/em><br><em>proto ka\u017ed\u00fd, ne snad mnoh\u00fd,<\/em><\/p>\n\n\n\n<p><em>z rodu had\u016f nakonec<\/em><br><em>plaz je \u010dili plazivec.<\/em><br><\/p>\n\n\n\n<hr class=\"wp-block-separator\"\/>\n\n\n\n<p>28.&nbsp;3.&nbsp;2021<\/p>\n\n\n\n<div class=\"wp-block-image is-style-default\"><figure class=\"alignright is-resized\"><a href=\"http:\/\/www.tuseni.cz\/wp-content\/uploads\/2021\/04\/pasiovytyden.jpg\"><img loading=\"lazy\" decoding=\"async\" src=\"http:\/\/www.tuseni.cz\/wp-content\/uploads\/2021\/04\/Pas\u030cijovy\u0301-ty\u0301den-742x1024.jpg\" alt=\"\" class=\"wp-image-2292\" width=\"237\" height=\"326\" srcset=\"https:\/\/www.tuseni.cz\/wp-content\/uploads\/2021\/04\/Pas\u030cijovy\u0301-ty\u0301den-742x1024.jpg 742w, https:\/\/www.tuseni.cz\/wp-content\/uploads\/2021\/04\/Pas\u030cijovy\u0301-ty\u0301den-768x1060.jpg 768w, https:\/\/www.tuseni.cz\/wp-content\/uploads\/2021\/04\/Pas\u030cijovy\u0301-ty\u0301den-250x345.jpg 250w, https:\/\/www.tuseni.cz\/wp-content\/uploads\/2021\/04\/Pas\u030cijovy\u0301-ty\u0301den.jpg 1448w\" sizes=\"auto, (max-width: 237px) 100vw, 237px\" \/><\/a><\/figure><\/div>\n\n\n\n<h6 class=\"wp-block-heading\">Pa\u0161ijov\u00fd t\u00fdden<\/h6>\n\n\n\n<p><strong>ZVEME V\u00c1S K&nbsp;\u00da\u010cASTI NA PROM\u011aN\u011a K\u0158\u00cd\u017dE V&nbsp;SRDCE<\/strong><\/p>\n\n\n\n<p>Zat\u00edmco na\u0161e prvn\u00ed pozv\u00e1n\u00ed k&nbsp;br\u00e1n\u011b pro Morenu m\u00ed\u0159ilo na rozhran\u00ed katastr\u016f obc\u00ed Tuchom\u011b\u0159ice a&nbsp;Statenice, dnes u\u017e m\u016f\u017eeme vykro\u010dit d\u00e1l. <\/p>\n\n\n\n<div class=\"wp-block-image is-style-default\"><figure class=\"alignleft is-resized\"><img loading=\"lazy\" decoding=\"async\" src=\"http:\/\/www.tuseni.cz\/wp-content\/uploads\/2021\/04\/IMG_2433-768x1024.jpg\" alt=\"\" class=\"wp-image-2293\" width=\"218\" height=\"290\" srcset=\"https:\/\/www.tuseni.cz\/wp-content\/uploads\/2021\/04\/IMG_2433-768x1024.jpg 768w, https:\/\/www.tuseni.cz\/wp-content\/uploads\/2021\/04\/IMG_2433-225x300.jpg 225w, https:\/\/www.tuseni.cz\/wp-content\/uploads\/2021\/04\/IMG_2433-250x333.jpg 250w, https:\/\/www.tuseni.cz\/wp-content\/uploads\/2021\/04\/IMG_2433.jpg 2000w\" sizes=\"auto, (max-width: 218px) 100vw, 218px\" \/><\/figure><\/div>\n\n\n\n<p>V prostor\u00e1ch z\u00e1meck\u00e9ho parku Na Par\u00e1dnici vznikl na Kv\u011btnou ned\u011bli z&nbsp;iniciativy n\u011bkolika statenick\u00fdch \u017een k\u0159\u00ed\u017e z&nbsp;vrbov\u00e9ho prout\u00ed. <strong>Od Velk\u00e9ho p\u00e1tku<\/strong>, kdy by se pobl\u00ed\u017e k\u0159\u00ed\u017ee m\u011bla objevit silueta srdce bude mo\u017en\u00e9 za\u010d\u00edt p\u0159em\u00eds\u0165ovat jednotliv\u00e9 pruty z&nbsp;k\u0159\u00ed\u017ee sem. ka\u017ed\u00fd kolemjdouc\u00ed bude m\u00edt mo\u017enost podle sv\u00e9ho citu a&nbsp;uv\u00e1\u017een\u00ed p\u0159em\u00edstit tolik prut\u016f, kolik t\u00edhy tou\u017e\u00ed prom\u011bnit v&nbsp;l\u00e1sku a&nbsp;sm\u00ed\u0159en\u00ed. Ka\u017ed\u00fd si neseme n\u011bjak\u00e9 starosti a&nbsp;tr\u00e1pen\u00ed. Na n\u011bkoho je to u\u017e moc, n\u011bkdo si u\u017e vykra\u010duje lehce. A\u0165 n\u00e1m jsou velikonoce \u010dasem, kdy projdeme touto t\u00edhou a\u017e k&nbsp;nov\u00e9 radosti, vl\u00eddnosti a&nbsp;m\u00edru.<\/p>\n\n\n\n<p class=\"has-text-align-right\">Kr\u00e1sn\u00e9 velikonoce n\u00e1m v\u0161em<br>p\u0159ej\u00ed<br>Statenick\u00e9 \u017eeny a&nbsp;Tu\u0161en\u00ed<\/p>\n\n\n\n<hr class=\"wp-block-separator\"\/>\n\n\n\n<p>21.&nbsp;3.&nbsp;2021<\/p>\n\n\n\n<h6 class=\"wp-block-heading\">Smrtn\u00e1 ned\u011bla<\/h6>\n\n\n\n<p>Aby mohlo p\u0159ij\u00edt n\u011bco nov\u00e9ho,&nbsp;<\/p>\n\n\n\n<p>je dobr\u00e9 se s&nbsp;t\u00edm star\u00fdm v&nbsp;dobr\u00e9m rozlou\u010dit.&nbsp;<\/p>\n\n\n\n<p>Proto\u017ee se nem\u016f\u017eeme potkat a&nbsp;spole\u010dn\u011b Zimu vyn\u00e9st, napadlo n\u00e1s postavit j\u00ed br\u00e1nu, aby v\u011bd\u011bla, kudy odej\u00edt. D\u011bkujeme j\u00ed za to, \u017ee nechala n\u00e1s i&nbsp;p\u0159\u00edrodu odpo\u010d\u00edvat, \u017ee zamrzla rybn\u00edky a&nbsp;my jsme mohli bruslit a&nbsp;obrac\u00edme se na n\u00ed s&nbsp;prosbou, aby odnesla v\u0161echno, co u\u017e nepot\u0159ebujeme.&nbsp;<\/p>\n\n\n\n<div class=\"wp-block-image is-style-default\"><figure class=\"alignright is-resized\"><a href=\"http:\/\/www.tuseni.cz\/wp-content\/uploads\/2021\/03\/smrtna-ned\u011ble.jpg\"><img loading=\"lazy\" decoding=\"async\" src=\"http:\/\/www.tuseni.cz\/wp-content\/uploads\/2021\/03\/smrtna-ned\u011ble-724x1024.jpg\" alt=\"\" class=\"wp-image-2224\" width=\"273\" height=\"386\" srcset=\"https:\/\/www.tuseni.cz\/wp-content\/uploads\/2021\/03\/smrtna-ned\u011ble-724x1024.jpg 724w, https:\/\/www.tuseni.cz\/wp-content\/uploads\/2021\/03\/smrtna-ned\u011ble-212x300.jpg 212w, https:\/\/www.tuseni.cz\/wp-content\/uploads\/2021\/03\/smrtna-ned\u011ble-768x1086.jpg 768w, https:\/\/www.tuseni.cz\/wp-content\/uploads\/2021\/03\/smrtna-ned\u011ble-250x353.jpg 250w, https:\/\/www.tuseni.cz\/wp-content\/uploads\/2021\/03\/smrtna-ned\u011ble.jpg 1001w\" sizes=\"auto, (max-width: 273px) 100vw, 273px\" \/><\/a><\/figure><\/div>\n\n\n\n<p>Zveme V\u00e1s k&nbsp;mal\u00e9 lesn\u00ed slavnosti.&nbsp;<\/p>\n\n\n\n<p>Na\u0161e br\u00e1na u\u017e stoj\u00ed. M\u016f\u017eete ji naj\u00edt a&nbsp;dozdobit. M\u016f\u017eete postavit svoji. Budeme r\u00e1di, kdy\u017e n\u00e1m po\u0161lete fotografii nebo vzkaz, abychom o&nbsp;sob\u011b v\u011bd\u011bli na e-mail spolektuseni@gmail.com. Dejte pozor na sn\u011b\u017eenky. Je jich v\u0161ude plno. Neza\u0161l\u00e1pn\u011bte jejich odvahu kv\u00e9st, i&nbsp;kdy\u017e je je\u0161t\u011b zima a&nbsp;sn\u00edh.<\/p>\n\n\n\n<p>P\u0159ejeme V\u00e1m kr\u00e1sn\u00e9 jaro. Hodn\u011b sil a&nbsp;radosti.<\/p>\n\n\n\n<p> \u201e<em>Tam kde se vody potk\u00e1vaj\u00ed<\/em><br><em>u koberc\u016f sn\u011b\u017eenek,<\/em><br><em>tam kde se potok st\u00e1\u010d\u00ed&nbsp;<\/em><br><em>v&nbsp;klikat\u00fdch meandrech&nbsp;<\/em><br><em>a sly\u0161et je \u0159eht\u00e1n\u00ed kon\u00ed<\/em><br><em>tam stoj\u00ed ta br\u00e1na pro ni.<\/em>\u201c<\/p>\n\n\n\n<p class=\"has-text-align-right\">&nbsp;Va\u0161e Jana, Ka\u010da a&nbsp;Ver\u010da<\/p>\n\n\n\n<div class=\"wp-block-media-text alignwide has-vivid-cyan-blue-background-color\" style=\"grid-template-columns:12% auto\"><figure class=\"wp-block-media-text__media\"><img loading=\"lazy\" decoding=\"async\" width=\"320\" height=\"316\" src=\"http:\/\/www.tuseni.cz\/wp-content\/uploads\/2021\/03\/fotogalerie-1.png\" alt=\"\" class=\"wp-image-2256\" srcset=\"https:\/\/www.tuseni.cz\/wp-content\/uploads\/2021\/03\/fotogalerie-1.png 320w, https:\/\/www.tuseni.cz\/wp-content\/uploads\/2021\/03\/fotogalerie-1-300x296.png 300w, https:\/\/www.tuseni.cz\/wp-content\/uploads\/2021\/03\/fotogalerie-1-250x247.png 250w\" sizes=\"auto, (max-width: 320px) 100vw, 320px\" \/><\/figure><div class=\"wp-block-media-text__content\">\n<p class=\"has-text-color has-very-light-gray-color\"><a href=\"http:\/\/www.tuseni.cz\/index.php\/galerie\/21-3-2021-smrtna-nedela\/\">prohl\u00e9dnout fotografie z&nbsp;akce<\/a><\/p>\n<\/div><\/div>\n\n\n\n<hr class=\"wp-block-separator\"\/>\n\n\n\n<p>1.&nbsp;12.&nbsp;2020<\/p>\n\n\n\n<h6 class=\"wp-block-heading\">ADVENTN\u00cd KALEND\u00c1\u0158 2020<\/h6>\n\n\n\n<p><a href=\"\/index.php\/adventni-kalendar\/\">Tu\u0161\u00edm, \u017ee se bl\u00ed\u017e\u00ed V\u00e1noce&#8230;?<\/a><br><br><\/p>\n\n\n\n<p><\/p>\n\n\n\n<hr class=\"wp-block-separator\"\/>\n\n\n\n<h6 class=\"wp-block-heading\">\u017div\u00e9 jesli\u010dky aneb v\u0161ecko do Betl\u00e9ma b\u011b\u017e\u00ed<\/h6>\n\n\n\n<figure class=\"wp-block-image is-style-default\"><a href=\"http:\/\/www.tuseni.cz\/index.php\/aktuality\/zive-jeslicky-aneb-vsecko-do-betlema-bezi\/\"><img loading=\"lazy\" decoding=\"async\" width=\"1024\" height=\"684\" src=\"http:\/\/www.tuseni.cz\/wp-content\/uploads\/2020\/11\/P1330317-1024x684.jpg\" alt=\"\" class=\"wp-image-1996\" srcset=\"https:\/\/www.tuseni.cz\/wp-content\/uploads\/2020\/11\/P1330317-1024x684.jpg 1024w, https:\/\/www.tuseni.cz\/wp-content\/uploads\/2020\/11\/P1330317-300x200.jpg 300w, https:\/\/www.tuseni.cz\/wp-content\/uploads\/2020\/11\/P1330317-768x513.jpg 768w, https:\/\/www.tuseni.cz\/wp-content\/uploads\/2020\/11\/P1330317-330x220.jpg 330w, https:\/\/www.tuseni.cz\/wp-content\/uploads\/2020\/11\/P1330317-250x167.jpg 250w, https:\/\/www.tuseni.cz\/wp-content\/uploads\/2020\/11\/P1330317.jpg 2000w\" sizes=\"auto, (max-width: 1024px) 100vw, 1024px\" \/><\/a><\/figure>\n\n\n\n<p>I  kdy\u017e se nem\u016f\u017eeme potk\u00e1vat na\u017eivo, p\u0159esto m\u016f\u017eeme sd\u00edlet kr\u00e1sn\u00e9 my\u0161lenky a&nbsp; vytv\u00e1\u0159et spole\u010dn\u011b kr\u00e1sn\u00e9 v\u011bci.<strong> <\/strong>Zjisti v\u00edce <a style=\"\" href=\"http:\/\/www.tuseni.cz\/index.php\/aktuality\/zive-jeslicky-aneb-vsecko-do-betlema-bezi\/\">ZDE<\/a>!<\/p>\n\n\n\n<p><\/p>\n\n\n\n<hr class=\"wp-block-separator\"\/>\n\n\n\n<div class=\"wp-block-image is-style-default\"><figure class=\"alignright is-resized\"><a href=\"http:\/\/www.tuseni.cz\/wp-content\/uploads\/2020\/09\/Tus\u030ceni\u0301_Koncert_za\u0301r\u030ci\u0301-2021.jpg\"><img loading=\"lazy\" decoding=\"async\" src=\"http:\/\/www.tuseni.cz\/wp-content\/uploads\/2020\/09\/Tus\u030ceni\u0301_Koncert_za\u0301r\u030ci\u0301-2021-724x1024.jpg\" alt=\"\" class=\"wp-image-1974\" width=\"130\" height=\"192\"\/><\/a><\/figure><\/div>\n\n\n\n<p>23.&nbsp;9.&nbsp;2020 | 18 hod. | S\u00fdpka<\/p>\n\n\n\n<h6 class=\"wp-block-heading\">Koncert na vln\u00e1ch odvahy a&nbsp;dobrodru\u017estv\u00ed<\/h6>\n\n\n\n<p>RTH-koto, kontrabas, klarinet<\/p>\n\n\n\n<hr class=\"wp-block-separator\"\/>\n\n\n\n<p>soboty 12.&nbsp;9., 3.&nbsp;10., 7.&nbsp;11., 12.12., 19.12. | 10&#8211;16 hod.<\/p>\n\n\n\n<div class=\"wp-block-image is-style-default\"><figure class=\"alignright is-resized\"><a href=\"http:\/\/www.tuseni.cz\/wp-content\/uploads\/2020\/09\/Divadelni\u0301-workshop.jpg\"><img loading=\"lazy\" decoding=\"async\" src=\"http:\/\/www.tuseni.cz\/wp-content\/uploads\/2020\/09\/Divadelni\u0301-workshop-742x1024.jpg\" alt=\"\" class=\"wp-image-1973\" width=\"130\" height=\"191\"\/><\/a><\/figure><\/div>\n\n\n\n<h6 class=\"wp-block-heading\">Sobotn\u00ed divadeln\u00ed worshop s&nbsp;Dominikou Prokopovou<\/h6>\n\n\n\n<p>Cyklus dramatick\u00fdch workshop\u016f inspirovan\u00e9 \u017eivotem a&nbsp;d\u00edlem J. J. Ryby. Pr\u00e1ce s&nbsp;hlasem, pohyb a&nbsp;pr\u00e1ce s&nbsp;t\u011blem, improvizace, pr\u00e1ce s&nbsp;materi\u00e1lem i&nbsp;textem. V\u00fdsledn\u00fd tvar pak propoj\u00edme s&nbsp;koncertem \u010cesk\u00e9 m\u0161e v\u00e1no\u010dn\u00ed a&nbsp;p\u0159edvedeme 20.&nbsp;prosince.<\/p>\n\n\n\n<p><\/p>\n\n\n\n<hr class=\"wp-block-separator\"\/>\n\n\n\n<ul class=\"wp-block-list\"><li><a href=\"http:\/\/www.tuseni.cz\/index.php\/aktuality-2019-2020\/\">Aktuality 2019\/2020<\/a><\/li><li><a style=\"\" href=\"http:\/\/www.tuseni.cz\/index.php\/aktuality\/aktuality-2018-2\/\">Akutality 2.&nbsp;pol. 2018<\/a><\/li><li><a href=\"http:\/\/www.tuseni.cz\/index.php\/aktuality\/aktuality-2018\/\">Aktuality 1.&nbsp;pol. 2018<\/a><\/li><li><a href=\"http:\/\/www.tuseni.cz\/index.php\/aktuality\/aktuality-2017\/\">Aktuality 2017<\/a><\/li><li><a href=\"http:\/\/www.tuseni.cz\/index.php\/aktuality\/aktuality-2016\/\">Aktuality 2.&nbsp;pol. 2016<\/a><\/li><li><a href=\"http:\/\/www.tuseni.cz\/index.php\/kalendar-akci-2015-2016\/\">Archiv akc\u00ed roku 2015\u20132016<\/a><br><br><\/li><\/ul>","protected":false},"excerpt":{"rendered":"<p>13.&nbsp;6.&nbsp;2021 Pou\u0165 sv. V\u00edta 28.&nbsp;5.&nbsp;2021 Noc kostel\u016f Tuchom\u011b\u0159ice: kostel sv. V\u00edta otev\u0159en\u00fd od 18h do 22h 18h: ekumenick\u00e1 modlitba za jednotu k\u0159es\u0165an\u016f (s&nbsp;Husitskou c\u00edrkv\u00ed) 19h: p\u0159edstaven\u00ed d\u011btsk\u00e9 Cimb\u00e1lky 20h: improviza\u010dn\u00ed skupina Fahrzav\u00f6 \u2026 a&nbsp;voln\u00e9 prohl\u00eddky, kr\u00e1tk\u00e9 filmy o&nbsp;kostel\u00edch v&nbsp;okol\u00ed nebo o&nbsp;Komunit\u011b Chemin Neuf a&nbsp;audiovizu\u00e1ln\u00ed prezentace Komunity Chemin Neuf. P\u0159edn\u00ed Kopanina: rotunda sv. Ma\u0159\u00ed Magdal\u00e9ny otev\u0159en\u00e1 [&hellip;]<\/p>","protected":false},"author":1,"featured_media":0,"parent":0,"menu_order":0,"comment_status":"closed","ping_status":"closed","template":"main.php","meta":{"footnotes":""},"class_list":["post-2541","page","type-page","status-publish","hentry"],"_links":{"self":[{"href":"https:\/\/www.tuseni.cz\/index.php\/wp-json\/wp\/v2\/pages\/2541","targetHints":{"allow":["GET"]}}],"collection":[{"href":"https:\/\/www.tuseni.cz\/index.php\/wp-json\/wp\/v2\/pages"}],"about":[{"href":"https:\/\/www.tuseni.cz\/index.php\/wp-json\/wp\/v2\/types\/page"}],"author":[{"embeddable":true,"href":"https:\/\/www.tuseni.cz\/index.php\/wp-json\/wp\/v2\/users\/1"}],"replies":[{"embeddable":true,"href":"https:\/\/www.tuseni.cz\/index.php\/wp-json\/wp\/v2\/comments?post=2541"}],"version-history":[{"count":1,"href":"https:\/\/www.tuseni.cz\/index.php\/wp-json\/wp\/v2\/pages\/2541\/revisions"}],"predecessor-version":[{"id":2542,"href":"https:\/\/www.tuseni.cz\/index.php\/wp-json\/wp\/v2\/pages\/2541\/revisions\/2542"}],"wp:attachment":[{"href":"https:\/\/www.tuseni.cz\/index.php\/wp-json\/wp\/v2\/media?parent=2541"}],"curies":[{"name":"wp","href":"https:\/\/api.w.org\/{rel}","templated":true}]}}