
{"id":2657,"date":"2022-07-03T12:09:19","date_gmt":"2022-07-03T11:09:19","guid":{"rendered":"https:\/\/www.tuseni.cz\/?page_id=2657"},"modified":"2025-08-31T20:53:29","modified_gmt":"2025-08-31T19:53:29","slug":"aktuality","status":"publish","type":"page","link":"https:\/\/www.tuseni.cz\/","title":{"rendered":"-Aktuality"},"content":{"rendered":"<p class=\"has-text-align-center has-luminous-vivid-amber-background-color has-background has-medium-font-size\"><strong>Z\u00e1pis do krou\u017ek\u016f.&nbsp;<a href=\"https:\/\/www.tuseni.cz\/index.php\/krouzky-kurzy\/\" data-type=\"page\" data-id=\"2337\">P\u0159ihl\u00e1\u0161ky zde<\/a>.<\/strong><\/p>\n\n\n\n<p class=\"has-text-align-center has-cyan-bluish-gray-background-color has-background has-medium-font-size\">Aktu\u00e1ln\u00ed krou\u017eky pro rok 2025\/26 si m\u016f\u017eete prohl\u00e9dnout <a href=\"https:\/\/www.tuseni.cz\/index.php\/krouzky-kurzy\/\" data-type=\"page\" data-id=\"2337\">zde<\/a>. <br>Tabulka s&nbsp;rozvrhem se p\u0159ipravuje.\u00a0M\u011bjte je\u0161t\u011b chv\u00edli trp\u011blivost \ud83d\ude42<br>PDF \/ XLXS<\/p>\n\n\n\n<p><\/p>\n\n\n\n<p><a href=\"https:\/\/www.tuseni.cz\/index.php\/aktuality-2024-25\/\" data-type=\"page\" data-id=\"3092\">Aktuality 2024\/2025<br><\/a><a href=\"https:\/\/www.tuseni.cz\/index.php\/aktuality-2021-2022\/\" data-type=\"page\" data-id=\"1736\">Aktuality 2021\/2022<\/a><br><a href=\"https:\/\/www.tuseni.cz\/index.php\/aktuality-2020-21\/\" data-type=\"page\" data-id=\"2541\">Aktuality 2020\/2021<\/a><br><a href=\"http:\/\/www.tuseni.cz\/index.php\/aktuality-2019-2020\/\">Aktuality 2019\/2020<\/a><br><a style=\"\" href=\"http:\/\/www.tuseni.cz\/index.php\/aktuality\/aktuality-2018-2\/\">Akutality 2.&nbsp;pol. 2018<\/a><br><a href=\"http:\/\/www.tuseni.cz\/index.php\/aktuality\/aktuality-2018\/\">Aktuality 1.&nbsp;pol. 2018<\/a><br><a href=\"http:\/\/www.tuseni.cz\/index.php\/aktuality\/aktuality-2017\/\">Aktuality 2017<\/a><br><a href=\"http:\/\/www.tuseni.cz\/index.php\/aktuality\/aktuality-2016\/\">Aktuality 2.&nbsp;pol. 2016<\/a><br><a href=\"http:\/\/www.tuseni.cz\/index.php\/kalendar-akci-2015-2016\/\">Archiv akc\u00ed roku 2015\u20132016<\/a><\/p>","protected":false},"excerpt":{"rendered":"<p>Z\u00e1pis do krou\u017ek\u016f.&nbsp;P\u0159ihl\u00e1\u0161ky zde. Aktu\u00e1ln\u00ed krou\u017eky pro rok 2025\/26 si m\u016f\u017eete prohl\u00e9dnout zde. Tabulka s&nbsp;rozvrhem se p\u0159ipravuje.\u00a0M\u011bjte je\u0161t\u011b chv\u00edli trp\u011blivost \ud83d\ude42PDF \/ XLXS Aktuality 2024\/2025Aktuality 2021\/2022Aktuality 2020\/2021Aktuality 2019\/2020Akutality 2.&nbsp;pol. 2018Aktuality 1.&nbsp;pol. 2018Aktuality 2017Aktuality 2.&nbsp;pol. 2016Archiv akc\u00ed roku 2015\u20132016<\/p>","protected":false},"author":1,"featured_media":0,"parent":0,"menu_order":0,"comment_status":"closed","ping_status":"closed","template":"main.php","meta":{"footnotes":""},"class_list":["post-2657","page","type-page","status-publish","hentry"],"_links":{"self":[{"href":"https:\/\/www.tuseni.cz\/index.php\/wp-json\/wp\/v2\/pages\/2657","targetHints":{"allow":["GET"]}}],"collection":[{"href":"https:\/\/www.tuseni.cz\/index.php\/wp-json\/wp\/v2\/pages"}],"about":[{"href":"https:\/\/www.tuseni.cz\/index.php\/wp-json\/wp\/v2\/types\/page"}],"author":[{"embeddable":true,"href":"https:\/\/www.tuseni.cz\/index.php\/wp-json\/wp\/v2\/users\/1"}],"replies":[{"embeddable":true,"href":"https:\/\/www.tuseni.cz\/index.php\/wp-json\/wp\/v2\/comments?post=2657"}],"version-history":[{"count":37,"href":"https:\/\/www.tuseni.cz\/index.php\/wp-json\/wp\/v2\/pages\/2657\/revisions"}],"predecessor-version":[{"id":3158,"href":"https:\/\/www.tuseni.cz\/index.php\/wp-json\/wp\/v2\/pages\/2657\/revisions\/3158"}],"wp:attachment":[{"href":"https:\/\/www.tuseni.cz\/index.php\/wp-json\/wp\/v2\/media?parent=2657"}],"curies":[{"name":"wp","href":"https:\/\/api.w.org\/{rel}","templated":true}]}}