
{"id":2753,"date":"2022-08-30T20:28:38","date_gmt":"2022-08-30T19:28:38","guid":{"rendered":"https:\/\/www.tuseni.cz\/?page_id=2753"},"modified":"2022-08-30T20:30:35","modified_gmt":"2022-08-30T19:30:35","slug":"magdalena-nejedla","status":"publish","type":"page","link":"https:\/\/www.tuseni.cz\/index.php\/lektori\/magdalena-nejedla\/","title":{"rendered":"Mgr. Magdalena Nejedl\u00e1"},"content":{"rendered":"<div class=\"wp-block-image is-style-default\"><figure class=\"alignright size-full is-resized\"><a href=\"https:\/\/www.tuseni.cz\/wp-content\/uploads\/2022\/08\/nejedla.jpg\"><img loading=\"lazy\" decoding=\"async\" src=\"https:\/\/www.tuseni.cz\/wp-content\/uploads\/2022\/08\/nejedla.jpg\" alt=\"\" class=\"wp-image-2755\" width=\"356\" height=\"318\" srcset=\"https:\/\/www.tuseni.cz\/wp-content\/uploads\/2022\/08\/nejedla.jpg 492w, https:\/\/www.tuseni.cz\/wp-content\/uploads\/2022\/08\/nejedla-300x268.jpg 300w, https:\/\/www.tuseni.cz\/wp-content\/uploads\/2022\/08\/nejedla-250x223.jpg 250w\" sizes=\"auto, (max-width: 356px) 100vw, 356px\" \/><\/a><\/figure><\/div>\n\n\n\n<p> <br>17.&nbsp;2.&nbsp;1995<\/p>\n\n\n\n<p>Pod Lesem 109, Tuchom\u011b\u0159ice<\/p>\n\n\n\n<p><strong><br>Kontakt<\/strong><\/p>\n\n\n\n<ul class=\"wp-block-list\"><li>Email: nejedla.magdalena@gmail.com<\/li><li>Telefon: 732557969<\/li><\/ul>\n\n\n\n<p><strong>Vzd\u011bl\u00e1n\u00ed<\/strong><\/p>\n\n\n\n<ul class=\"wp-block-list\"><li>2010 &#8211; 2014 VO\u0160, SO\u0160P a&nbsp;Gymn\u00e1zium, Evropsk\u00e1 33, 160&nbsp;00 Praha 6 Pedagogick\u00e9 lyceum (Pedagogick\u00e9 lyceum &#8211; dramatick\u00e1 v\u00fdchova), S\u0160 s&nbsp;maturitou<\/li><li>2014 &#8211; 2020 Pedagogick\u00e1 fakulta UK Praha &#8211; U\u010ditelstv\u00ed pro prvn\u00ed stupe\u0148, specializace dramatick\u00e1 v\u00fdchova, Vysoko\u0161kolsk\u00e9<\/li><li>2019 Akreditovan\u00fd kurz M\u0160MT Kuf\u0159\u00edk pln\u00fd n\u00e1pad\u016f (hudebn\u011b-rytmick\u00fd kurz)<\/li><li>2021 Absolvov\u00e1n\u00ed s\u00e9rie workshop\u016f pro za\u010d\u00ednaj\u00edc\u00ed u\u010ditele od V\u00fdluka z. s.<\/li><\/ul>\n\n\n\n<p><strong>Jazykov\u00e9 znalosti<\/strong><\/p>\n\n\n\n<ul class=\"wp-block-list\"><li>N\u011bm\u010dina- m\u00edrn\u011b pokro\u010dil\u00e1<\/li><li>Angli\u010dtina- st\u0159edn\u011b pokro\u010dil\u00e1<\/li><\/ul>\n\n\n\n<p><strong>Pedagogick\u00e1 praxe<\/strong><\/p>\n\n\n\n<ul class=\"wp-block-list\"><li>2009 &#8211; 2011 Dou\u010dov\u00e1n\u00ed d\u00edvky b\u011bhem druh\u00e9 a&nbsp;t\u0159et\u00ed t\u0159\u00eddy (matematika, \u010desk\u00fd jazyk, angli\u010dtina)<\/li><li>2010 \u2013 2014 Dou\u010dov\u00e1n\u00ed d\u00edvky b\u011bhem druh\u00e9, t\u0159et\u00ed, \u010dtvrt\u00e9 t\u0159\u00eddy a&nbsp;p\u00e1t\u00e9 t\u0159\u00eddy (matematika)<\/li><li>2012 &#8211; 2013 U\u010ditelka hudebn\u00ed v\u00fdchovy v&nbsp;Lesn\u00ed mate\u0159sk\u00e9 \u0161kole U&nbsp;Kouzeln\u00e9ho stromu, Beroun \u2013 Zdejcina<\/li><li>2016 Vedouc\u00ed letn\u00edho p\u0159\u00edm\u011bstsk\u00e9ho t\u00e1bora Jesenice<\/li><li><a><\/a> 2018 -2019 Lektor ve spole\u010dnosti Krou\u017eky pro zp\u011bv a&nbsp;hru na fl\u00e9tnu<\/li><li>2017-2022 Maminka dvou d\u011bt\u00ed, kter\u00e9 vydaj\u00ed za jednu malot\u0159\u00eddku<\/li><\/ul>\n\n\n\n<p><strong>Z\u00e1jmy<\/strong><\/p>\n\n\n\n<ul class=\"wp-block-list\"><li>Hra na klav\u00edr, fl\u00e9tnu a&nbsp;kytaru, zp\u011bv<\/li><li>Dramatick\u00e1 a&nbsp;pohybov\u00e1 v\u00fdchova, strukturovan\u00e9 drama jako cesta k&nbsp;pochopen\u00ed slo\u017eit\u00fdch \u017eivotn\u00edch ot\u00e1zek a&nbsp;mezilidsk\u00fdch vztah\u016f<\/li><li>Tvo\u0159en\u00ed, kreslen\u00ed a&nbsp;jin\u00e9 v\u00fdtvarn\u00e9 \u010dinnosti vedouc\u00ed k&nbsp;sebevyj\u00e1d\u0159en\u00ed a&nbsp;radosti<\/li><li>J\u00f3ga, modern\u00ed a&nbsp;klasick\u00fd tanec, spole\u010densk\u00fd tanec<\/li><li>Literatura a&nbsp;d\u011btsk\u00e1 literatura, poezie pro d\u011bti, liter\u00e1rn\u00ed d\u00edlny<\/li><\/ul>\n\n\n\n<p><strong>D\u00e1le se aktivn\u011b zaj\u00edm\u00e1m o&nbsp;<\/strong>Hejn\u00e9ho matematiku, respektuj\u00edc\u00ed komunikaci, vzd\u011bl\u00e1vac\u00ed program Za\u010d\u00edt spolu, projektovou v\u00fduku\u2026<\/p>\n\n\n\n<p><strong>M\u00e1 u\u010ditelsk\u00e1 osobnost:<\/strong><\/p>\n\n\n\n<p>Jsem u\u010ditel, kter\u00fd bere \u017e\u00e1ka jako partnera, bytost v\u011bdomou a&nbsp;schopnou o&nbsp;sob\u011b rozhodovat a&nbsp;m\u00edt za sv\u00e1 rozhodnut\u00ed zodpov\u011bdnost. M\u00fdm c\u00edlem je v\u00e9st d\u00edt\u011b k&nbsp;sob\u011b sam\u00e9mu a&nbsp;k&nbsp;odpov\u011bdnosti vyv\u00e1\u017een\u00e9 radost\u00ed ze \u017eivota. V\u00e9st k&nbsp;respektu k&nbsp;sob\u011b i&nbsp;k&nbsp;ostatn\u00edm, zdrav\u00e9mu sebev\u011bdom\u00ed, v\u011bdom\u00ed vlastn\u00ed jedine\u010dnosti a&nbsp;p\u0159edev\u0161\u00edm p\u011bstovat v&nbsp;d\u011btech l\u00e1sku k&nbsp;\u017eivotu a&nbsp;podpo\u0159it radost, \u017ee jsme tu, m\u016f\u017eeme pozn\u00e1vat sv\u011bt kolem sebe a&nbsp;spole\u010dn\u011b r\u016fst.<\/p>\n\n\n\n<p>Jsem empatick\u00e1, kreativn\u00ed, tv\u016fr\u010d\u00ed a&nbsp;svobodu miluj\u00edc\u00ed osobnost, kter\u00e9 nechyb\u00ed zodpov\u011bdnost. Jsem schopn\u00e1, pe\u010dliv\u00e1, autentick\u00e1 a&nbsp;dok\u00e1\u017eu velmi dob\u0159e spolupracovat v&nbsp;t\u00fdmu, ve t\u0159\u00edd\u011b s&nbsp;d\u011btmi nebo p\u00e1rov\u00fdmi u\u010diteli.<\/p>\n\n\n\n<p>U\u010den\u00ed m\u011b bav\u00ed, d\u011bti m\u011b bav\u00ed, \u017eivot m\u011b bav\u00ed \uf04a<\/p>","protected":false},"excerpt":{"rendered":"<p>17.&nbsp;2.&nbsp;1995 Pod Lesem 109, Tuchom\u011b\u0159ice Kontakt Email: nejedla.magdalena@gmail.com Telefon: 732557969 Vzd\u011bl\u00e1n\u00ed 2010 &#8211; 2014 VO\u0160, SO\u0160P a&nbsp;Gymn\u00e1zium, Evropsk\u00e1 33, 160&nbsp;00 Praha 6 Pedagogick\u00e9 lyceum (Pedagogick\u00e9 lyceum &#8211; dramatick\u00e1 v\u00fdchova), S\u0160 s&nbsp;maturitou 2014 &#8211; 2020 Pedagogick\u00e1 fakulta UK Praha &#8211; U\u010ditelstv\u00ed pro prvn\u00ed stupe\u0148, specializace dramatick\u00e1 v\u00fdchova, Vysoko\u0161kolsk\u00e9 2019 Akreditovan\u00fd kurz M\u0160MT Kuf\u0159\u00edk pln\u00fd n\u00e1pad\u016f (hudebn\u011b-rytmick\u00fd [&hellip;]<\/p>","protected":false},"author":1,"featured_media":0,"parent":27,"menu_order":0,"comment_status":"closed","ping_status":"closed","template":"main.php","meta":{"footnotes":""},"class_list":["post-2753","page","type-page","status-publish","hentry"],"_links":{"self":[{"href":"https:\/\/www.tuseni.cz\/index.php\/wp-json\/wp\/v2\/pages\/2753","targetHints":{"allow":["GET"]}}],"collection":[{"href":"https:\/\/www.tuseni.cz\/index.php\/wp-json\/wp\/v2\/pages"}],"about":[{"href":"https:\/\/www.tuseni.cz\/index.php\/wp-json\/wp\/v2\/types\/page"}],"author":[{"embeddable":true,"href":"https:\/\/www.tuseni.cz\/index.php\/wp-json\/wp\/v2\/users\/1"}],"replies":[{"embeddable":true,"href":"https:\/\/www.tuseni.cz\/index.php\/wp-json\/wp\/v2\/comments?post=2753"}],"version-history":[{"count":3,"href":"https:\/\/www.tuseni.cz\/index.php\/wp-json\/wp\/v2\/pages\/2753\/revisions"}],"predecessor-version":[{"id":2757,"href":"https:\/\/www.tuseni.cz\/index.php\/wp-json\/wp\/v2\/pages\/2753\/revisions\/2757"}],"up":[{"embeddable":true,"href":"https:\/\/www.tuseni.cz\/index.php\/wp-json\/wp\/v2\/pages\/27"}],"wp:attachment":[{"href":"https:\/\/www.tuseni.cz\/index.php\/wp-json\/wp\/v2\/media?parent=2753"}],"curies":[{"name":"wp","href":"https:\/\/api.w.org\/{rel}","templated":true}]}}