
{"id":2896,"date":"2023-03-22T04:51:23","date_gmt":"2023-03-22T03:51:23","guid":{"rendered":"https:\/\/www.tuseni.cz\/?page_id=2896"},"modified":"2023-03-22T04:55:31","modified_gmt":"2023-03-22T03:55:31","slug":"primestsky-tabor-indiani-v-tucho","status":"publish","type":"page","link":"https:\/\/www.tuseni.cz\/index.php\/primestsky-tabor-indiani-v-tucho\/","title":{"rendered":"P\u0159\u00edm\u011bstsk\u00fd t\u00e1bor &#8211; Indi\u00e1ni v&nbsp;Tucho"},"content":{"rendered":"<p>Mil\u00ed rodi\u010de, op\u011bt po n\u011bkolika letech jsme pro va\u0161e d\u011bti p\u0159ichystali p\u0159\u00edm\u011bstsk\u00fd t\u00e1bor v&nbsp;Tuchom\u011b\u0159ic\u00edch.<br>\u010cek\u00e1 n\u00e1s p\u011bt dn\u00ed pln\u00fdch her, tvo\u0159en\u00ed, p\u0159\u00edb\u011bh\u016f a&nbsp;spolubyt\u00ed v&nbsp;p\u0159\u00edrod\u011b. Indi\u00e1nsk\u00e1 stezka n\u00e1s zavede do tuchom\u011b\u0159ick\u00fdch\u00a0les\u016f, kde budeme stav\u011bt p\u0159\u00edbytky, stopovat zv\u011b\u0159, uva\u0159\u00edme si indi\u00e1nsk\u00fd lektvar a&nbsp;nau\u010d\u00edme se dal\u0161\u00ed nezbytn\u00e9 indi\u00e1nsk\u00e9 dovednosti. Na\u0161e cesty n\u00e1s zavedou tak\u00e9 do R\u00e1kos\u00ed, kde budeme odpo\u010d\u00edvat, u\u010dit se na\u0161lapovat jako indi\u00e1ni na bos\u00e9 stezce, tvo\u0159it s&nbsp;barvami a&nbsp;p\u0159\u00edrodninami. Pokud n\u00e1m nebude p\u0159\u00e1t po\u010das\u00ed, uch\u00fdl\u00edme se do z\u00e1zem\u00ed ateli\u00e9ru (ordinace), kde budeme vyr\u00e1b\u011bt z&nbsp;hl\u00edny, malovat na tri\u010dka nebo si vypr\u00e1v\u011bt p\u0159\u00edb\u011bhy.\u00a0<br>O lektork\u00e1ch: Ka\u010dka a&nbsp;Majda jsou nejlep\u0161\u00ed kamar\u00e1dky, kolegyn\u011b u\u010ditelky, maminky a&nbsp;teti\u010dky n\u011bkolika d\u011bt\u00ed a&nbsp;hlavn\u011b nad\u0161en\u00e9 organiz\u00e1torky\u00a0nejen d\u011btsk\u00fdch t\u00e1bor\u016f, ale tak\u00e9 r\u016fzn\u00fdch vzd\u011bl\u00e1vac\u00edch akc\u00ed a&nbsp;krou\u017ek\u016f pro d\u011bti i&nbsp;dosp\u011bl\u00e9. Va\u0161e d\u011bti budeme opatrovat jako oko v&nbsp;hlav\u011b a&nbsp;m\u016f\u017eeme se na \u010demkoli individu\u00e1ln\u011b dohodnout.\u00a0<br>T\u011b\u0161\u00edme se na v\u00e1s a&nbsp;hlavn\u011b na va\u0161e d\u011bti na dobrodru\u017en\u00e9 v\u00fdprav\u011b za indi\u00e1ny!<\/p>\n\n\n\n<p><strong><em>Praktick\u00e9 info &#8211; Co s&nbsp;sebou?<\/em><\/strong> <strong>Pohodln\u00e9 oble\u010den\u00ed, obuv + n\u00e1hradn\u00ed tri\u010dko kalhoty<\/strong>\u00a0(lze nechat v&nbsp;ateli\u00e9ru)<\/p>\n\n\n\n<p><strong>Ob\u011bd bude<\/strong>\u00a0dov\u00e1\u017een av\u0161ak n\u00e1dob\u00ed pros\u00edme vlastn\u00ed (<strong>tal\u00ed\u0159, misku, p\u0159\u00edbor<\/strong>\u00a0&#8211; nech\u00e1me v&nbsp;ateli\u00e9ru)<br><strong>Sva\u010dinu, lahev na pit\u00ed, pl\u00e1\u0161t\u011bnku &#8211; to v\u0161ecko v&nbsp;bat\u016f\u017eku!!!!<\/strong><br><\/p>\n\n\n\n<p><strong>Cenu 2500,- K\u010d, pros\u00edme uhra\u010fte na b.\u00fa. spolku Tu\u0161en\u00ed<br>2000824076\/2010 nejpozd\u011bji do\u00a015.6.&nbsp;2023.<\/strong><\/p>\n\n\n\n<p>D\u011bkujeme!<\/p>\n\n\n\n<figure class=\"wp-block-image size-large\"><a href=\"https:\/\/www.tuseni.cz\/wp-content\/uploads\/2023\/03\/Canva-Design.png\"><img loading=\"lazy\" decoding=\"async\" width=\"723\" height=\"1024\" src=\"https:\/\/www.tuseni.cz\/wp-content\/uploads\/2023\/03\/Canva-Design-723x1024.png\" alt=\"\" class=\"wp-image-2846\" srcset=\"https:\/\/www.tuseni.cz\/wp-content\/uploads\/2023\/03\/Canva-Design-723x1024.png 723w, https:\/\/www.tuseni.cz\/wp-content\/uploads\/2023\/03\/Canva-Design-212x300.png 212w, https:\/\/www.tuseni.cz\/wp-content\/uploads\/2023\/03\/Canva-Design-768x1087.png 768w, https:\/\/www.tuseni.cz\/wp-content\/uploads\/2023\/03\/Canva-Design-250x354.png 250w, https:\/\/www.tuseni.cz\/wp-content\/uploads\/2023\/03\/Canva-Design.png 904w\" sizes=\"auto, (max-width: 723px) 100vw, 723px\" \/><\/a><\/figure>","protected":false},"excerpt":{"rendered":"<p>Mil\u00ed rodi\u010de, op\u011bt po n\u011bkolika letech jsme pro va\u0161e d\u011bti p\u0159ichystali p\u0159\u00edm\u011bstsk\u00fd t\u00e1bor v&nbsp;Tuchom\u011b\u0159ic\u00edch.\u010cek\u00e1 n\u00e1s p\u011bt dn\u00ed pln\u00fdch her, tvo\u0159en\u00ed, p\u0159\u00edb\u011bh\u016f a&nbsp;spolubyt\u00ed v&nbsp;p\u0159\u00edrod\u011b. Indi\u00e1nsk\u00e1 stezka n\u00e1s zavede do tuchom\u011b\u0159ick\u00fdch\u00a0les\u016f, kde budeme stav\u011bt p\u0159\u00edbytky, stopovat zv\u011b\u0159, uva\u0159\u00edme si indi\u00e1nsk\u00fd lektvar a&nbsp;nau\u010d\u00edme se dal\u0161\u00ed nezbytn\u00e9 indi\u00e1nsk\u00e9 dovednosti. Na\u0161e cesty n\u00e1s zavedou tak\u00e9 do R\u00e1kos\u00ed, kde budeme odpo\u010d\u00edvat, [&hellip;]<\/p>","protected":false},"author":4,"featured_media":0,"parent":0,"menu_order":0,"comment_status":"closed","ping_status":"closed","template":"main.php","meta":{"footnotes":""},"class_list":["post-2896","page","type-page","status-publish","hentry"],"_links":{"self":[{"href":"https:\/\/www.tuseni.cz\/index.php\/wp-json\/wp\/v2\/pages\/2896","targetHints":{"allow":["GET"]}}],"collection":[{"href":"https:\/\/www.tuseni.cz\/index.php\/wp-json\/wp\/v2\/pages"}],"about":[{"href":"https:\/\/www.tuseni.cz\/index.php\/wp-json\/wp\/v2\/types\/page"}],"author":[{"embeddable":true,"href":"https:\/\/www.tuseni.cz\/index.php\/wp-json\/wp\/v2\/users\/4"}],"replies":[{"embeddable":true,"href":"https:\/\/www.tuseni.cz\/index.php\/wp-json\/wp\/v2\/comments?post=2896"}],"version-history":[{"count":4,"href":"https:\/\/www.tuseni.cz\/index.php\/wp-json\/wp\/v2\/pages\/2896\/revisions"}],"predecessor-version":[{"id":2902,"href":"https:\/\/www.tuseni.cz\/index.php\/wp-json\/wp\/v2\/pages\/2896\/revisions\/2902"}],"wp:attachment":[{"href":"https:\/\/www.tuseni.cz\/index.php\/wp-json\/wp\/v2\/media?parent=2896"}],"curies":[{"name":"wp","href":"https:\/\/api.w.org\/{rel}","templated":true}]}}