
{"id":3092,"date":"2025-08-03T20:52:48","date_gmt":"2025-08-03T19:52:48","guid":{"rendered":"https:\/\/www.tuseni.cz\/?page_id=3092"},"modified":"2025-08-03T21:55:07","modified_gmt":"2025-08-03T20:55:07","slug":"aktuality-2024-25","status":"publish","type":"page","link":"https:\/\/www.tuseni.cz\/index.php\/aktuality-2024-25\/","title":{"rendered":"Aktuality 2024\/25"},"content":{"rendered":"<div class=\"wp-block-image is-style-default\">\n<figure class=\"aligncenter size-medium is-resized\"><a href=\"https:\/\/www.tuseni.cz\/wp-content\/uploads\/2024\/09\/tuseni-krouzky-24-25.png\"><img loading=\"lazy\" decoding=\"async\" width=\"212\" height=\"300\" src=\"https:\/\/www.tuseni.cz\/wp-content\/uploads\/2024\/09\/tuseni-krouzky-24-25-212x300.png\" alt=\"\" class=\"wp-image-3071\" style=\"width:278px;height:auto\" srcset=\"https:\/\/www.tuseni.cz\/wp-content\/uploads\/2024\/09\/tuseni-krouzky-24-25-212x300.png 212w, https:\/\/www.tuseni.cz\/wp-content\/uploads\/2024\/09\/tuseni-krouzky-24-25-724x1024.png 724w, https:\/\/www.tuseni.cz\/wp-content\/uploads\/2024\/09\/tuseni-krouzky-24-25-768x1087.png 768w, https:\/\/www.tuseni.cz\/wp-content\/uploads\/2024\/09\/tuseni-krouzky-24-25-250x354.png 250w, https:\/\/www.tuseni.cz\/wp-content\/uploads\/2024\/09\/tuseni-krouzky-24-25.png 1060w\" sizes=\"auto, (max-width: 212px) 100vw, 212px\" \/><\/a><\/figure><\/div>\n\n\n<figure class=\"wp-block-image size-large is-resized\"><a href=\"https:\/\/www.tuseni.cz\/wp-content\/uploads\/2024\/07\/Pout-24.jpg\"><img loading=\"lazy\" decoding=\"async\" width=\"724\" height=\"1024\" src=\"https:\/\/www.tuseni.cz\/wp-content\/uploads\/2024\/07\/Pout-24-724x1024.jpg\" alt=\"\" class=\"wp-image-3065\" style=\"width:401px;height:auto\" srcset=\"https:\/\/www.tuseni.cz\/wp-content\/uploads\/2024\/07\/Pout-24-724x1024.jpg 724w, https:\/\/www.tuseni.cz\/wp-content\/uploads\/2024\/07\/Pout-24-212x300.jpg 212w, https:\/\/www.tuseni.cz\/wp-content\/uploads\/2024\/07\/Pout-24-768x1086.jpg 768w, https:\/\/www.tuseni.cz\/wp-content\/uploads\/2024\/07\/Pout-24-1086x1536.jpg 1086w, https:\/\/www.tuseni.cz\/wp-content\/uploads\/2024\/07\/Pout-24-1448x2048.jpg 1448w, https:\/\/www.tuseni.cz\/wp-content\/uploads\/2024\/07\/Pout-24-250x354.jpg 250w, https:\/\/www.tuseni.cz\/wp-content\/uploads\/2024\/07\/Pout-24.jpg 1587w\" sizes=\"auto, (max-width: 724px) 100vw, 724px\" \/><\/a><\/figure>\n\n\n\n<figure class=\"wp-block-gallery has-nested-images columns-default is-cropped wp-block-gallery-1 is-layout-flex wp-block-gallery-is-layout-flex\">\n<figure class=\"wp-block-image size-large\"><a href=\"https:\/\/www.tuseni.cz\/wp-content\/uploads\/2023\/09\/tuseni-krouzky-23-24.jpg\"><img loading=\"lazy\" decoding=\"async\" width=\"724\" height=\"1024\" data-id=\"3040\" src=\"https:\/\/www.tuseni.cz\/wp-content\/uploads\/2023\/09\/tuseni-krouzky-23-24-724x1024.jpg\" alt=\"\" class=\"wp-image-3040\" srcset=\"https:\/\/www.tuseni.cz\/wp-content\/uploads\/2023\/09\/tuseni-krouzky-23-24-724x1024.jpg 724w, https:\/\/www.tuseni.cz\/wp-content\/uploads\/2023\/09\/tuseni-krouzky-23-24-212x300.jpg 212w, https:\/\/www.tuseni.cz\/wp-content\/uploads\/2023\/09\/tuseni-krouzky-23-24-768x1087.jpg 768w, https:\/\/www.tuseni.cz\/wp-content\/uploads\/2023\/09\/tuseni-krouzky-23-24-250x354.jpg 250w, https:\/\/www.tuseni.cz\/wp-content\/uploads\/2023\/09\/tuseni-krouzky-23-24.jpg 1060w\" sizes=\"auto, (max-width: 724px) 100vw, 724px\" \/><\/a><\/figure>\n\n\n\n<figure class=\"wp-block-image size-large\"><a href=\"https:\/\/www.tuseni.cz\/wp-content\/uploads\/2023\/09\/joga-maminky-s-detmi.jpg\"><img loading=\"lazy\" decoding=\"async\" width=\"724\" height=\"1024\" data-id=\"3039\" src=\"https:\/\/www.tuseni.cz\/wp-content\/uploads\/2023\/09\/joga-maminky-s-detmi-724x1024.jpg\" alt=\"\" class=\"wp-image-3039\" srcset=\"https:\/\/www.tuseni.cz\/wp-content\/uploads\/2023\/09\/joga-maminky-s-detmi-724x1024.jpg 724w, https:\/\/www.tuseni.cz\/wp-content\/uploads\/2023\/09\/joga-maminky-s-detmi-212x300.jpg 212w, https:\/\/www.tuseni.cz\/wp-content\/uploads\/2023\/09\/joga-maminky-s-detmi-768x1087.jpg 768w, https:\/\/www.tuseni.cz\/wp-content\/uploads\/2023\/09\/joga-maminky-s-detmi-250x354.jpg 250w, https:\/\/www.tuseni.cz\/wp-content\/uploads\/2023\/09\/joga-maminky-s-detmi.jpg 1060w\" sizes=\"auto, (max-width: 724px) 100vw, 724px\" \/><\/a><\/figure>\n<\/figure>\n\n\n\n<div class=\"wp-block-group\"><div class=\"wp-block-group__inner-container is-layout-constrained wp-block-group-is-layout-constrained\">\n<figure class=\"wp-block-gallery has-nested-images columns-default is-cropped wp-block-gallery-2 is-layout-flex wp-block-gallery-is-layout-flex\">\n<figure class=\"wp-block-image size-large\"><a href=\"https:\/\/www.tuseni.cz\/wp-content\/uploads\/2023\/09\/joga.jpg\"><img loading=\"lazy\" decoding=\"async\" width=\"724\" height=\"1024\" data-id=\"3042\" src=\"https:\/\/www.tuseni.cz\/wp-content\/uploads\/2023\/09\/joga-724x1024.jpg\" alt=\"\" class=\"wp-image-3042\" srcset=\"https:\/\/www.tuseni.cz\/wp-content\/uploads\/2023\/09\/joga-724x1024.jpg 724w, https:\/\/www.tuseni.cz\/wp-content\/uploads\/2023\/09\/joga-212x300.jpg 212w, https:\/\/www.tuseni.cz\/wp-content\/uploads\/2023\/09\/joga-768x1087.jpg 768w, https:\/\/www.tuseni.cz\/wp-content\/uploads\/2023\/09\/joga-250x354.jpg 250w, https:\/\/www.tuseni.cz\/wp-content\/uploads\/2023\/09\/joga.jpg 1060w\" sizes=\"auto, (max-width: 724px) 100vw, 724px\" \/><\/a><\/figure>\n\n\n\n<figure class=\"wp-block-image size-large\"><a href=\"https:\/\/www.tuseni.cz\/wp-content\/uploads\/2023\/09\/keramika-pro-dospele.jpg\"><img loading=\"lazy\" decoding=\"async\" width=\"724\" height=\"1024\" data-id=\"3041\" src=\"https:\/\/www.tuseni.cz\/wp-content\/uploads\/2023\/09\/keramika-pro-dospele-724x1024.jpg\" alt=\"\" class=\"wp-image-3041\" srcset=\"https:\/\/www.tuseni.cz\/wp-content\/uploads\/2023\/09\/keramika-pro-dospele-724x1024.jpg 724w, https:\/\/www.tuseni.cz\/wp-content\/uploads\/2023\/09\/keramika-pro-dospele-212x300.jpg 212w, https:\/\/www.tuseni.cz\/wp-content\/uploads\/2023\/09\/keramika-pro-dospele-768x1087.jpg 768w, https:\/\/www.tuseni.cz\/wp-content\/uploads\/2023\/09\/keramika-pro-dospele-250x354.jpg 250w, https:\/\/www.tuseni.cz\/wp-content\/uploads\/2023\/09\/keramika-pro-dospele.jpg 1060w\" sizes=\"auto, (max-width: 724px) 100vw, 724px\" \/><\/a><\/figure>\n<\/figure>\n<\/div><\/div>\n\n\n\n<figure class=\"wp-block-gallery has-nested-images columns-default is-cropped wp-block-gallery-3 is-layout-flex wp-block-gallery-is-layout-flex\">\n<figure class=\"wp-block-image size-large\"><a href=\"https:\/\/www.tuseni.cz\/wp-content\/uploads\/2023\/06\/WhatsApp-Image-2023-06-06-at-09.08.17.jpeg\"><img loading=\"lazy\" decoding=\"async\" width=\"724\" height=\"1024\" data-id=\"2905\" src=\"https:\/\/www.tuseni.cz\/wp-content\/uploads\/2023\/06\/WhatsApp-Image-2023-06-06-at-09.08.17.jpeg\" alt=\"\" class=\"wp-image-2905\" srcset=\"https:\/\/www.tuseni.cz\/wp-content\/uploads\/2023\/06\/WhatsApp-Image-2023-06-06-at-09.08.17.jpeg 724w, https:\/\/www.tuseni.cz\/wp-content\/uploads\/2023\/06\/WhatsApp-Image-2023-06-06-at-09.08.17-212x300.jpeg 212w, https:\/\/www.tuseni.cz\/wp-content\/uploads\/2023\/06\/WhatsApp-Image-2023-06-06-at-09.08.17-250x354.jpeg 250w\" sizes=\"auto, (max-width: 724px) 100vw, 724px\" \/><\/a><\/figure>\n<\/figure>\n\n\n\n<figure class=\"wp-block-gallery has-nested-images columns-default is-cropped wp-block-gallery-4 is-layout-flex wp-block-gallery-is-layout-flex\">\n<figure class=\"wp-block-image size-large\"><a href=\"https:\/\/www.tuseni.cz\/wp-content\/uploads\/2023\/03\/336760099_172244499002250_794843209061162650_n.jpg\"><img loading=\"lazy\" decoding=\"async\" width=\"1190\" height=\"1683\" data-id=\"2891\" src=\"https:\/\/www.tuseni.cz\/wp-content\/uploads\/2023\/03\/336760099_172244499002250_794843209061162650_n.jpg\" alt=\"\" class=\"wp-image-2891\" srcset=\"https:\/\/www.tuseni.cz\/wp-content\/uploads\/2023\/03\/336760099_172244499002250_794843209061162650_n.jpg 1190w, https:\/\/www.tuseni.cz\/wp-content\/uploads\/2023\/03\/336760099_172244499002250_794843209061162650_n-212x300.jpg 212w, https:\/\/www.tuseni.cz\/wp-content\/uploads\/2023\/03\/336760099_172244499002250_794843209061162650_n-724x1024.jpg 724w, https:\/\/www.tuseni.cz\/wp-content\/uploads\/2023\/03\/336760099_172244499002250_794843209061162650_n-768x1086.jpg 768w, https:\/\/www.tuseni.cz\/wp-content\/uploads\/2023\/03\/336760099_172244499002250_794843209061162650_n-1086x1536.jpg 1086w, https:\/\/www.tuseni.cz\/wp-content\/uploads\/2023\/03\/336760099_172244499002250_794843209061162650_n-250x354.jpg 250w\" sizes=\"auto, (max-width: 1190px) 100vw, 1190px\" \/><\/a><\/figure>\n\n\n\n<figure class=\"wp-block-image size-large\"><a href=\"https:\/\/www.tuseni.cz\/wp-content\/uploads\/2023\/03\/Canva-Design-1.png\"><img loading=\"lazy\" decoding=\"async\" width=\"904\" height=\"1280\" data-id=\"2847\" src=\"https:\/\/www.tuseni.cz\/wp-content\/uploads\/2023\/03\/Canva-Design-1.png\" alt=\"\" class=\"wp-image-2847\" srcset=\"https:\/\/www.tuseni.cz\/wp-content\/uploads\/2023\/03\/Canva-Design-1.png 904w, https:\/\/www.tuseni.cz\/wp-content\/uploads\/2023\/03\/Canva-Design-1-212x300.png 212w, https:\/\/www.tuseni.cz\/wp-content\/uploads\/2023\/03\/Canva-Design-1-723x1024.png 723w, https:\/\/www.tuseni.cz\/wp-content\/uploads\/2023\/03\/Canva-Design-1-768x1087.png 768w, https:\/\/www.tuseni.cz\/wp-content\/uploads\/2023\/03\/Canva-Design-1-250x354.png 250w\" sizes=\"auto, (max-width: 904px) 100vw, 904px\" \/><\/a><\/figure>\n<\/figure>\n\n\n\n<div class=\"wp-block-columns is-layout-flex wp-container-core-columns-is-layout-9d6595d7 wp-block-columns-is-layout-flex\">\n<div class=\"wp-block-column is-vertically-aligned-center is-layout-flow wp-block-column-is-layout-flow\" style=\"flex-basis:100%\">\n<div class=\"wp-block-group\"><div class=\"wp-block-group__inner-container is-layout-flow wp-block-group-is-layout-flow\">\n<figure class=\"wp-block-gallery has-nested-images columns-default is-cropped wp-block-gallery-5 is-layout-flex wp-block-gallery-is-layout-flex\">\n<figure class=\"wp-block-image size-large is-style-default\"><a href=\"https:\/\/www.tuseni.cz\/wp-content\/uploads\/2022\/10\/Sv.-Martin.png\"><img loading=\"lazy\" decoding=\"async\" width=\"724\" height=\"1024\" data-id=\"2829\" src=\"https:\/\/www.tuseni.cz\/wp-content\/uploads\/2022\/10\/Sv.-Martin-724x1024.png\" alt=\"\" class=\"wp-image-2829\" srcset=\"https:\/\/www.tuseni.cz\/wp-content\/uploads\/2022\/10\/Sv.-Martin-724x1024.png 724w, https:\/\/www.tuseni.cz\/wp-content\/uploads\/2022\/10\/Sv.-Martin-212x300.png 212w, https:\/\/www.tuseni.cz\/wp-content\/uploads\/2022\/10\/Sv.-Martin-768x1087.png 768w, https:\/\/www.tuseni.cz\/wp-content\/uploads\/2022\/10\/Sv.-Martin-250x354.png 250w, https:\/\/www.tuseni.cz\/wp-content\/uploads\/2022\/10\/Sv.-Martin.png 1060w\" sizes=\"auto, (max-width: 724px) 100vw, 724px\" \/><\/a><\/figure>\n\n\n\n<figure class=\"wp-block-image size-large is-style-default\"><a href=\"https:\/\/www.tuseni.cz\/wp-content\/uploads\/2022\/10\/Hudebni-Plakat.png\"><img loading=\"lazy\" decoding=\"async\" width=\"724\" height=\"1024\" data-id=\"2828\" src=\"https:\/\/www.tuseni.cz\/wp-content\/uploads\/2022\/10\/Hudebni-Plakat-724x1024.png\" alt=\"\" class=\"wp-image-2828\" srcset=\"https:\/\/www.tuseni.cz\/wp-content\/uploads\/2022\/10\/Hudebni-Plakat-724x1024.png 724w, https:\/\/www.tuseni.cz\/wp-content\/uploads\/2022\/10\/Hudebni-Plakat-212x300.png 212w, https:\/\/www.tuseni.cz\/wp-content\/uploads\/2022\/10\/Hudebni-Plakat-768x1087.png 768w, https:\/\/www.tuseni.cz\/wp-content\/uploads\/2022\/10\/Hudebni-Plakat-250x354.png 250w, https:\/\/www.tuseni.cz\/wp-content\/uploads\/2022\/10\/Hudebni-Plakat.png 1060w\" sizes=\"auto, (max-width: 724px) 100vw, 724px\" \/><\/a><\/figure>\n<\/figure>\n\n\n\n<hr class=\"wp-block-separator has-css-opacity\"\/>\n\n\n\n<figure class=\"wp-block-gallery has-nested-images columns-default is-cropped wp-block-gallery-6 is-layout-flex wp-block-gallery-is-layout-flex\">\n<figure class=\"wp-block-image size-large is-style-default\"><a href=\"https:\/\/www.tuseni.cz\/wp-content\/uploads\/2022\/08\/Tuseni-krouzky-22-23-1.jpg\"><img loading=\"lazy\" decoding=\"async\" width=\"724\" height=\"1024\" data-id=\"2709\" src=\"https:\/\/www.tuseni.cz\/wp-content\/uploads\/2022\/08\/Tuseni-krouzky-22-23-1-724x1024.jpg\" alt=\"\" class=\"wp-image-2709\" srcset=\"https:\/\/www.tuseni.cz\/wp-content\/uploads\/2022\/08\/Tuseni-krouzky-22-23-1-724x1024.jpg 724w, https:\/\/www.tuseni.cz\/wp-content\/uploads\/2022\/08\/Tuseni-krouzky-22-23-1-212x300.jpg 212w, https:\/\/www.tuseni.cz\/wp-content\/uploads\/2022\/08\/Tuseni-krouzky-22-23-1-768x1087.jpg 768w, https:\/\/www.tuseni.cz\/wp-content\/uploads\/2022\/08\/Tuseni-krouzky-22-23-1-250x354.jpg 250w, https:\/\/www.tuseni.cz\/wp-content\/uploads\/2022\/08\/Tuseni-krouzky-22-23-1.jpg 1060w\" sizes=\"auto, (max-width: 724px) 100vw, 724px\" \/><\/a><\/figure>\n\n\n\n<figure class=\"wp-block-image size-large is-style-default\"><a href=\"https:\/\/www.tuseni.cz\/wp-content\/uploads\/2022\/08\/Ruzovy-Moderni-Akce-Oznameni-Plakat-1.jpg\"><img loading=\"lazy\" decoding=\"async\" width=\"724\" height=\"1024\" data-id=\"2708\" src=\"https:\/\/www.tuseni.cz\/wp-content\/uploads\/2022\/08\/Ruzovy-Moderni-Akce-Oznameni-Plakat-1-724x1024.jpg\" alt=\"\" class=\"wp-image-2708\" srcset=\"https:\/\/www.tuseni.cz\/wp-content\/uploads\/2022\/08\/Ruzovy-Moderni-Akce-Oznameni-Plakat-1-724x1024.jpg 724w, https:\/\/www.tuseni.cz\/wp-content\/uploads\/2022\/08\/Ruzovy-Moderni-Akce-Oznameni-Plakat-1-212x300.jpg 212w, https:\/\/www.tuseni.cz\/wp-content\/uploads\/2022\/08\/Ruzovy-Moderni-Akce-Oznameni-Plakat-1-768x1087.jpg 768w, https:\/\/www.tuseni.cz\/wp-content\/uploads\/2022\/08\/Ruzovy-Moderni-Akce-Oznameni-Plakat-1-250x354.jpg 250w, https:\/\/www.tuseni.cz\/wp-content\/uploads\/2022\/08\/Ruzovy-Moderni-Akce-Oznameni-Plakat-1.jpg 1060w\" sizes=\"auto, (max-width: 724px) 100vw, 724px\" \/><\/a><\/figure>\n<\/figure>\n<\/div><\/div>\n<\/div>\n<\/div>\n\n\n\n<div class=\"wp-block-group\"><div class=\"wp-block-group__inner-container is-layout-flow wp-block-group-is-layout-flow\">\n<div class=\"wp-block-columns is-layout-flex wp-container-core-columns-is-layout-9d6595d7 wp-block-columns-is-layout-flex\">\n<div class=\"wp-block-column is-layout-flow wp-block-column-is-layout-flow\" style=\"flex-basis:100%\">\n<div class=\"wp-block-columns is-layout-flex wp-container-core-columns-is-layout-9d6595d7 wp-block-columns-is-layout-flex\">\n<div class=\"wp-block-column is-layout-flow wp-block-column-is-layout-flow\" style=\"flex-basis:50%\">\n<figure class=\"wp-block-gallery has-nested-images columns-default is-cropped wp-block-gallery-7 is-layout-flex wp-block-gallery-is-layout-flex\">\n<figure class=\"wp-block-image size-large is-style-default\"><a href=\"https:\/\/www.tuseni.cz\/wp-content\/uploads\/2022\/07\/literarnedramatickadilna-1.jpg\"><img loading=\"lazy\" decoding=\"async\" width=\"724\" height=\"1024\" data-id=\"2692\" src=\"https:\/\/www.tuseni.cz\/wp-content\/uploads\/2022\/07\/literarnedramatickadilna-1-724x1024.jpg\" alt=\"\" class=\"wp-image-2692\" srcset=\"https:\/\/www.tuseni.cz\/wp-content\/uploads\/2022\/07\/literarnedramatickadilna-1-724x1024.jpg 724w, https:\/\/www.tuseni.cz\/wp-content\/uploads\/2022\/07\/literarnedramatickadilna-1-212x300.jpg 212w, https:\/\/www.tuseni.cz\/wp-content\/uploads\/2022\/07\/literarnedramatickadilna-1-768x1086.jpg 768w, https:\/\/www.tuseni.cz\/wp-content\/uploads\/2022\/07\/literarnedramatickadilna-1-1086x1536.jpg 1086w, https:\/\/www.tuseni.cz\/wp-content\/uploads\/2022\/07\/literarnedramatickadilna-1-250x353.jpg 250w, https:\/\/www.tuseni.cz\/wp-content\/uploads\/2022\/07\/literarnedramatickadilna-1.jpg 1131w\" sizes=\"auto, (max-width: 724px) 100vw, 724px\" \/><\/a><\/figure>\n<\/figure>\n<\/div>\n\n\n\n<div class=\"wp-block-column is-layout-flow wp-block-column-is-layout-flow\" style=\"flex-basis:50%\">\n<figure class=\"wp-block-image size-large is-style-default\"><a href=\"https:\/\/www.tuseni.cz\/wp-content\/uploads\/2022\/07\/hudebnetvorivadilna_fin.jpg\"><img loading=\"lazy\" decoding=\"async\" width=\"724\" height=\"1024\" src=\"https:\/\/www.tuseni.cz\/wp-content\/uploads\/2022\/07\/hudebnetvorivadilna_fin-724x1024.jpg\" alt=\"\" class=\"wp-image-2691\" srcset=\"https:\/\/www.tuseni.cz\/wp-content\/uploads\/2022\/07\/hudebnetvorivadilna_fin-724x1024.jpg 724w, https:\/\/www.tuseni.cz\/wp-content\/uploads\/2022\/07\/hudebnetvorivadilna_fin-212x300.jpg 212w, https:\/\/www.tuseni.cz\/wp-content\/uploads\/2022\/07\/hudebnetvorivadilna_fin-768x1086.jpg 768w, https:\/\/www.tuseni.cz\/wp-content\/uploads\/2022\/07\/hudebnetvorivadilna_fin-1086x1536.jpg 1086w, https:\/\/www.tuseni.cz\/wp-content\/uploads\/2022\/07\/hudebnetvorivadilna_fin-250x353.jpg 250w, https:\/\/www.tuseni.cz\/wp-content\/uploads\/2022\/07\/hudebnetvorivadilna_fin.jpg 1131w\" sizes=\"auto, (max-width: 724px) 100vw, 724px\" \/><\/a><\/figure>\n<\/div>\n<\/div>\n<\/div>\n<\/div>\n<\/div><\/div>\n\n\n\n<hr class=\"wp-block-separator has-css-opacity\"\/>\n\n\n\n<figure class=\"wp-block-image size-large is-style-default\"><a href=\"https:\/\/www.tuseni.cz\/wp-content\/uploads\/2022\/07\/23.png\"><img loading=\"lazy\" decoding=\"async\" width=\"724\" height=\"1024\" src=\"https:\/\/www.tuseni.cz\/wp-content\/uploads\/2022\/07\/23-724x1024.png\" alt=\"\" class=\"wp-image-2674\" srcset=\"https:\/\/www.tuseni.cz\/wp-content\/uploads\/2022\/07\/23-724x1024.png 724w, https:\/\/www.tuseni.cz\/wp-content\/uploads\/2022\/07\/23-212x300.png 212w, https:\/\/www.tuseni.cz\/wp-content\/uploads\/2022\/07\/23-768x1087.png 768w, https:\/\/www.tuseni.cz\/wp-content\/uploads\/2022\/07\/23-250x354.png 250w, https:\/\/www.tuseni.cz\/wp-content\/uploads\/2022\/07\/23.png 1060w\" sizes=\"auto, (max-width: 724px) 100vw, 724px\" \/><\/a><\/figure>\n\n\n\n<figure class=\"wp-block-embed is-type-video is-provider-youtube wp-block-embed-youtube wp-embed-aspect-16-9 wp-has-aspect-ratio\"><div class=\"wp-block-embed__wrapper\">\n<iframe loading=\"lazy\" title=\"Tu\u0161en\u00ed Halali, Borci, L\u00e9tavice\" width=\"500\" height=\"281\" src=\"https:\/\/www.youtube.com\/embed\/d9YZhwVoat0?feature=oembed\" frameborder=\"0\" allow=\"accelerometer; autoplay; clipboard-write; encrypted-media; gyroscope; picture-in-picture; web-share\" referrerpolicy=\"strict-origin-when-cross-origin\" allowfullscreen><\/iframe>\n<\/div><\/figure>\n\n\n\n<hr class=\"wp-block-separator has-css-opacity\"\/>","protected":false},"excerpt":{"rendered":"","protected":false},"author":1,"featured_media":0,"parent":0,"menu_order":0,"comment_status":"closed","ping_status":"closed","template":"main.php","meta":{"footnotes":""},"class_list":["post-3092","page","type-page","status-publish","hentry"],"_links":{"self":[{"href":"https:\/\/www.tuseni.cz\/index.php\/wp-json\/wp\/v2\/pages\/3092","targetHints":{"allow":["GET"]}}],"collection":[{"href":"https:\/\/www.tuseni.cz\/index.php\/wp-json\/wp\/v2\/pages"}],"about":[{"href":"https:\/\/www.tuseni.cz\/index.php\/wp-json\/wp\/v2\/types\/page"}],"author":[{"embeddable":true,"href":"https:\/\/www.tuseni.cz\/index.php\/wp-json\/wp\/v2\/users\/1"}],"replies":[{"embeddable":true,"href":"https:\/\/www.tuseni.cz\/index.php\/wp-json\/wp\/v2\/comments?post=3092"}],"version-history":[{"count":1,"href":"https:\/\/www.tuseni.cz\/index.php\/wp-json\/wp\/v2\/pages\/3092\/revisions"}],"predecessor-version":[{"id":3093,"href":"https:\/\/www.tuseni.cz\/index.php\/wp-json\/wp\/v2\/pages\/3092\/revisions\/3093"}],"wp:attachment":[{"href":"https:\/\/www.tuseni.cz\/index.php\/wp-json\/wp\/v2\/media?parent=3092"}],"curies":[{"name":"wp","href":"https:\/\/api.w.org\/{rel}","templated":true}]}}