
{"id":31,"date":"2015-11-02T07:25:00","date_gmt":"2015-11-02T06:25:00","guid":{"rendered":"http:\/\/www.tuseni.cz\/?page_id=31"},"modified":"2016-08-25T11:52:03","modified_gmt":"2016-08-25T10:52:03","slug":"soubory","status":"publish","type":"page","link":"https:\/\/www.tuseni.cz\/index.php\/soubory\/","title":{"rendered":"Um\u011bleck\u00e9 soubory"},"content":{"rendered":"<h3 class=\"zluta\">D\u011btsk\u00fd sbor <strong>La Folia<\/strong><\/h3>\n<p style=\"text-align: justify;\">byl zalo\u017een v&nbsp;roce 2011, od t\u00e9 doby pravideln\u011b koncertuje p\u0159ev\u00e1\u017en\u011b na sv\u00e9 domovsk\u00e9 sc\u00e9n\u011b v&nbsp;kostele sv. V\u00edta v&nbsp;Tuchom\u011b\u0159ic\u00edch. D\u011bti zp\u00edvaj\u00ed p\u00edsn\u011b lidov\u00e9 i&nbsp;um\u011bl\u00e9, hraj\u00ed na nejr\u016fzn\u011bj\u0161\u00ed hudebn\u00ed (d\u0159\u00edvka, \u010dinelky, xylofon, triangl, buben) i&nbsp;nehudebn\u00ed (kanystry. Igelit, jo-jo, hus\u00ed krky, pokli\u010dky..) n\u00e1stroje. Ka\u017ed\u00fd koncert je doprov\u00e1zen profesion\u00e1ln\u00edmi hudebn\u00edky v&nbsp;n\u011bjak\u00e9m komorn\u00edm uskupen\u00ed (fl\u00e9tna, klarinet, housle, viola, violoncello, akordeon, cimb\u00e1l).<\/p>\n<p>Sbor vydal CD z\u00e1znam z&nbsp;\u017eiv\u00e9ho koncertu 15.&nbsp;6.&nbsp;2014<\/p>\n<p>CD \u2013 La Folia live<\/p>\n<p>Letos se soust\u0159ed\u00ed na nacvi\u010den\u00ed d\u011btsk\u00e9 opery Romance, kter\u00e1 bude m\u00edt premi\u00e9ru 15.&nbsp;6.&nbsp;2016<\/p>\n<p><a href=\"http:\/\/www.tuseni.cz\/index.php\/ke-stazeni\/\">ke sta\u017een\u00ed \u2013 texty, noty, mp3<\/a><\/p>\n<h3 class=\"zluta\">Sm\u00ed\u0161en\u00fd sbor <strong>La Folia<\/strong><\/h3>\n<p style=\"text-align: justify;\">zalo\u017een 2013. Reperto\u00e1r tohoto amat\u00e9rsk\u00e9ho hudebn\u00edho t\u011blesa sah\u00e1 od vok\u00e1ln\u00ed polyfonie renesance, p\u0159es hudbu baroka, k&nbsp;\u00faprav\u00e1m lidov\u00fdch p\u00edsn\u00ed a\u017e k&nbsp;hit\u016fm Beatles a&nbsp;africk\u00fdm spiritu\u00e1l\u016fm. Mu\u017esk\u00e1 \u010d\u00e1st sboru nazp\u00edvala vok\u00e1ly na albu Gaia p\u00edsni\u010dk\u00e1\u0159ky Rad\u016fzy. Se sv\u00fdm programem pravideln\u011b vystupuje p\u0159edev\u0161\u00edm v&nbsp;kostel\u00edch po vlastech \u010desk\u00fdch (Kopanina, Panensk\u00fd t\u00fdnec, Neratov) Aktivn\u011b se \u00fa\u010dastn\u00ed d\u011bn\u00ed v&nbsp;obci.<\/p>\n<p>Sbor vydal CD z\u00e1znam z&nbsp;\u017eiv\u00e9ho koncertu 15.&nbsp;6.&nbsp;2014<\/p>\n<p>CD La Folia Live<\/p>\n<p><a href=\"http:\/\/www.tuseni.cz\/index.php\/ke-stazeni\/\">ke sta\u017een\u00ed \u2013 noty, mp3<\/a><\/p>\n<h3 class=\"zluta\">Hudebn\u00ed skupina <strong>MAHA<\/strong><\/h3>\n<p>t\u011bleso hraj\u00edc\u00ed, zp\u00edvaj\u00edc\u00ed a&nbsp;improvizuj\u00edc\u00ed v&nbsp;obsazen\u00ed 2 marimb, cimb\u00e1lu, kytary, akordeonu, perkus\u00ed.<\/p>\n<p>World &#8211; music osciluj\u00edc\u00ed mezi\u00a0soulem &#8211; folkem &#8211; minimalismem, zvukov\u00fdm experimentem, \u0159\u00edzenou i&nbsp;nez\u0159\u00edzenou improvizac\u00ed. Kapela hledaj\u00edc\u00ed spojen\u00ed mezi kontinenty i&nbsp;n\u00e1stroji. Reperto\u00e1r zahrnuje\u00a0\u00a0autorskou tvorbu \u010dlen\u016f kapely zejm\u00e9na Anjani Mahabir a\u00a0p\u00edsn\u011b inspirovan\u00e9 afrikou.<\/p>\n<p><strong>Anjani <\/strong><strong>Mahabir<\/strong> &#8211;\u00a0zp\u011bv, kytara, marimby, perkuse,\u00a0<strong>Jana V\u00f6r\u00f6\u0161ov\u00e1\u00a0<\/strong>&#8211; zp\u011bv, akordeon, cimb\u00e1l,\u00a0<strong>Filip Drsek<\/strong> &#8211; marimby, perkuse, zp\u011bv, <strong>David Fencl<\/strong>\u00a0&#8211; perkuse, zp\u011bv.<\/p>\n<p>uk\u00e1zky na <a href=\"http:\/\/bandzone.cz\/_92317\">BandZone.cz<\/a>.<\/p>\n<h3 class=\"zluta\">Hudebn\u011b hereck\u00e9 duo <strong>DUENDE <\/strong><\/h3>\n<p style=\"text-align: justify;\">Here\u010dka Andrea Mare\u010dkov\u00e1, skladatelka Jana V\u00f6r\u00f6\u0161ov\u00e1 &#8211; duo tvo\u0159\u00edc\u00ed autorsk\u00e1 p\u0159edstaven\u00ed. 2 \u017eeny, kter\u00e9 se potkaly a&nbsp;bav\u00ed je spolu \u010d\u00edst, hr\u00e1t, ps\u00e1t, naslouchat, zp\u00edvat o&nbsp;v\u011bcech, kter\u00e9 je zaj\u00edmaj\u00ed, mo\u017en\u00e1 budou zaj\u00edmat i&nbsp;v\u00e1s. Chystan\u00e1 p\u0159edstaven\u00ed: <strong>Putov\u00e1n\u00ed za sn\u011bhem<\/strong> \u2013 hudebn\u00ed poh\u00e1dka pro d\u011bti do 10 let. Interaktivn\u00ed p\u0159edstaven\u00ed, kter\u00e9 je postaveno na zvukov\u00e9m experimentu. D\u011bti se hravou formou sezn\u00e1m\u00ed se z\u00e1konitostmi podstaty hudby. Nen\u00e1siln\u011b si osvoj\u00ed pr\u00e1ci s&nbsp;dynamikou, tempov\u00fdmi zm\u011bnami a&nbsp;n\u00e1vaznostmi, struktur\u00e1ln\u00edmi a&nbsp;form\u00e1ln\u00edmi jevy. D\u016fle\u017eitou sou\u010d\u00e1st\u00ed p\u0159edstaven\u00ed jsou 4 hudebn\u00ed zastaven\u00ed, kdy se samotn\u00fd p\u0159\u00edb\u011bh p\u0159eru\u0161\u00ed a&nbsp;d\u011bti pod veden\u00edm samy tvo\u0159\u00ed zvukov\u00fd doprovod.<\/p>\n<p style=\"text-align: justify;\"><strong>Madame Pippich a&nbsp;Charles Burney<\/strong> \u2013 divadeln\u00ed rozhovor p\u0159ekladatelky a&nbsp;hudebn\u00edho cestovatele v&nbsp;18.&nbsp;v\u011bku. P\u0159\u00edb\u011bh, kter\u00fd nahl\u00ed\u017e\u00ed do slo\u017eit\u00e9 mapy d\u011bjin hudby a&nbsp;pokou\u0161\u00ed se upozornit na n\u011bkter\u00e9 paralely, vysv\u011btlit z\u00e1hady hudebn\u00ed teorie a&nbsp;d\u011btem p\u0159ibl\u00ed\u017eit jak to asi bylo nebo mohlo b\u00fdt s&nbsp;velik\u00e1ny evropsk\u00e9 hudby.<\/p>","protected":false},"excerpt":{"rendered":"<p>D\u011btsk\u00fd sbor La Folia byl zalo\u017een v&nbsp;roce 2011, od t\u00e9 doby pravideln\u011b koncertuje p\u0159ev\u00e1\u017en\u011b na sv\u00e9 domovsk\u00e9 sc\u00e9n\u011b v&nbsp;kostele sv. V\u00edta v&nbsp;Tuchom\u011b\u0159ic\u00edch. D\u011bti zp\u00edvaj\u00ed p\u00edsn\u011b lidov\u00e9 i&nbsp;um\u011bl\u00e9, hraj\u00ed na nejr\u016fzn\u011bj\u0161\u00ed hudebn\u00ed (d\u0159\u00edvka, \u010dinelky, xylofon, triangl, buben) i&nbsp;nehudebn\u00ed (kanystry. Igelit, jo-jo, hus\u00ed krky, pokli\u010dky..) n\u00e1stroje. Ka\u017ed\u00fd koncert je doprov\u00e1zen profesion\u00e1ln\u00edmi hudebn\u00edky v&nbsp;n\u011bjak\u00e9m komorn\u00edm uskupen\u00ed (fl\u00e9tna, klarinet, [&hellip;]<\/p>","protected":false},"author":1,"featured_media":0,"parent":0,"menu_order":0,"comment_status":"open","ping_status":"open","template":"main.php","meta":{"footnotes":""},"class_list":["post-31","page","type-page","status-publish","hentry"],"_links":{"self":[{"href":"https:\/\/www.tuseni.cz\/index.php\/wp-json\/wp\/v2\/pages\/31","targetHints":{"allow":["GET"]}}],"collection":[{"href":"https:\/\/www.tuseni.cz\/index.php\/wp-json\/wp\/v2\/pages"}],"about":[{"href":"https:\/\/www.tuseni.cz\/index.php\/wp-json\/wp\/v2\/types\/page"}],"author":[{"embeddable":true,"href":"https:\/\/www.tuseni.cz\/index.php\/wp-json\/wp\/v2\/users\/1"}],"replies":[{"embeddable":true,"href":"https:\/\/www.tuseni.cz\/index.php\/wp-json\/wp\/v2\/comments?post=31"}],"version-history":[{"count":8,"href":"https:\/\/www.tuseni.cz\/index.php\/wp-json\/wp\/v2\/pages\/31\/revisions"}],"predecessor-version":[{"id":366,"href":"https:\/\/www.tuseni.cz\/index.php\/wp-json\/wp\/v2\/pages\/31\/revisions\/366"}],"wp:attachment":[{"href":"https:\/\/www.tuseni.cz\/index.php\/wp-json\/wp\/v2\/media?parent=31"}],"curies":[{"name":"wp","href":"https:\/\/api.w.org\/{rel}","templated":true}]}}