
{"id":3131,"date":"2025-08-13T18:10:07","date_gmt":"2025-08-13T17:10:07","guid":{"rendered":"https:\/\/www.tuseni.cz\/?page_id=3131"},"modified":"2025-08-13T18:10:07","modified_gmt":"2025-08-13T17:10:07","slug":"dagmar-plotena","status":"publish","type":"page","link":"https:\/\/www.tuseni.cz\/index.php\/lektori\/dagmar-plotena\/","title":{"rendered":"Dagmar Plot\u011bn\u00e1"},"content":{"rendered":"<p><br>Vystudovala Univerzitu Karlovu v&nbsp;Praze, pot\u00e9 pracovala jako mana\u017eerka vzd\u011bl\u00e1vac\u00edch aktivit. B\u011bhem mate\u0159sk\u00e9 p\u0159ilnula nejen k&nbsp;fotografov\u00e1n\u00ed, ale p\u0159edev\u0161\u00edm k&nbsp;pr\u00e1ci s&nbsp;batol\u00e1tky a&nbsp;maminkami &#8211; n\u011bkolik let provozovala hrav\u00fd krou\u017eek Statenick\u00e9 Zp\u00edv\u00e1nky a&nbsp;tak\u00e9 organizovala akce pro d\u011bti. Je maminkou dvou b\u00e1je\u010dn\u00fdch d\u011bt\u00ed a&nbsp;u\u017e tak\u00e9 zp\u011bt v&nbsp;pracovn\u00edm procesu&#8230; R\u00e1da zp\u00edv\u00e1 a&nbsp;hraje a&nbsp;p\u0159ed\u00e1v\u00e1 sv\u00e9 dovednosti.<\/p>","protected":false},"excerpt":{"rendered":"<p>Vystudovala Univerzitu Karlovu v&nbsp;Praze, pot\u00e9 pracovala jako mana\u017eerka vzd\u011bl\u00e1vac\u00edch aktivit. B\u011bhem mate\u0159sk\u00e9 p\u0159ilnula nejen k&nbsp;fotografov\u00e1n\u00ed, ale p\u0159edev\u0161\u00edm k&nbsp;pr\u00e1ci s&nbsp;batol\u00e1tky a&nbsp;maminkami &#8211; n\u011bkolik let provozovala hrav\u00fd krou\u017eek Statenick\u00e9 Zp\u00edv\u00e1nky a&nbsp;tak\u00e9 organizovala akce pro d\u011bti. Je maminkou dvou b\u00e1je\u010dn\u00fdch d\u011bt\u00ed a&nbsp;u\u017e tak\u00e9 zp\u011bt v&nbsp;pracovn\u00edm procesu&#8230; R\u00e1da zp\u00edv\u00e1 a&nbsp;hraje a&nbsp;p\u0159ed\u00e1v\u00e1 sv\u00e9 dovednosti.<\/p>","protected":false},"author":1,"featured_media":0,"parent":27,"menu_order":0,"comment_status":"closed","ping_status":"closed","template":"main.php","meta":{"footnotes":""},"class_list":["post-3131","page","type-page","status-publish","hentry"],"_links":{"self":[{"href":"https:\/\/www.tuseni.cz\/index.php\/wp-json\/wp\/v2\/pages\/3131","targetHints":{"allow":["GET"]}}],"collection":[{"href":"https:\/\/www.tuseni.cz\/index.php\/wp-json\/wp\/v2\/pages"}],"about":[{"href":"https:\/\/www.tuseni.cz\/index.php\/wp-json\/wp\/v2\/types\/page"}],"author":[{"embeddable":true,"href":"https:\/\/www.tuseni.cz\/index.php\/wp-json\/wp\/v2\/users\/1"}],"replies":[{"embeddable":true,"href":"https:\/\/www.tuseni.cz\/index.php\/wp-json\/wp\/v2\/comments?post=3131"}],"version-history":[{"count":1,"href":"https:\/\/www.tuseni.cz\/index.php\/wp-json\/wp\/v2\/pages\/3131\/revisions"}],"predecessor-version":[{"id":3132,"href":"https:\/\/www.tuseni.cz\/index.php\/wp-json\/wp\/v2\/pages\/3131\/revisions\/3132"}],"up":[{"embeddable":true,"href":"https:\/\/www.tuseni.cz\/index.php\/wp-json\/wp\/v2\/pages\/27"}],"wp:attachment":[{"href":"https:\/\/www.tuseni.cz\/index.php\/wp-json\/wp\/v2\/media?parent=3131"}],"curies":[{"name":"wp","href":"https:\/\/api.w.org\/{rel}","templated":true}]}}