
{"id":479,"date":"2016-11-06T09:43:12","date_gmt":"2016-11-06T08:43:12","guid":{"rendered":"http:\/\/www.tuseni.cz\/?page_id=479"},"modified":"2016-11-06T10:13:15","modified_gmt":"2016-11-06T09:13:15","slug":"marie-vankova","status":"publish","type":"page","link":"https:\/\/www.tuseni.cz\/index.php\/lektori\/marie-vankova\/","title":{"rendered":"Marie Va\u0148kov\u00e1"},"content":{"rendered":"<p><strong><a href=\"http:\/\/www.tuseni.cz\/wp-content\/uploads\/2016\/11\/marie-vankova.png\"><img loading=\"lazy\" decoding=\"async\" class=\"alignright wp-image-480 size-medium\" src=\"http:\/\/www.tuseni.cz\/wp-content\/uploads\/2016\/11\/marie-vankova-261x300.png\" alt=\"marie-vankova\" width=\"261\" height=\"300\" srcset=\"https:\/\/www.tuseni.cz\/wp-content\/uploads\/2016\/11\/marie-vankova-261x300.png 261w, https:\/\/www.tuseni.cz\/wp-content\/uploads\/2016\/11\/marie-vankova-768x882.png 768w, https:\/\/www.tuseni.cz\/wp-content\/uploads\/2016\/11\/marie-vankova-891x1024.png 891w, https:\/\/www.tuseni.cz\/wp-content\/uploads\/2016\/11\/marie-vankova-250x287.png 250w, https:\/\/www.tuseni.cz\/wp-content\/uploads\/2016\/11\/marie-vankova.png 1055w\" sizes=\"auto, (max-width: 261px) 100vw, 261px\" \/><\/a>Osobn\u00ed \u00fadaje<\/strong><\/p>\n<ul>\n<li>Jm\u00e9no:\u00a0Marie Va\u0148kov\u00e1<\/li>\n<li>Datum narozen\u00ed:\u00a016.&nbsp;6.&nbsp;1995<\/li>\n<li>Adresa:\u00a0\u0160tudlov 163, 756&nbsp;12 Horn\u00ed Lide\u010d,<br \/>\nokres Vset\u00edn, \u010cesk\u00e1 republika<\/li>\n<li>Tel \u010d.:\u00a0+420&nbsp;733\u00a0220&nbsp;753<\/li>\n<li>E-mail:\u00a0miavan@seznam.cz<\/li>\n<\/ul>\n<p><strong>Vzd\u011bl\u00e1n\u00ed<\/strong><\/p>\n<ul>\n<li>2010-2012 Gymn\u00e1zium Vala\u0161sk\u00e9 Klobouky<\/li>\n<li>2012-2016 Konzervato\u0159 P.J.V. Krom\u011b\u0159\u00ed\u017e,<br \/>\nobor housle, maturitn\u00ed zkou\u0161ka<\/li>\n<li>2016 Konzervato\u0159 J. Je\u017eka Praha, obor housle se zam\u011b\u0159en\u00edm na Jazz<\/li>\n<\/ul>\n<p><strong>Pracovn\u00ed zku\u0161enosti<\/strong><\/p>\n<ul>\n<li>Soukrom\u00e1 v\u00fduka kytary, housl\u00ed a&nbsp;zp\u011bvu (naucim.cz)<\/li>\n<li>Veden\u00ed d\u011btsk\u00e9ho sboru<\/li>\n<li>Veden\u00ed tane\u010dn\u00edho krou\u017eku<\/li>\n<li>Veden\u00ed t\u00e1bor\u016f (8-15 let, 16-18 let, t\u00e1borov\u00e9 st\u0159edisko Archa Rajnochovice)<\/li>\n<\/ul>\n<p><strong>Dal\u0161\u00ed z\u00e1jmy<\/strong><\/p>\n<p>Hudba obecn\u011b (veden\u00ed soubor\u016f, hra na housle, kytaru, klav\u00edr, atd..), jak\u00e1koliv jin\u00e1 kreativn\u00ed \u010dinnost (malov\u00e1n\u00ed, ru\u010dn\u00ed pr\u00e1ce, tvo\u0159en\u00ed, va\u0159en\u00ed), pr\u00e1ce s\u00a0d\u011btmi.<\/p>","protected":false},"excerpt":{"rendered":"<p>Osobn\u00ed \u00fadaje Jm\u00e9no:\u00a0Marie Va\u0148kov\u00e1 Datum narozen\u00ed:\u00a016.&nbsp;6.&nbsp;1995 Adresa:\u00a0\u0160tudlov 163, 756&nbsp;12 Horn\u00ed Lide\u010d, okres Vset\u00edn, \u010cesk\u00e1 republika Tel \u010d.:\u00a0+420&nbsp;733\u00a0220&nbsp;753 E-mail:\u00a0miavan@seznam.cz Vzd\u011bl\u00e1n\u00ed 2010-2012 Gymn\u00e1zium Vala\u0161sk\u00e9 Klobouky 2012-2016 Konzervato\u0159 P.J.V. Krom\u011b\u0159\u00ed\u017e, obor housle, maturitn\u00ed zkou\u0161ka 2016 Konzervato\u0159 J. Je\u017eka Praha, obor housle se zam\u011b\u0159en\u00edm na Jazz Pracovn\u00ed zku\u0161enosti Soukrom\u00e1 v\u00fduka kytary, housl\u00ed a&nbsp;zp\u011bvu (naucim.cz) Veden\u00ed d\u011btsk\u00e9ho sboru Veden\u00ed tane\u010dn\u00edho [&hellip;]<\/p>","protected":false},"author":1,"featured_media":0,"parent":27,"menu_order":0,"comment_status":"closed","ping_status":"closed","template":"main.php","meta":{"footnotes":""},"class_list":["post-479","page","type-page","status-publish","hentry"],"_links":{"self":[{"href":"https:\/\/www.tuseni.cz\/index.php\/wp-json\/wp\/v2\/pages\/479","targetHints":{"allow":["GET"]}}],"collection":[{"href":"https:\/\/www.tuseni.cz\/index.php\/wp-json\/wp\/v2\/pages"}],"about":[{"href":"https:\/\/www.tuseni.cz\/index.php\/wp-json\/wp\/v2\/types\/page"}],"author":[{"embeddable":true,"href":"https:\/\/www.tuseni.cz\/index.php\/wp-json\/wp\/v2\/users\/1"}],"replies":[{"embeddable":true,"href":"https:\/\/www.tuseni.cz\/index.php\/wp-json\/wp\/v2\/comments?post=479"}],"version-history":[{"count":4,"href":"https:\/\/www.tuseni.cz\/index.php\/wp-json\/wp\/v2\/pages\/479\/revisions"}],"predecessor-version":[{"id":484,"href":"https:\/\/www.tuseni.cz\/index.php\/wp-json\/wp\/v2\/pages\/479\/revisions\/484"}],"up":[{"embeddable":true,"href":"https:\/\/www.tuseni.cz\/index.php\/wp-json\/wp\/v2\/pages\/27"}],"wp:attachment":[{"href":"https:\/\/www.tuseni.cz\/index.php\/wp-json\/wp\/v2\/media?parent=479"}],"curies":[{"name":"wp","href":"https:\/\/api.w.org\/{rel}","templated":true}]}}